{"id":14663,"date":"2022-08-25T19:31:42","date_gmt":"2022-08-25T19:31:42","guid":{"rendered":"https:\/\/vatgas.hemsida.eu?page_id=14663"},"modified":"2025-11-20T11:12:02","modified_gmt":"2025-11-20T11:12:02","slug":"medlemsinfo","status":"publish","type":"page","link":"https:\/\/iwdev.se\/vatgas\/medlemsinfo\/","title":{"rendered":"V\u00e4lkommen till V\u00e4tgas Sverige"},"content":{"rendered":"\n<h2 class=\"wp-block-heading\" id=\"h-medlemsaktiviteter\">Medlemsaktiviteter <\/h2>\n\n\n\n<h3 class=\"wp-block-heading\" id=\"h-hydrogen-hour-varen-2026\">Hydrogen Hour &#8211; v\u00e5ren 2026 <\/h3>\n\n\n\n<p><a href=\"https:\/\/iwdev.se\/vatgas\/medlemsinfo\/hydrogen-hour\/\">Se tidigare inspelningar<\/a><\/p>\n\n\n\n<ul class=\"wp-block-list\">\n<li>Torsdag 22 januari<\/li>\n\n\n\n<li>Torsdag 12 mars<\/li>\n\n\n\n<li>Torsdag23 april<\/li>\n\n\n\n<li>Torsdag 11 juni<\/li>\n<\/ul>\n\n\n\n<h3 class=\"wp-block-heading\" id=\"h-traffa-oss-i-host\">Tr\u00e4ffa oss i h\u00f6st<\/h3>\n\n\n\n<p>Vi bjuder in till medlemsluncher och n\u00e4tverksmingel \u2013 avslappnade tr\u00e4ffar d\u00e4r du kan utbyta id\u00e9er, diskutera utmaningar och prata v\u00e4tgas med oss och andra medlemmar i din region.<\/p>\n\n\n\n<p><strong>3 december &#8211; G\u00e4vle<\/strong><\/p>\n\n\n\n<p><strong>Datum<\/strong>: onsdag 3 december<br><strong>Tid<\/strong>: Vi tr\u00e4ffas ca 10.30 och avslutar med lunch ca 12.30<br><strong>Plats<\/strong>: Grands Veranda &#8211; Elite Grand Hotel<br>Kyrkogatan 28, 803 11, G\u00e4vle<\/p>\n\n\n\n<p>I G\u00e4vle samlar V\u00e4tgas Sverige i samarbete med Region G\u00e4vleborg akt\u00f6rer fr\u00e5n hela v\u00e4rdekedjan f\u00f6r en&nbsp;<strong>medlems- och n\u00e4tverkstr\u00e4ff med tema v\u00e4tgas, elektrifiering och regional utveckling<\/strong>.<\/p>\n\n\n\n<p>Ta del av en uppdatering om den snabba utvecklingen inom v\u00e4tgas och Power2X, aktuella satsningar i G\u00e4vleborg samt hur<a href=\"https:\/\/www.regiongavleborg.se\/samverkanswebben\/regional-utveckling\/energi-och-klimat\/elkraftsforsorjning\/\">&nbsp;Arena Elkraft \u2013 Region G\u00e4vleborg<\/a>&nbsp;och&nbsp;<a href=\"https:\/\/www.regiongavleborg.se\/samverkanswebben\/regional-utveckling\/energi-och-klimat\/mid-sweden-hydrogen-valley\/\">Mid Sweden Hydrogen Valley&nbsp;<\/a>driver utveckling inom den h\u00e5llbara omst\u00e4llningen.<\/p>\n\n\n\n<p><a href=\"https:\/\/iwdev.se\/vatgas\/events\/valkommen-pa-lunch-2\/\">L\u00e4s mer och anm\u00e4l dig h\u00e4r<\/a><\/p>\n\n\n\n<p><strong>December &#8211; Stockholm<\/strong><\/p>\n\n\n\n<p><strong>Datum<\/strong>: 9 december \u2013 dagen innan V\u00e4tgaskonferensen <br><strong>Tid:<\/strong> 16.00 &#8211; 19.00<br><strong>Plats<\/strong>: Lhyfe Sweden<br>C\/O The Works Sverige,<br>Klarabergsgatan 60<br>111 21 Stockholm<\/p>\n\n\n\n<p><a href=\"https:\/\/forms.office.com\/e\/tcTLK5GEps?origin=lprLink\" target=\"_blank\" rel=\"noreferrer noopener\">Anm\u00e4l dig till n\u00e4tverksminglet h\u00e4r<\/a><\/p>\n\n\n\n<p><\/p>\n\n\n\n<h2 class=\"wp-block-heading\" id=\"h-introduktionsmoten\">Introduktionsm\u00f6ten<\/h2>\n\n\n\n<p><strong>Inneh\u00e5llet i introduktionen ger dig m\u00f6jlighet att:<\/strong> <br>&#8211; Uppt\u00e4cka hur V\u00e4tgas Sverige arbetar f\u00f6r att st\u00e4rka branschen och driva p\u00e5 omst\u00e4llningen<br>&#8211; Ta del av projekt och p\u00e5verkansarbete som formar framtidens energisystem<br>&#8211; Bygga v\u00e4rdefulla kontakter genom samarbeten och n\u00e4tverk i Sverige, EU och internationellt<br>&#8211; F\u00e5 en tydlig \u00f6verblick av medlemskapet och dess f\u00f6rm\u00e5ner<\/p>\n\n\n\n<p>Vi v\u00e4lkomnar b\u00e5de nya och befintliga medlemmar som vill fr\u00e4scha upp kunskapen om vad vi g\u00f6r och vad medlemskapet inneb\u00e4r. Det finns \u00e4ven gott om utrymme att st\u00e4lla fr\u00e5gor och diskutera hur just ni kan f\u00e5 ut mesta m\u00f6jliga av ert medlemskap.<\/p>\n\n\n\n<p><strong>H\u00f6stens datum<\/strong><br>tisdag 2 december 09.00 &#8211; 09.45<\/p>\n\n\n\n<p><a href=\"https:\/\/forms.office.com\/e\/YB5iygFw9H?origin=lprLink\">Anm\u00e4l dig h\u00e4r <\/a><\/p>\n\n\n\n<h2 class=\"wp-block-heading\" id=\"h-remisser\">Remisser<\/h2>\n\n\n\n<p>L\u00e4s v\u00e5rt utkast f\u00f6r <strong>Remissvar p\u00e5 Moderniserad beskattning av gaser<\/strong><\/p>\n\n\n\n<div class=\"wp-block-file\"><a id=\"wp-block-file--media-b6153bfd-cffa-4141-aaf0-32db9e663250\" href=\"https:\/\/iwdev.se\/vatgas\/medlemsinfo\/draft-remissvar_finansdepartementet_fi2025_00297_moderniserad-beskattning-av-gaser\/\" target=\"_blank\" rel=\"noreferrer noopener\">DRAFT remissvar_Finansdepartementet_Fi2025_00297_Moderniserad beskattning av gaser<\/a><a href=\"https:\/\/iwdev.se\/vatgas\/wp-content\/uploads\/2025\/03\/DRAFT-remissvar_Finansdepartementet_Fi2025_00297_Moderniserad-beskattning-av-gaser.docx\" class=\"wp-block-file__button wp-element-button\" download aria-describedby=\"wp-block-file--media-b6153bfd-cffa-4141-aaf0-32db9e663250\">Ladda ner<\/a><\/div>\n\n\n\n<h2 class=\"wp-block-heading\" id=\"h-kontakta-oss\">Kontakta oss <\/h2>\n\n\n\n<p>Har du fr\u00e5gor om ert medlemskap, vill du presentera p\u00e5 Hydrogen Hour eller har andra fr\u00e5gor \u00e4r du v\u00e4lkommen att kontakta oss.<\/p>\n\n\n\n<div class=\"wp-block-buttons is-layout-flex wp-block-buttons-is-layout-flex\">\n<div class=\"wp-block-button\"><a class=\"wp-block-button__link wp-element-button\" href=\"mailto:eva.corell@vatgas.se\" target=\"_blank\" rel=\"noreferrer noopener\">Kontakta medlemsansvarig<\/a><\/div>\n<\/div>\n\n\n\n<div style=\"height:38px\" aria-hidden=\"true\" class=\"wp-block-spacer\"><\/div>\n\n\n\n<div class=\"wp-block-buttons is-layout-flex wp-block-buttons-is-layout-flex\">\n<div class=\"wp-block-button\"><a class=\"wp-block-button__link has-background wp-element-button\" href=\"https:\/\/iwdev.se\/vatgas\/wp-content\/uploads\/2024\/09\/Stadgar-Vatgas-Sverige-reviderade-vid-arsmote-230526.pdf\" style=\"background-color:#e9704f\">V\u00e4tgas Sveriges stadgar<\/a><\/div>\n<\/div>\n\n\n\n<div style=\"height:41px\" aria-hidden=\"true\" class=\"wp-block-spacer\"><\/div>\n\n\n\n<p><\/p>\n","protected":false},"excerpt":{"rendered":"<p>Medlemsaktiviteter Hydrogen Hour &#8211; v\u00e5ren 2026 Se tidigare inspelningar Tr\u00e4ffa oss i h\u00f6st Vi bjuder in till medlemsluncher och n\u00e4tverksmingel \u2013 avslappnade tr\u00e4ffar d\u00e4r du kan utbyta id\u00e9er, diskutera utmaningar och prata v\u00e4tgas med oss och andra medlemmar i din region. 3 december &#8211; G\u00e4vle Datum: onsdag 3 decemberTid: Vi tr\u00e4ffas ca 10.30 och avslutar <a class=\"moretag\" href=\"https:\/\/iwdev.se\/vatgas\/medlemsinfo\/\">[&#8230;]<\/a><\/p>\n","protected":false},"author":2,"featured_media":0,"parent":0,"menu_order":0,"comment_status":"closed","ping_status":"closed","template":"templates\/template-login.php","meta":{"_acf_changed":false,"footnotes":""},"class_list":["post-14663","page","type-page","status-publish","hentry"],"acf":[],"yoast_head":"<!-- This site is optimized with the Yoast SEO Premium plugin v26.4 (Yoast SEO v27.4) - https:\/\/yoast.com\/product\/yoast-seo-premium-wordpress\/ -->\n<title>V\u00e4lkommen till V\u00e4tgas Sverige - V\u00e4tgas Sverige<\/title>\n<meta name=\"robots\" content=\"noindex, follow, max-snippet:-1, max-image-preview:large, max-video-preview:-1\" \/>\n<meta property=\"og:locale\" content=\"sv_SE\" \/>\n<meta property=\"og:type\" content=\"article\" \/>\n<meta property=\"og:title\" content=\"V\u00e4lkommen till V\u00e4tgas Sverige\" \/>\n<meta property=\"og:description\" content=\"Medlemsaktiviteter Hydrogen Hour &#8211; v\u00e5ren 2026 Se tidigare inspelningar Tr\u00e4ffa oss i h\u00f6st Vi bjuder in till medlemsluncher och n\u00e4tverksmingel \u2013 avslappnade tr\u00e4ffar d\u00e4r du kan utbyta id\u00e9er, diskutera utmaningar och prata v\u00e4tgas med oss och andra medlemmar i din region. 3 december &#8211; G\u00e4vle Datum: onsdag 3 decemberTid: Vi tr\u00e4ffas ca 10.30 och avslutar [...]\" \/>\n<meta property=\"og:url\" content=\"https:\/\/iwdev.se\/vatgas\/medlemsinfo\/\" \/>\n<meta property=\"og:site_name\" content=\"V\u00e4tgas Sverige\" \/>\n<meta property=\"article:modified_time\" content=\"2025-11-20T11:12:02+00:00\" \/>\n<meta name=\"twitter:card\" content=\"summary_large_image\" \/>\n<meta name=\"twitter:label1\" content=\"Ber\u00e4knad l\u00e4stid\" \/>\n\t<meta name=\"twitter:data1\" content=\"2 minuter\" \/>\n<script type=\"application\/ld+json\" class=\"yoast-schema-graph\">{\"@context\":\"https:\\\/\\\/schema.org\",\"@graph\":[{\"@type\":\"WebPage\",\"@id\":\"https:\\\/\\\/iwdev.se\\\/vatgas\\\/medlemsinfo\\\/\",\"url\":\"https:\\\/\\\/iwdev.se\\\/vatgas\\\/medlemsinfo\\\/\",\"name\":\"V\u00e4lkommen till V\u00e4tgas Sverige - V\u00e4tgas Sverige\",\"isPartOf\":{\"@id\":\"https:\\\/\\\/iwdev.se\\\/vatgas\\\/#website\"},\"datePublished\":\"2022-08-25T19:31:42+00:00\",\"dateModified\":\"2025-11-20T11:12:02+00:00\",\"breadcrumb\":{\"@id\":\"https:\\\/\\\/iwdev.se\\\/vatgas\\\/medlemsinfo\\\/#breadcrumb\"},\"inLanguage\":\"sv-SE\",\"potentialAction\":[{\"@type\":\"ReadAction\",\"target\":[\"https:\\\/\\\/iwdev.se\\\/vatgas\\\/medlemsinfo\\\/\"]}]},{\"@type\":\"BreadcrumbList\",\"@id\":\"https:\\\/\\\/iwdev.se\\\/vatgas\\\/medlemsinfo\\\/#breadcrumb\",\"itemListElement\":[{\"@type\":\"ListItem\",\"position\":1,\"name\":\"Home\",\"item\":\"https:\\\/\\\/iwdev.se\\\/vatgas\\\/\"},{\"@type\":\"ListItem\",\"position\":2,\"name\":\"V\u00e4lkommen till V\u00e4tgas Sverige\"}]},{\"@type\":\"WebSite\",\"@id\":\"https:\\\/\\\/iwdev.se\\\/vatgas\\\/#website\",\"url\":\"https:\\\/\\\/iwdev.se\\\/vatgas\\\/\",\"name\":\"V\u00e4tgas Sverige\",\"description\":\"En ledande plattform f\u00f6r omst\u00e4llningen till fossilfrihet\",\"publisher\":{\"@id\":\"https:\\\/\\\/iwdev.se\\\/vatgas\\\/#organization\"},\"potentialAction\":[{\"@type\":\"SearchAction\",\"target\":{\"@type\":\"EntryPoint\",\"urlTemplate\":\"https:\\\/\\\/iwdev.se\\\/vatgas\\\/?s={search_term_string}\"},\"query-input\":{\"@type\":\"PropertyValueSpecification\",\"valueRequired\":true,\"valueName\":\"search_term_string\"}}],\"inLanguage\":\"sv-SE\"},{\"@type\":\"Organization\",\"@id\":\"https:\\\/\\\/iwdev.se\\\/vatgas\\\/#organization\",\"name\":\"V\u00e4tgas Sverige\",\"url\":\"https:\\\/\\\/iwdev.se\\\/vatgas\\\/\",\"logo\":{\"@type\":\"ImageObject\",\"inLanguage\":\"sv-SE\",\"@id\":\"https:\\\/\\\/iwdev.se\\\/vatgas\\\/#\\\/schema\\\/logo\\\/image\\\/\",\"url\":\"https:\\\/\\\/iwdev.se\\\/vatgas\\\/wp-content\\\/uploads\\\/2022\\\/06\\\/LOGO.png\",\"contentUrl\":\"https:\\\/\\\/iwdev.se\\\/vatgas\\\/wp-content\\\/uploads\\\/2022\\\/06\\\/LOGO.png\",\"width\":240,\"height\":147,\"caption\":\"V\u00e4tgas Sverige\"},\"image\":{\"@id\":\"https:\\\/\\\/iwdev.se\\\/vatgas\\\/#\\\/schema\\\/logo\\\/image\\\/\"}}]}<\/script>\n<!-- \/ Yoast SEO Premium plugin. -->","yoast_head_json":{"title":"V\u00e4lkommen till V\u00e4tgas Sverige - V\u00e4tgas Sverige","robots":{"index":"noindex","follow":"follow","max-snippet":"max-snippet:-1","max-image-preview":"max-image-preview:large","max-video-preview":"max-video-preview:-1"},"og_locale":"sv_SE","og_type":"article","og_title":"V\u00e4lkommen till V\u00e4tgas Sverige","og_description":"Medlemsaktiviteter Hydrogen Hour &#8211; v\u00e5ren 2026 Se tidigare inspelningar Tr\u00e4ffa oss i h\u00f6st Vi bjuder in till medlemsluncher och n\u00e4tverksmingel \u2013 avslappnade tr\u00e4ffar d\u00e4r du kan utbyta id\u00e9er, diskutera utmaningar och prata v\u00e4tgas med oss och andra medlemmar i din region. 3 december &#8211; G\u00e4vle Datum: onsdag 3 decemberTid: Vi tr\u00e4ffas ca 10.30 och avslutar [...]","og_url":"https:\/\/iwdev.se\/vatgas\/medlemsinfo\/","og_site_name":"V\u00e4tgas Sverige","article_modified_time":"2025-11-20T11:12:02+00:00","twitter_card":"summary_large_image","twitter_misc":{"Ber\u00e4knad l\u00e4stid":"2 minuter"},"schema":{"@context":"https:\/\/schema.org","@graph":[{"@type":"WebPage","@id":"https:\/\/iwdev.se\/vatgas\/medlemsinfo\/","url":"https:\/\/iwdev.se\/vatgas\/medlemsinfo\/","name":"V\u00e4lkommen till V\u00e4tgas Sverige - V\u00e4tgas Sverige","isPartOf":{"@id":"https:\/\/iwdev.se\/vatgas\/#website"},"datePublished":"2022-08-25T19:31:42+00:00","dateModified":"2025-11-20T11:12:02+00:00","breadcrumb":{"@id":"https:\/\/iwdev.se\/vatgas\/medlemsinfo\/#breadcrumb"},"inLanguage":"sv-SE","potentialAction":[{"@type":"ReadAction","target":["https:\/\/iwdev.se\/vatgas\/medlemsinfo\/"]}]},{"@type":"BreadcrumbList","@id":"https:\/\/iwdev.se\/vatgas\/medlemsinfo\/#breadcrumb","itemListElement":[{"@type":"ListItem","position":1,"name":"Home","item":"https:\/\/iwdev.se\/vatgas\/"},{"@type":"ListItem","position":2,"name":"V\u00e4lkommen till V\u00e4tgas Sverige"}]},{"@type":"WebSite","@id":"https:\/\/iwdev.se\/vatgas\/#website","url":"https:\/\/iwdev.se\/vatgas\/","name":"V\u00e4tgas Sverige","description":"En ledande plattform f\u00f6r omst\u00e4llningen till fossilfrihet","publisher":{"@id":"https:\/\/iwdev.se\/vatgas\/#organization"},"potentialAction":[{"@type":"SearchAction","target":{"@type":"EntryPoint","urlTemplate":"https:\/\/iwdev.se\/vatgas\/?s={search_term_string}"},"query-input":{"@type":"PropertyValueSpecification","valueRequired":true,"valueName":"search_term_string"}}],"inLanguage":"sv-SE"},{"@type":"Organization","@id":"https:\/\/iwdev.se\/vatgas\/#organization","name":"V\u00e4tgas Sverige","url":"https:\/\/iwdev.se\/vatgas\/","logo":{"@type":"ImageObject","inLanguage":"sv-SE","@id":"https:\/\/iwdev.se\/vatgas\/#\/schema\/logo\/image\/","url":"https:\/\/iwdev.se\/vatgas\/wp-content\/uploads\/2022\/06\/LOGO.png","contentUrl":"https:\/\/iwdev.se\/vatgas\/wp-content\/uploads\/2022\/06\/LOGO.png","width":240,"height":147,"caption":"V\u00e4tgas Sverige"},"image":{"@id":"https:\/\/iwdev.se\/vatgas\/#\/schema\/logo\/image\/"}}]}},"_links":{"self":[{"href":"https:\/\/iwdev.se\/vatgas\/wp-json\/wp\/v2\/pages\/14663","targetHints":{"allow":["GET"]}}],"collection":[{"href":"https:\/\/iwdev.se\/vatgas\/wp-json\/wp\/v2\/pages"}],"about":[{"href":"https:\/\/iwdev.se\/vatgas\/wp-json\/wp\/v2\/types\/page"}],"author":[{"embeddable":true,"href":"https:\/\/iwdev.se\/vatgas\/wp-json\/wp\/v2\/users\/2"}],"replies":[{"embeddable":true,"href":"https:\/\/iwdev.se\/vatgas\/wp-json\/wp\/v2\/comments?post=14663"}],"version-history":[{"count":104,"href":"https:\/\/iwdev.se\/vatgas\/wp-json\/wp\/v2\/pages\/14663\/revisions"}],"predecessor-version":[{"id":23897,"href":"https:\/\/iwdev.se\/vatgas\/wp-json\/wp\/v2\/pages\/14663\/revisions\/23897"}],"wp:attachment":[{"href":"https:\/\/iwdev.se\/vatgas\/wp-json\/wp\/v2\/media?parent=14663"}],"curies":[{"name":"wp","href":"https:\/\/api.w.org\/{rel}","templated":true}]}}