{"id":18605,"date":"2023-07-10T09:02:15","date_gmt":"2023-07-10T09:02:15","guid":{"rendered":"https:\/\/vatgas.hemsida.eu\/?page_id=18605"},"modified":"2025-09-15T13:47:27","modified_gmt":"2025-09-15T13:47:27","slug":"utbildningar","status":"publish","type":"page","link":"https:\/\/iwdev.se\/vatgas\/utbildningar\/","title":{"rendered":"V\u00e4tgasutbildningar"},"content":{"rendered":"\n<p>V\u00e4tgas ses som en avg\u00f6rande faktor f\u00f6r att klara den gr\u00f6na omst\u00e4llningen i framtiden d\u00e4r EU har som m\u00e5l att bli klimatneutralt till \u00e5r 2050. Nu beh\u00f6vs kompetens inom alla segment exempelvis transport, energi och industri.<\/p>\n\n\n\n<p>Men det finns fortfarande en allm\u00e4n brist p\u00e5 kunskap och medvetenhet om v\u00e4gas som ett energialternativ. V\u00e4tgas Sverige har ambitionen att ge en \u00f6versikt \u00f6ver utbudet av v\u00e4tgasutbildningar. Om din organisation erbjuder v\u00e4tgasutbildningar och ni \u00e4r intresserade av att synas h\u00e4r, h\u00f6r av dig till <a href=\"mailto:member@vatgas.se\" target=\"_blank\" rel=\"noreferrer noopener\">member@vatgas.se<\/a> <\/p>\n\n\n\n<p><\/p>\n\n\n\n<div class=\"wp-block-columns is-layout-flex wp-container-core-columns-is-layout-9d6595d7 wp-block-columns-is-layout-flex\">\n<div class=\"wp-block-column is-layout-flow wp-block-column-is-layout-flow\">\n<figure class=\"wp-block-image size-large\"><a href=\"https:\/\/iwdev.se\/vatgas\/universitetsutbildningar\/\"><img decoding=\"async\" src=\"https:\/\/iwdev.se\/vatgas\/wp-content\/uploads\/2023\/09\/Resurs-4.png\" alt=\"\"\/><\/a><\/figure>\n<\/div>\n\n\n\n<div class=\"wp-block-column is-layout-flow wp-block-column-is-layout-flow\">\n<figure class=\"wp-block-image size-large\"><a href=\"https:\/\/iwdev.se\/vatgas\/yrkeshogskolan\/\"><img decoding=\"async\" src=\"https:\/\/iwdev.se\/vatgas\/wp-content\/uploads\/2023\/09\/Resurs-5.png\" alt=\"\"\/><\/a><\/figure>\n<\/div>\n<\/div>\n\n\n\n<div class=\"wp-block-group is-nowrap is-layout-flex wp-container-core-group-is-layout-ad2f72ca wp-block-group-is-layout-flex\">\n<div style=\"height:100px;width:757px\" aria-hidden=\"true\" class=\"wp-block-spacer wp-container-content-020ee7cb\"><\/div>\n<\/div>\n\n\n\n<div class=\"wp-block-columns is-layout-flex wp-container-core-columns-is-layout-9d6595d7 wp-block-columns-is-layout-flex\">\n<div class=\"wp-block-column is-layout-flow wp-block-column-is-layout-flow\">\n<figure class=\"wp-block-image size-large\"><a href=\"https:\/\/iwdev.se\/vatgas\/internationella-utbildningar\/\"><img decoding=\"async\" src=\"https:\/\/iwdev.se\/vatgas\/wp-content\/uploads\/2023\/09\/Resurs-7.png\" alt=\"\"\/><\/a><\/figure>\n<\/div>\n\n\n\n<div class=\"wp-block-column is-layout-flow wp-block-column-is-layout-flow\">\n<figure class=\"wp-block-image size-large\"><a href=\"https:\/\/iwdev.se\/vatgas\/foretagsutbildningar\/\"><img decoding=\"async\" src=\"https:\/\/iwdev.se\/vatgas\/wp-content\/uploads\/2023\/09\/Resurs-6.png\" alt=\"\"\/><\/a><\/figure>\n<\/div>\n<\/div>\n\n\n\n<div style=\"height:94px;width:757px\" aria-hidden=\"true\" class=\"wp-block-spacer\"><\/div>\n\n\n\n<figure class=\"wp-block-image size-full\"><img loading=\"lazy\" decoding=\"async\" width=\"285\" height=\"168\" src=\"https:\/\/iwdev.se\/vatgas\/wp-content\/uploads\/2025\/09\/Resurs-2.png\" alt=\"\" class=\"wp-image-23483\"\/><\/figure>\n","protected":false},"excerpt":{"rendered":"<p>V\u00e4tgas ses som en avg\u00f6rande faktor f\u00f6r att klara den gr\u00f6na omst\u00e4llningen i framtiden d\u00e4r EU har som m\u00e5l att bli klimatneutralt till \u00e5r 2050. Nu beh\u00f6vs kompetens inom alla segment exempelvis transport, energi och industri. Men det finns fortfarande en allm\u00e4n brist p\u00e5 kunskap och medvetenhet om v\u00e4gas som ett energialternativ. V\u00e4tgas Sverige har <a class=\"moretag\" href=\"https:\/\/iwdev.se\/vatgas\/utbildningar\/\">[&#8230;]<\/a><\/p>\n","protected":false},"author":3,"featured_media":0,"parent":0,"menu_order":0,"comment_status":"closed","ping_status":"closed","template":"","meta":{"_acf_changed":false,"footnotes":""},"class_list":["post-18605","page","type-page","status-publish","hentry"],"acf":[],"yoast_head":"<!-- This site is optimized with the Yoast SEO Premium plugin v26.4 (Yoast SEO v27.4) - https:\/\/yoast.com\/product\/yoast-seo-premium-wordpress\/ -->\n<title>V\u00e4tgasutbildningar - V\u00e4tgas Sverige<\/title>\n<meta name=\"robots\" content=\"noindex, follow, max-snippet:-1, max-image-preview:large, max-video-preview:-1\" \/>\n<meta property=\"og:locale\" content=\"sv_SE\" \/>\n<meta property=\"og:type\" content=\"article\" \/>\n<meta property=\"og:title\" content=\"V\u00e4tgasutbildningar\" \/>\n<meta property=\"og:description\" content=\"V\u00e4tgas ses som en avg\u00f6rande faktor f\u00f6r att klara den gr\u00f6na omst\u00e4llningen i framtiden d\u00e4r EU har som m\u00e5l att bli klimatneutralt till \u00e5r 2050. Nu beh\u00f6vs kompetens inom alla segment exempelvis transport, energi och industri. Men det finns fortfarande en allm\u00e4n brist p\u00e5 kunskap och medvetenhet om v\u00e4gas som ett energialternativ. V\u00e4tgas Sverige har [...]\" \/>\n<meta property=\"og:url\" content=\"https:\/\/iwdev.se\/vatgas\/utbildningar\/\" \/>\n<meta property=\"og:site_name\" content=\"V\u00e4tgas Sverige\" \/>\n<meta property=\"article:modified_time\" content=\"2025-09-15T13:47:27+00:00\" \/>\n<meta property=\"og:image\" content=\"https:\/\/iwdev.se\/vatgas\/wp-content\/uploads\/2023\/09\/Resurs-4.png\" \/>\n<meta name=\"twitter:card\" content=\"summary_large_image\" \/>\n<meta name=\"twitter:label1\" content=\"Ber\u00e4knad l\u00e4stid\" \/>\n\t<meta name=\"twitter:data1\" content=\"2 minuter\" \/>\n<script type=\"application\/ld+json\" class=\"yoast-schema-graph\">{\"@context\":\"https:\\\/\\\/schema.org\",\"@graph\":[{\"@type\":\"WebPage\",\"@id\":\"https:\\\/\\\/iwdev.se\\\/vatgas\\\/utbildningar\\\/\",\"url\":\"https:\\\/\\\/iwdev.se\\\/vatgas\\\/utbildningar\\\/\",\"name\":\"V\u00e4tgasutbildningar - V\u00e4tgas Sverige\",\"isPartOf\":{\"@id\":\"https:\\\/\\\/iwdev.se\\\/vatgas\\\/#website\"},\"primaryImageOfPage\":{\"@id\":\"https:\\\/\\\/iwdev.se\\\/vatgas\\\/utbildningar\\\/#primaryimage\"},\"image\":{\"@id\":\"https:\\\/\\\/iwdev.se\\\/vatgas\\\/utbildningar\\\/#primaryimage\"},\"thumbnailUrl\":\"https:\\\/\\\/iwdev.se\\\/vatgas\\\/wp-content\\\/uploads\\\/2023\\\/09\\\/Resurs-4.png\",\"datePublished\":\"2023-07-10T09:02:15+00:00\",\"dateModified\":\"2025-09-15T13:47:27+00:00\",\"breadcrumb\":{\"@id\":\"https:\\\/\\\/iwdev.se\\\/vatgas\\\/utbildningar\\\/#breadcrumb\"},\"inLanguage\":\"sv-SE\",\"potentialAction\":[{\"@type\":\"ReadAction\",\"target\":[\"https:\\\/\\\/iwdev.se\\\/vatgas\\\/utbildningar\\\/\"]}]},{\"@type\":\"ImageObject\",\"inLanguage\":\"sv-SE\",\"@id\":\"https:\\\/\\\/iwdev.se\\\/vatgas\\\/utbildningar\\\/#primaryimage\",\"url\":\"https:\\\/\\\/iwdev.se\\\/vatgas\\\/wp-content\\\/uploads\\\/2023\\\/09\\\/Resurs-4.png\",\"contentUrl\":\"https:\\\/\\\/iwdev.se\\\/vatgas\\\/wp-content\\\/uploads\\\/2023\\\/09\\\/Resurs-4.png\",\"width\":283,\"height\":186},{\"@type\":\"BreadcrumbList\",\"@id\":\"https:\\\/\\\/iwdev.se\\\/vatgas\\\/utbildningar\\\/#breadcrumb\",\"itemListElement\":[{\"@type\":\"ListItem\",\"position\":1,\"name\":\"Home\",\"item\":\"https:\\\/\\\/iwdev.se\\\/vatgas\\\/\"},{\"@type\":\"ListItem\",\"position\":2,\"name\":\"V\u00e4tgasutbildningar\"}]},{\"@type\":\"WebSite\",\"@id\":\"https:\\\/\\\/iwdev.se\\\/vatgas\\\/#website\",\"url\":\"https:\\\/\\\/iwdev.se\\\/vatgas\\\/\",\"name\":\"V\u00e4tgas Sverige\",\"description\":\"En ledande plattform f\u00f6r omst\u00e4llningen till fossilfrihet\",\"publisher\":{\"@id\":\"https:\\\/\\\/iwdev.se\\\/vatgas\\\/#organization\"},\"potentialAction\":[{\"@type\":\"SearchAction\",\"target\":{\"@type\":\"EntryPoint\",\"urlTemplate\":\"https:\\\/\\\/iwdev.se\\\/vatgas\\\/?s={search_term_string}\"},\"query-input\":{\"@type\":\"PropertyValueSpecification\",\"valueRequired\":true,\"valueName\":\"search_term_string\"}}],\"inLanguage\":\"sv-SE\"},{\"@type\":\"Organization\",\"@id\":\"https:\\\/\\\/iwdev.se\\\/vatgas\\\/#organization\",\"name\":\"V\u00e4tgas Sverige\",\"url\":\"https:\\\/\\\/iwdev.se\\\/vatgas\\\/\",\"logo\":{\"@type\":\"ImageObject\",\"inLanguage\":\"sv-SE\",\"@id\":\"https:\\\/\\\/iwdev.se\\\/vatgas\\\/#\\\/schema\\\/logo\\\/image\\\/\",\"url\":\"https:\\\/\\\/iwdev.se\\\/vatgas\\\/wp-content\\\/uploads\\\/2022\\\/06\\\/LOGO.png\",\"contentUrl\":\"https:\\\/\\\/iwdev.se\\\/vatgas\\\/wp-content\\\/uploads\\\/2022\\\/06\\\/LOGO.png\",\"width\":240,\"height\":147,\"caption\":\"V\u00e4tgas Sverige\"},\"image\":{\"@id\":\"https:\\\/\\\/iwdev.se\\\/vatgas\\\/#\\\/schema\\\/logo\\\/image\\\/\"}}]}<\/script>\n<!-- \/ Yoast SEO Premium plugin. -->","yoast_head_json":{"title":"V\u00e4tgasutbildningar - V\u00e4tgas Sverige","robots":{"index":"noindex","follow":"follow","max-snippet":"max-snippet:-1","max-image-preview":"max-image-preview:large","max-video-preview":"max-video-preview:-1"},"og_locale":"sv_SE","og_type":"article","og_title":"V\u00e4tgasutbildningar","og_description":"V\u00e4tgas ses som en avg\u00f6rande faktor f\u00f6r att klara den gr\u00f6na omst\u00e4llningen i framtiden d\u00e4r EU har som m\u00e5l att bli klimatneutralt till \u00e5r 2050. Nu beh\u00f6vs kompetens inom alla segment exempelvis transport, energi och industri. Men det finns fortfarande en allm\u00e4n brist p\u00e5 kunskap och medvetenhet om v\u00e4gas som ett energialternativ. V\u00e4tgas Sverige har [...]","og_url":"https:\/\/iwdev.se\/vatgas\/utbildningar\/","og_site_name":"V\u00e4tgas Sverige","article_modified_time":"2025-09-15T13:47:27+00:00","og_image":[{"url":"https:\/\/iwdev.se\/vatgas\/wp-content\/uploads\/2023\/09\/Resurs-4.png","type":"","width":"","height":""}],"twitter_card":"summary_large_image","twitter_misc":{"Ber\u00e4knad l\u00e4stid":"2 minuter"},"schema":{"@context":"https:\/\/schema.org","@graph":[{"@type":"WebPage","@id":"https:\/\/iwdev.se\/vatgas\/utbildningar\/","url":"https:\/\/iwdev.se\/vatgas\/utbildningar\/","name":"V\u00e4tgasutbildningar - V\u00e4tgas Sverige","isPartOf":{"@id":"https:\/\/iwdev.se\/vatgas\/#website"},"primaryImageOfPage":{"@id":"https:\/\/iwdev.se\/vatgas\/utbildningar\/#primaryimage"},"image":{"@id":"https:\/\/iwdev.se\/vatgas\/utbildningar\/#primaryimage"},"thumbnailUrl":"https:\/\/iwdev.se\/vatgas\/wp-content\/uploads\/2023\/09\/Resurs-4.png","datePublished":"2023-07-10T09:02:15+00:00","dateModified":"2025-09-15T13:47:27+00:00","breadcrumb":{"@id":"https:\/\/iwdev.se\/vatgas\/utbildningar\/#breadcrumb"},"inLanguage":"sv-SE","potentialAction":[{"@type":"ReadAction","target":["https:\/\/iwdev.se\/vatgas\/utbildningar\/"]}]},{"@type":"ImageObject","inLanguage":"sv-SE","@id":"https:\/\/iwdev.se\/vatgas\/utbildningar\/#primaryimage","url":"https:\/\/iwdev.se\/vatgas\/wp-content\/uploads\/2023\/09\/Resurs-4.png","contentUrl":"https:\/\/iwdev.se\/vatgas\/wp-content\/uploads\/2023\/09\/Resurs-4.png","width":283,"height":186},{"@type":"BreadcrumbList","@id":"https:\/\/iwdev.se\/vatgas\/utbildningar\/#breadcrumb","itemListElement":[{"@type":"ListItem","position":1,"name":"Home","item":"https:\/\/iwdev.se\/vatgas\/"},{"@type":"ListItem","position":2,"name":"V\u00e4tgasutbildningar"}]},{"@type":"WebSite","@id":"https:\/\/iwdev.se\/vatgas\/#website","url":"https:\/\/iwdev.se\/vatgas\/","name":"V\u00e4tgas Sverige","description":"En ledande plattform f\u00f6r omst\u00e4llningen till fossilfrihet","publisher":{"@id":"https:\/\/iwdev.se\/vatgas\/#organization"},"potentialAction":[{"@type":"SearchAction","target":{"@type":"EntryPoint","urlTemplate":"https:\/\/iwdev.se\/vatgas\/?s={search_term_string}"},"query-input":{"@type":"PropertyValueSpecification","valueRequired":true,"valueName":"search_term_string"}}],"inLanguage":"sv-SE"},{"@type":"Organization","@id":"https:\/\/iwdev.se\/vatgas\/#organization","name":"V\u00e4tgas Sverige","url":"https:\/\/iwdev.se\/vatgas\/","logo":{"@type":"ImageObject","inLanguage":"sv-SE","@id":"https:\/\/iwdev.se\/vatgas\/#\/schema\/logo\/image\/","url":"https:\/\/iwdev.se\/vatgas\/wp-content\/uploads\/2022\/06\/LOGO.png","contentUrl":"https:\/\/iwdev.se\/vatgas\/wp-content\/uploads\/2022\/06\/LOGO.png","width":240,"height":147,"caption":"V\u00e4tgas Sverige"},"image":{"@id":"https:\/\/iwdev.se\/vatgas\/#\/schema\/logo\/image\/"}}]}},"_links":{"self":[{"href":"https:\/\/iwdev.se\/vatgas\/wp-json\/wp\/v2\/pages\/18605","targetHints":{"allow":["GET"]}}],"collection":[{"href":"https:\/\/iwdev.se\/vatgas\/wp-json\/wp\/v2\/pages"}],"about":[{"href":"https:\/\/iwdev.se\/vatgas\/wp-json\/wp\/v2\/types\/page"}],"author":[{"embeddable":true,"href":"https:\/\/iwdev.se\/vatgas\/wp-json\/wp\/v2\/users\/3"}],"replies":[{"embeddable":true,"href":"https:\/\/iwdev.se\/vatgas\/wp-json\/wp\/v2\/comments?post=18605"}],"version-history":[{"count":28,"href":"https:\/\/iwdev.se\/vatgas\/wp-json\/wp\/v2\/pages\/18605\/revisions"}],"predecessor-version":[{"id":23487,"href":"https:\/\/iwdev.se\/vatgas\/wp-json\/wp\/v2\/pages\/18605\/revisions\/23487"}],"wp:attachment":[{"href":"https:\/\/iwdev.se\/vatgas\/wp-json\/wp\/v2\/media?parent=18605"}],"curies":[{"name":"wp","href":"https:\/\/api.w.org\/{rel}","templated":true}]}}