{"id":18612,"date":"2023-07-10T10:30:35","date_gmt":"2023-07-10T10:30:35","guid":{"rendered":"https:\/\/vatgas.hemsida.eu\/?page_id=18612"},"modified":"2025-08-29T19:06:03","modified_gmt":"2025-08-29T19:06:03","slug":"universitetsutbildningar","status":"publish","type":"page","link":"https:\/\/iwdev.se\/vatgas\/universitetsutbildningar\/","title":{"rendered":"Universitetsutbildningar"},"content":{"rendered":"\n<div class=\"wp-block-columns is-layout-flex wp-container-core-columns-is-layout-9d6595d7 wp-block-columns-is-layout-flex\">\n<div class=\"wp-block-column is-layout-flow wp-block-column-is-layout-flow\">\n<figure class=\"wp-block-image size-large is-resized\"><a href=\"https:\/\/www.kth.se\/utbildning\/civilingenjor\/teknisk-kemi\"><img decoding=\"async\" src=\"https:\/\/iwdev.se\/vatgas\/wp-content\/uploads\/2023\/08\/KTH_Logotyp_RGB_2013-1024x1024.png\" alt=\"\" class=\"wp-image-18796\" style=\"width:63px;height:63px\"\/><\/a><\/figure>\n\n\n\n<h3 class=\"wp-block-heading\" id=\"h-teknisk-kemi\">Teknisk kemi<\/h3>\n\n\n\n<p>Civilingenj\u00f6rsutbildning i teknisk kemi. <\/p>\n\n\n\n<p>Kursen ger dig avancerade f\u00e4rdigheter f\u00f6r att tackla aktuella samh\u00e4llsproblem inom omr\u00e5den som milj\u00f6, energi, material och l\u00e4kemedel.<\/p>\n\n\n\n<p><a href=\"https:\/\/www.kth.se\/utbildning\/civilingenjor\/teknisk-kemi\/teknisk-kemi-civilingenjor-300-hp-1.4226\">Mer information <\/a><\/p>\n<\/div>\n\n\n\n<div class=\"wp-block-column is-layout-flow wp-block-column-is-layout-flow\">\n<figure class=\"wp-block-image size-large is-resized\"><a href=\"https:\/\/www.kth.se\/en\/studies\/master\/chemical-engineering-for-energy-and-environment\"><img decoding=\"async\" src=\"https:\/\/iwdev.se\/vatgas\/wp-content\/uploads\/2023\/08\/KTH_Logotyp_RGB_2013-1024x1024.png\" alt=\"\" class=\"wp-image-18796\" style=\"width:64px;height:64px\"\/><\/a><\/figure>\n\n\n\n<h3 class=\"wp-block-heading\" id=\"h-kemiteknik-for-energi-och-miljo\">Kemiteknik f\u00f6r energi och milj\u00f6<\/h3>\n\n\n\n<p>Masterprogram Kemiktenik f\u00f6r energi och milj\u00f6.<\/p>\n\n\n\n<p>Programmet ger omfattande kunskap inom kemiteknik med fokus p\u00e5 h\u00e5llbarhet. Studenter l\u00e4r sig moderna verktyg f\u00f6r att analysera processer som biobr\u00e4nsleproduktion och vattenrening.<\/p>\n\n\n\n<p><a href=\"https:\/\/www.kth.se\/en\/studies\/master\/chemical-engineering-for-energy-and-environment\">Mer information <\/a><\/p>\n<\/div>\n\n\n\n<div class=\"wp-block-column is-layout-flow wp-block-column-is-layout-flow\">\n<figure class=\"wp-block-image size-large is-resized\"><a href=\"https:\/\/www.kth.se\/en\/studies\/master\/molecular-science-and-engineering\"><img decoding=\"async\" src=\"https:\/\/iwdev.se\/vatgas\/wp-content\/uploads\/2023\/08\/KTH_Logotyp_RGB_2013-1024x1024.png\" alt=\"\" class=\"wp-image-18796\" style=\"width:64px;height:64px\"\/><\/a><\/figure>\n\n\n\n<h3 class=\"wp-block-heading\" id=\"h-molekylar-vetenskap-och-teknik\">Molekyl\u00e4r vetenskap och teknik<\/h3>\n\n\n\n<p>Masterprogram Molekyl\u00e4r vetenskap och teknik.<\/p>\n\n\n\n<p>Programmet ger kunskap om molekyl\u00e4ra system. Fokus ligger p\u00e5 molekyler, men betonar \u00e4ven h\u00e5llbarhet med fokus p\u00e5 energi, milj\u00f6, s\u00e4kerhet och innovation<\/p>\n\n\n\n<p><a href=\"https:\/\/www.kth.se\/en\/studies\/master\/molecular-science-and-engineering\">Mer information <\/a><\/p>\n<\/div>\n<\/div>\n\n\n\n<hr class=\"wp-block-separator has-alpha-channel-opacity\"\/>\n\n\n\n<div class=\"wp-block-columns is-layout-flex wp-container-core-columns-is-layout-9d6595d7 wp-block-columns-is-layout-flex\">\n<div class=\"wp-block-column is-layout-flow wp-block-column-is-layout-flow\">\n<figure class=\"wp-block-image size-full is-resized\"><a href=\"https:\/\/www.ltu.se\/forskning\/utbildning-pa-forskarniva\/kurser-pa-forskarniva\/sustainable-hydrogen-value-chains\"><img decoding=\"async\" src=\"https:\/\/iwdev.se\/vatgas\/wp-content\/uploads\/2023\/08\/LUT.jpg\" alt=\"\" class=\"wp-image-18798\" style=\"object-fit:cover;width:125px;height:63px\"\/><\/a><\/figure>\n\n\n\n<h3 class=\"wp-block-heading\" id=\"h-sustainable-hydrogen-value-chains\">Sustainable Hydrogen Value Chains<\/h3>\n\n\n\n<p>Kursen ger kunskap om den potentiella rollen som fossilfria v\u00e4tgaskedjor har i ett h\u00e5llbart samh\u00e4lle och industri.<\/p>\n\n\n\n<p><a href=\"https:\/\/www.ltu.se\/forskning\/utbildning-pa-forskarniva\/kurser-pa-forskarniva\/sustainable-hydrogen-value-chains\">Mer information <\/a><\/p>\n<\/div>\n\n\n\n<div class=\"wp-block-column is-layout-flow wp-block-column-is-layout-flow\">\n<figure class=\"wp-block-image size-full is-resized\"><a href=\"https:\/\/www.ltu.se\/centres\/CH2ESS\/Utbildning\"><img decoding=\"async\" src=\"https:\/\/iwdev.se\/vatgas\/wp-content\/uploads\/2023\/08\/LUT.jpg\" alt=\"\" class=\"wp-image-18798\" style=\"object-fit:cover;width:128px;height:64px\"\/><\/a><\/figure>\n\n\n\n<h3 class=\"wp-block-heading\" id=\"h-mooc-vatgas-for-nyfikna\">MOOC+ V\u00e4tgas f\u00f6r nyfikna      <\/h3>\n\n\n\n<p>MOOC+ V\u00e4tgas f\u00f6r nyfikna: Vad \u00e4r v\u00e4tgas och varf\u00f6r \u00e4r det viktigt? <\/p>\n\n\n\n<p>F\u00f6rdjupar f\u00f6rst\u00e5elsen av v\u00e4tgas, och besvarar fr\u00e5gor om bl.a hur v\u00e4tgas b\u00f6r hanteras, samt hur det produceras och anv\u00e4nds f\u00f6r att skapa ett h\u00e5llbart och milj\u00f6v\u00e4nligt samh\u00e4lle<\/p>\n\n\n\n<p><a href=\"https:\/\/www.ltu.se\/centres\/CH2ESS\/Utbildning\">Mer information <\/a><\/p>\n<\/div>\n\n\n\n<div class=\"wp-block-column is-layout-flow wp-block-column-is-layout-flow\">\n<figure class=\"wp-block-image size-full is-resized\"><a href=\"https:\/\/www.ltu.se\/centres\/CH2ESS\/Utbildning\"><img decoding=\"async\" src=\"https:\/\/iwdev.se\/vatgas\/wp-content\/uploads\/2023\/08\/LUT.jpg\" alt=\"\" class=\"wp-image-18798\" style=\"object-fit:cover;width:129px;height:65px\"\/><\/a><\/figure>\n\n\n\n<h3 class=\"wp-block-heading\" id=\"h-mooc-vatgas-for-nyfikna-0\">MOOC V\u00e4tgas f\u00f6r nyfikna <\/h3>\n\n\n\n<p>MOOC V\u00e4tgas f\u00f6r nyfikna: Vad \u00e4r v\u00e4tgas och varf\u00f6r \u00e4r det viktigt?<\/p>\n\n\n\n<p>I kursen besvaras fr\u00e5gor om v\u00e4tgas f\u00f6r de som \u00e4r nyfikna. Exempelvis varf\u00f6r v\u00e4tgas \u00e4r intressant och hur det produceras och hanteras s\u00e4kert.<\/p>\n\n\n\n<p><a href=\"https:\/\/www.ltu.se\/centres\/CH2ESS\/Utbildning\">Mer information<\/a> <\/p>\n<\/div>\n<\/div>\n\n\n\n<hr class=\"wp-block-separator has-alpha-channel-opacity\"\/>\n\n\n\n<div class=\"wp-block-columns is-layout-flex wp-container-core-columns-is-layout-9d6595d7 wp-block-columns-is-layout-flex\">\n<div class=\"wp-block-column is-layout-flow wp-block-column-is-layout-flow\">\n<figure class=\"wp-block-image size-large is-resized\"><a href=\"https:\/\/www.lu.se\/lubas\/i-uoh-lu-TAHET\"><img loading=\"lazy\" decoding=\"async\" width=\"1024\" height=\"238\" src=\"https:\/\/iwdev.se\/vatgas\/wp-content\/uploads\/2023\/07\/Skarmavbild-2023-07-10-kl.-12.15.12-1024x238.png\" alt=\"\" class=\"wp-image-18613\" style=\"object-fit:cover;width:233px;height:55px\" srcset=\"https:\/\/iwdev.se\/vatgas\/wp-content\/uploads\/2023\/07\/Skarmavbild-2023-07-10-kl.-12.15.12-1024x238.png 1024w, https:\/\/iwdev.se\/vatgas\/wp-content\/uploads\/2023\/07\/Skarmavbild-2023-07-10-kl.-12.15.12-300x70.png 300w, https:\/\/iwdev.se\/vatgas\/wp-content\/uploads\/2023\/07\/Skarmavbild-2023-07-10-kl.-12.15.12-768x178.png 768w, https:\/\/iwdev.se\/vatgas\/wp-content\/uploads\/2023\/07\/Skarmavbild-2023-07-10-kl.-12.15.12-530x123.png 530w, https:\/\/iwdev.se\/vatgas\/wp-content\/uploads\/2023\/07\/Skarmavbild-2023-07-10-kl.-12.15.12.png 1128w\" sizes=\"auto, (max-width: 1024px) 100vw, 1024px\" \/><\/a><\/figure>\n\n\n\n<h3 class=\"wp-block-heading\" id=\"h-hallbar-energiteknik\">H\u00e5llbar energiteknik <\/h3>\n\n\n\n<p>H\u00e5llbar energiteknik &#8211; Masterutbildning<\/p>\n\n\n\n<p>Programmet avser fr\u00e4mst energiomvandling och energidistribution. Utbildningen ger yrkeskunskaper f\u00f6r en karri\u00e4r inom bl.a energif\u00f6retag.<\/p>\n\n\n\n<p><a href=\"https:\/\/www.lu.se\/lubas\/i-uoh-lu-TAHET\">Mer information <\/a><\/p>\n<\/div>\n\n\n\n<div class=\"wp-block-column is-layout-flow wp-block-column-is-layout-flow\">\n<figure class=\"wp-block-image size-large is-resized\"><a href=\"https:\/\/www.mdu.se\/utbildning\/program\/masterprogrammet-i-hallbara-energisystem\"><img decoding=\"async\" src=\"https:\/\/iwdev.se\/vatgas\/wp-content\/uploads\/2023\/08\/Mdu-1024x612.png\" alt=\"\" class=\"wp-image-18839\" style=\"object-fit:cover;width:104px;height:61px\"\/><\/a><\/figure>\n\n\n\n<h3 class=\"wp-block-heading\" id=\"h-hallbara-energisystem\">H\u00e5llbara energisystem.<\/h3>\n\n\n\n<p>Master\u00adprogrammet i h\u00e5llbara energisystem.<\/p>\n\n\n\n<p>P\u00e5 programmet f\u00e5r du kunskap i tekniker f\u00f6r att anv\u00e4nda sol, vind och biomassa som energik\u00e4llor. Du kommer bl.a l\u00e4ra dig mer om kraft- och v\u00e4rmeproduktion genom energiomvandling<\/p>\n\n\n\n<p><a href=\"https:\/\/www.mdu.se\/utbildning\/program\/masterprogrammet-i-hallbara-energisystem\">Mer information <\/a><\/p>\n<\/div>\n\n\n\n<div class=\"wp-block-column is-layout-flow wp-block-column-is-layout-flow\">\n<figure class=\"wp-block-image size-large is-resized\"><a href=\"https:\/\/www.mdu.se\/en\/malardalen-university\/education\/mooc\/hydrogen-for-a-clean-future\"><img decoding=\"async\" src=\"https:\/\/iwdev.se\/vatgas\/wp-content\/uploads\/2023\/08\/Mdu-1024x612.png\" alt=\"\" class=\"wp-image-18839\" style=\"object-fit:cover;width:102px;height:61px\"\/><\/a><\/figure>\n\n\n\n<h3 class=\"wp-block-heading\" id=\"h-hydrogen-for-a-clean-future\">Hydrogen for a clean future<\/h3>\n\n\n\n<p>Kursen ger en \u00f6versikt \u00f6ver v\u00e4tgas som energib\u00e4rare, med fokus p\u00e5 br\u00e4nsleceller som v\u00e4tgasomvandlingsteknik. Olika br\u00e4nsleceller och produktion och lagring av v\u00e4tgas kommer diskuteras och analyseras.<\/p>\n\n\n\n<p><a href=\"https:\/\/www.mdu.se\/en\/malardalen-university\/education\/mooc\/hydrogen-for-a-clean-future\">Mer information <\/a><\/p>\n<\/div>\n<\/div>\n\n\n\n<hr class=\"wp-block-separator has-alpha-channel-opacity\"\/>\n\n\n\n<div class=\"wp-block-columns is-layout-flex wp-container-core-columns-is-layout-9d6595d7 wp-block-columns-is-layout-flex\">\n<div class=\"wp-block-column is-layout-flow wp-block-column-is-layout-flow\">\n<figure class=\"wp-block-image size-large is-resized\"><a href=\"https:\/\/www.uu.se\/utbildning\/program\/civilingenjorsprogrammet-kemiteknik\"><img decoding=\"async\" src=\"https:\/\/iwdev.se\/vatgas\/wp-content\/uploads\/2023\/08\/uppsala-1024x443.png\" alt=\"\" class=\"wp-image-18842\" style=\"object-fit:cover;width:141px;height:61px\"\/><\/a><\/figure>\n\n\n\n<h3 class=\"wp-block-heading\" id=\"h-kemiteknik\">Kemiteknik<\/h3>\n\n\n\n<p>Civilingenj\u00f6rsprogrammet i kemiteknik<\/p>\n\n\n\n<p>Programmet f\u00f6r dig som gillar kemi och teknik. Utbildningens tv\u00e5 inriktningar ger dig m\u00f6jlighet till en karri\u00e4r inom utveckling och\/eller tillverkning av l\u00e4kemedel eller material. <\/p>\n\n\n\n<p><a href=\"https:\/\/www.uu.se\/utbildning\/program\/civilingenjorsprogrammet-kemiteknik\">Mer information <\/a><\/p>\n<\/div>\n\n\n\n<div class=\"wp-block-column is-layout-flow wp-block-column-is-layout-flow\"><\/div>\n\n\n\n<div class=\"wp-block-column is-layout-flow wp-block-column-is-layout-flow\"><\/div>\n<\/div>\n\n\n\n<hr class=\"wp-block-separator has-alpha-channel-opacity\"\/>\n","protected":false},"excerpt":{"rendered":"<p>Teknisk kemi Civilingenj\u00f6rsutbildning i teknisk kemi. Kursen ger dig avancerade f\u00e4rdigheter f\u00f6r att tackla aktuella samh\u00e4llsproblem inom omr\u00e5den som milj\u00f6, energi, material och l\u00e4kemedel. Mer information Kemiteknik f\u00f6r energi och milj\u00f6 Masterprogram Kemiktenik f\u00f6r energi och milj\u00f6. Programmet ger omfattande kunskap inom kemiteknik med fokus p\u00e5 h\u00e5llbarhet. Studenter l\u00e4r sig moderna verktyg f\u00f6r att analysera <a class=\"moretag\" href=\"https:\/\/iwdev.se\/vatgas\/universitetsutbildningar\/\">[&#8230;]<\/a><\/p>\n","protected":false},"author":3,"featured_media":0,"parent":0,"menu_order":0,"comment_status":"closed","ping_status":"closed","template":"","meta":{"_acf_changed":false,"footnotes":""},"class_list":["post-18612","page","type-page","status-publish","hentry"],"acf":[],"yoast_head":"<!-- This site is optimized with the Yoast SEO Premium plugin v26.4 (Yoast SEO v27.4) - https:\/\/yoast.com\/product\/yoast-seo-premium-wordpress\/ -->\n<title>Universitetsutbildningar - V\u00e4tgas Sverige<\/title>\n<meta name=\"robots\" content=\"noindex, follow, max-snippet:-1, max-image-preview:large, max-video-preview:-1\" \/>\n<meta property=\"og:locale\" content=\"sv_SE\" \/>\n<meta property=\"og:type\" content=\"article\" \/>\n<meta property=\"og:title\" content=\"Universitetsutbildningar\" \/>\n<meta property=\"og:description\" content=\"Teknisk kemi Civilingenj\u00f6rsutbildning i teknisk kemi. Kursen ger dig avancerade f\u00e4rdigheter f\u00f6r att tackla aktuella samh\u00e4llsproblem inom omr\u00e5den som milj\u00f6, energi, material och l\u00e4kemedel. Mer information Kemiteknik f\u00f6r energi och milj\u00f6 Masterprogram Kemiktenik f\u00f6r energi och milj\u00f6. Programmet ger omfattande kunskap inom kemiteknik med fokus p\u00e5 h\u00e5llbarhet. Studenter l\u00e4r sig moderna verktyg f\u00f6r att analysera [...]\" \/>\n<meta property=\"og:url\" content=\"https:\/\/iwdev.se\/vatgas\/universitetsutbildningar\/\" \/>\n<meta property=\"og:site_name\" content=\"V\u00e4tgas Sverige\" \/>\n<meta property=\"article:modified_time\" content=\"2025-08-29T19:06:03+00:00\" \/>\n<meta name=\"twitter:card\" content=\"summary_large_image\" \/>\n<meta name=\"twitter:label1\" content=\"Ber\u00e4knad l\u00e4stid\" \/>\n\t<meta name=\"twitter:data1\" content=\"4 minuter\" \/>\n<script type=\"application\/ld+json\" class=\"yoast-schema-graph\">{\"@context\":\"https:\\\/\\\/schema.org\",\"@graph\":[{\"@type\":\"WebPage\",\"@id\":\"https:\\\/\\\/iwdev.se\\\/vatgas\\\/universitetsutbildningar\\\/\",\"url\":\"https:\\\/\\\/iwdev.se\\\/vatgas\\\/universitetsutbildningar\\\/\",\"name\":\"Universitetsutbildningar - V\u00e4tgas Sverige\",\"isPartOf\":{\"@id\":\"https:\\\/\\\/iwdev.se\\\/vatgas\\\/#website\"},\"primaryImageOfPage\":{\"@id\":\"https:\\\/\\\/iwdev.se\\\/vatgas\\\/universitetsutbildningar\\\/#primaryimage\"},\"image\":{\"@id\":\"https:\\\/\\\/iwdev.se\\\/vatgas\\\/universitetsutbildningar\\\/#primaryimage\"},\"thumbnailUrl\":\"https:\\\/\\\/iwdev.se\\\/vatgas\\\/wp-content\\\/uploads\\\/2023\\\/08\\\/KTH_Logotyp_RGB_2013-1024x1024.png\",\"datePublished\":\"2023-07-10T10:30:35+00:00\",\"dateModified\":\"2025-08-29T19:06:03+00:00\",\"breadcrumb\":{\"@id\":\"https:\\\/\\\/iwdev.se\\\/vatgas\\\/universitetsutbildningar\\\/#breadcrumb\"},\"inLanguage\":\"sv-SE\",\"potentialAction\":[{\"@type\":\"ReadAction\",\"target\":[\"https:\\\/\\\/iwdev.se\\\/vatgas\\\/universitetsutbildningar\\\/\"]}]},{\"@type\":\"ImageObject\",\"inLanguage\":\"sv-SE\",\"@id\":\"https:\\\/\\\/iwdev.se\\\/vatgas\\\/universitetsutbildningar\\\/#primaryimage\",\"url\":\"\",\"contentUrl\":\"\"},{\"@type\":\"BreadcrumbList\",\"@id\":\"https:\\\/\\\/iwdev.se\\\/vatgas\\\/universitetsutbildningar\\\/#breadcrumb\",\"itemListElement\":[{\"@type\":\"ListItem\",\"position\":1,\"name\":\"Home\",\"item\":\"https:\\\/\\\/iwdev.se\\\/vatgas\\\/\"},{\"@type\":\"ListItem\",\"position\":2,\"name\":\"Universitetsutbildningar\"}]},{\"@type\":\"WebSite\",\"@id\":\"https:\\\/\\\/iwdev.se\\\/vatgas\\\/#website\",\"url\":\"https:\\\/\\\/iwdev.se\\\/vatgas\\\/\",\"name\":\"V\u00e4tgas Sverige\",\"description\":\"En ledande plattform f\u00f6r omst\u00e4llningen till fossilfrihet\",\"publisher\":{\"@id\":\"https:\\\/\\\/iwdev.se\\\/vatgas\\\/#organization\"},\"potentialAction\":[{\"@type\":\"SearchAction\",\"target\":{\"@type\":\"EntryPoint\",\"urlTemplate\":\"https:\\\/\\\/iwdev.se\\\/vatgas\\\/?s={search_term_string}\"},\"query-input\":{\"@type\":\"PropertyValueSpecification\",\"valueRequired\":true,\"valueName\":\"search_term_string\"}}],\"inLanguage\":\"sv-SE\"},{\"@type\":\"Organization\",\"@id\":\"https:\\\/\\\/iwdev.se\\\/vatgas\\\/#organization\",\"name\":\"V\u00e4tgas Sverige\",\"url\":\"https:\\\/\\\/iwdev.se\\\/vatgas\\\/\",\"logo\":{\"@type\":\"ImageObject\",\"inLanguage\":\"sv-SE\",\"@id\":\"https:\\\/\\\/iwdev.se\\\/vatgas\\\/#\\\/schema\\\/logo\\\/image\\\/\",\"url\":\"https:\\\/\\\/iwdev.se\\\/vatgas\\\/wp-content\\\/uploads\\\/2022\\\/06\\\/LOGO.png\",\"contentUrl\":\"https:\\\/\\\/iwdev.se\\\/vatgas\\\/wp-content\\\/uploads\\\/2022\\\/06\\\/LOGO.png\",\"width\":240,\"height\":147,\"caption\":\"V\u00e4tgas Sverige\"},\"image\":{\"@id\":\"https:\\\/\\\/iwdev.se\\\/vatgas\\\/#\\\/schema\\\/logo\\\/image\\\/\"}}]}<\/script>\n<!-- \/ Yoast SEO Premium plugin. -->","yoast_head_json":{"title":"Universitetsutbildningar - V\u00e4tgas Sverige","robots":{"index":"noindex","follow":"follow","max-snippet":"max-snippet:-1","max-image-preview":"max-image-preview:large","max-video-preview":"max-video-preview:-1"},"og_locale":"sv_SE","og_type":"article","og_title":"Universitetsutbildningar","og_description":"Teknisk kemi Civilingenj\u00f6rsutbildning i teknisk kemi. Kursen ger dig avancerade f\u00e4rdigheter f\u00f6r att tackla aktuella samh\u00e4llsproblem inom omr\u00e5den som milj\u00f6, energi, material och l\u00e4kemedel. Mer information Kemiteknik f\u00f6r energi och milj\u00f6 Masterprogram Kemiktenik f\u00f6r energi och milj\u00f6. Programmet ger omfattande kunskap inom kemiteknik med fokus p\u00e5 h\u00e5llbarhet. Studenter l\u00e4r sig moderna verktyg f\u00f6r att analysera [...]","og_url":"https:\/\/iwdev.se\/vatgas\/universitetsutbildningar\/","og_site_name":"V\u00e4tgas Sverige","article_modified_time":"2025-08-29T19:06:03+00:00","twitter_card":"summary_large_image","twitter_misc":{"Ber\u00e4knad l\u00e4stid":"4 minuter"},"schema":{"@context":"https:\/\/schema.org","@graph":[{"@type":"WebPage","@id":"https:\/\/iwdev.se\/vatgas\/universitetsutbildningar\/","url":"https:\/\/iwdev.se\/vatgas\/universitetsutbildningar\/","name":"Universitetsutbildningar - V\u00e4tgas Sverige","isPartOf":{"@id":"https:\/\/iwdev.se\/vatgas\/#website"},"primaryImageOfPage":{"@id":"https:\/\/iwdev.se\/vatgas\/universitetsutbildningar\/#primaryimage"},"image":{"@id":"https:\/\/iwdev.se\/vatgas\/universitetsutbildningar\/#primaryimage"},"thumbnailUrl":"https:\/\/iwdev.se\/vatgas\/wp-content\/uploads\/2023\/08\/KTH_Logotyp_RGB_2013-1024x1024.png","datePublished":"2023-07-10T10:30:35+00:00","dateModified":"2025-08-29T19:06:03+00:00","breadcrumb":{"@id":"https:\/\/iwdev.se\/vatgas\/universitetsutbildningar\/#breadcrumb"},"inLanguage":"sv-SE","potentialAction":[{"@type":"ReadAction","target":["https:\/\/iwdev.se\/vatgas\/universitetsutbildningar\/"]}]},{"@type":"ImageObject","inLanguage":"sv-SE","@id":"https:\/\/iwdev.se\/vatgas\/universitetsutbildningar\/#primaryimage","url":"","contentUrl":""},{"@type":"BreadcrumbList","@id":"https:\/\/iwdev.se\/vatgas\/universitetsutbildningar\/#breadcrumb","itemListElement":[{"@type":"ListItem","position":1,"name":"Home","item":"https:\/\/iwdev.se\/vatgas\/"},{"@type":"ListItem","position":2,"name":"Universitetsutbildningar"}]},{"@type":"WebSite","@id":"https:\/\/iwdev.se\/vatgas\/#website","url":"https:\/\/iwdev.se\/vatgas\/","name":"V\u00e4tgas Sverige","description":"En ledande plattform f\u00f6r omst\u00e4llningen till fossilfrihet","publisher":{"@id":"https:\/\/iwdev.se\/vatgas\/#organization"},"potentialAction":[{"@type":"SearchAction","target":{"@type":"EntryPoint","urlTemplate":"https:\/\/iwdev.se\/vatgas\/?s={search_term_string}"},"query-input":{"@type":"PropertyValueSpecification","valueRequired":true,"valueName":"search_term_string"}}],"inLanguage":"sv-SE"},{"@type":"Organization","@id":"https:\/\/iwdev.se\/vatgas\/#organization","name":"V\u00e4tgas Sverige","url":"https:\/\/iwdev.se\/vatgas\/","logo":{"@type":"ImageObject","inLanguage":"sv-SE","@id":"https:\/\/iwdev.se\/vatgas\/#\/schema\/logo\/image\/","url":"https:\/\/iwdev.se\/vatgas\/wp-content\/uploads\/2022\/06\/LOGO.png","contentUrl":"https:\/\/iwdev.se\/vatgas\/wp-content\/uploads\/2022\/06\/LOGO.png","width":240,"height":147,"caption":"V\u00e4tgas Sverige"},"image":{"@id":"https:\/\/iwdev.se\/vatgas\/#\/schema\/logo\/image\/"}}]}},"_links":{"self":[{"href":"https:\/\/iwdev.se\/vatgas\/wp-json\/wp\/v2\/pages\/18612","targetHints":{"allow":["GET"]}}],"collection":[{"href":"https:\/\/iwdev.se\/vatgas\/wp-json\/wp\/v2\/pages"}],"about":[{"href":"https:\/\/iwdev.se\/vatgas\/wp-json\/wp\/v2\/types\/page"}],"author":[{"embeddable":true,"href":"https:\/\/iwdev.se\/vatgas\/wp-json\/wp\/v2\/users\/3"}],"replies":[{"embeddable":true,"href":"https:\/\/iwdev.se\/vatgas\/wp-json\/wp\/v2\/comments?post=18612"}],"version-history":[{"count":11,"href":"https:\/\/iwdev.se\/vatgas\/wp-json\/wp\/v2\/pages\/18612\/revisions"}],"predecessor-version":[{"id":23434,"href":"https:\/\/iwdev.se\/vatgas\/wp-json\/wp\/v2\/pages\/18612\/revisions\/23434"}],"wp:attachment":[{"href":"https:\/\/iwdev.se\/vatgas\/wp-json\/wp\/v2\/media?parent=18612"}],"curies":[{"name":"wp","href":"https:\/\/api.w.org\/{rel}","templated":true}]}}