{"id":18626,"date":"2023-07-10T10:54:42","date_gmt":"2023-07-10T10:54:42","guid":{"rendered":"https:\/\/vatgas.hemsida.eu\/?page_id=18626"},"modified":"2025-08-29T19:57:21","modified_gmt":"2025-08-29T19:57:21","slug":"yrkeshogskolan","status":"publish","type":"page","link":"https:\/\/iwdev.se\/vatgas\/yrkeshogskolan\/","title":{"rendered":"Yrkesh\u00f6gskolan"},"content":{"rendered":"\n<p>Intresset f\u00f6r v\u00e4tgas har \u00f6kat. Men det finns fortfarande en allm\u00e4n brist p\u00e5 kunskap och medvetenhet om v\u00e4gas som ett energialternativ. V\u00e4tgas Sverige har ambitionen att ge en \u00f6versikt \u00f6ver utbudet av v\u00e4tgasutbildningar. Om din organisation erbjuder v\u00e4tgasutbildningar och ni \u00e4r intresserade av att synas h\u00e4r, h\u00f6r av dig till: <a href=\"mailto:member@vatgas.se\" target=\"_blank\" rel=\"noreferrer noopener\">member@vatgas.se<\/a>.<\/p>\n\n\n\n<div class=\"wp-block-columns is-layout-flex wp-container-core-columns-is-layout-9d6595d7 wp-block-columns-is-layout-flex\">\n<div class=\"wp-block-column is-layout-flow wp-block-column-is-layout-flow\">\n<figure class=\"wp-block-image size-full is-resized\"><a href=\"https:\/\/yh.se\/utbildningar\/gron-vatgas-tillampning-och-utveckling\/\"><img loading=\"lazy\" decoding=\"async\" width=\"780\" height=\"156\" src=\"https:\/\/iwdev.se\/vatgas\/wp-content\/uploads\/2025\/08\/image-2.png\" alt=\"\" class=\"wp-image-23440\" style=\"width:190px;height:auto\" srcset=\"https:\/\/iwdev.se\/vatgas\/wp-content\/uploads\/2025\/08\/image-2.png 780w, https:\/\/iwdev.se\/vatgas\/wp-content\/uploads\/2025\/08\/image-2-300x60.png 300w, https:\/\/iwdev.se\/vatgas\/wp-content\/uploads\/2025\/08\/image-2-768x154.png 768w, https:\/\/iwdev.se\/vatgas\/wp-content\/uploads\/2025\/08\/image-2-530x106.png 530w\" sizes=\"auto, (max-width: 780px) 100vw, 780px\" \/><\/a><\/figure>\n\n\n\n<h3 class=\"wp-block-heading\" id=\"h-gron-vatgas\">Gr\u00f6n v\u00e4tgas<\/h3>\n\n\n\n<p>Gr\u00f6n v\u00e4tgas \u2013 till\u00e4mpning och utveckling<\/p>\n\n\n\n<p>Kursen riktar sig till dig som har minst 6 m\u00e5naders erfarenhet fr\u00e5n en verksamhet som ber\u00f6rs av p\u00e5g\u00e5ende energiomst\u00e4llning.&nbsp;I kursen bygger du en grundkompetens inom anv\u00e4ndningsomr\u00e5den och potentialen f\u00f6r gr\u00f6nt v\u00e4tgasbruk.<\/p>\n\n\n\n<p><a href=\"https:\/\/ya.se\/yrkeshogskola\/gron-vatgas-tillampning-och-utveckling\/\">Mer information<\/a><\/p>\n<\/div>\n\n\n\n<div class=\"wp-block-column is-layout-flow wp-block-column-is-layout-flow\">\n<figure class=\"wp-block-image size-full is-resized\"><a href=\"https:\/\/www.trelleborg.se\/barn-utbildning\/vuxenutbildning\/yrkeshogskolan-trelleborg\/vatgas-uppbyggnad-tillampning-och-sakerhet-60-yh-poang\/\"><img loading=\"lazy\" decoding=\"async\" width=\"677\" height=\"135\" src=\"https:\/\/iwdev.se\/vatgas\/wp-content\/uploads\/2025\/08\/image-1.png\" alt=\"\" class=\"wp-image-23438\" style=\"width:204px;height:auto\" srcset=\"https:\/\/iwdev.se\/vatgas\/wp-content\/uploads\/2025\/08\/image-1.png 677w, https:\/\/iwdev.se\/vatgas\/wp-content\/uploads\/2025\/08\/image-1-300x60.png 300w, https:\/\/iwdev.se\/vatgas\/wp-content\/uploads\/2025\/08\/image-1-530x106.png 530w\" sizes=\"auto, (max-width: 677px) 100vw, 677px\" \/><\/a><\/figure>\n\n\n\n<h3 class=\"wp-block-heading\" id=\"h-vatgas\">V\u00e4tgas<\/h3>\n\n\n\n<p>V\u00e4tgas; uppbyggnad, till\u00e4mpning och s\u00e4kerhet<\/p>\n\n\n\n<p>En kort utbildning f\u00f6r dig som \u00e4r yrkesverksam i n\u00e5gon bransch som kan p\u00e5verkas av energiomst\u00e4llningen. Du kanske jobbar som elektriker, inom fastighet eller som ingenj\u00f6r inom energi, logistik eller logistikplanering.<\/p>\n\n\n\n<p>Kursen erbjuder ett breddat perspektiv och kompetens inom v\u00e4tgasomr\u00e5det, och ger dig \u00e4ven insikter inom tekniska aspekter av v\u00e4tgaslagrings- och produktionsanl\u00e4ggningar.<\/p>\n\n\n\n<p><a href=\"https:\/\/www.trelleborg.se\/barn-utbildning\/vuxenutbildning\/yrkeshogskolan-trelleborg\/vatgas-uppbyggnad-tillampning-och-sakerhet-60-yh-poang\/\">Mer information<\/a><\/p>\n<\/div>\n\n\n\n<div class=\"wp-block-column is-layout-flow wp-block-column-is-layout-flow\">\n<figure class=\"wp-block-image size-full is-resized\"><a href=\"https:\/\/lapplands.se\/sv\/larcentra\/upptaeck-vaara-utbildningar\/yrkeshoegskola\/processtekniker-med-vaetgaskompetens\/\"><img loading=\"lazy\" decoding=\"async\" width=\"414\" height=\"268\" src=\"https:\/\/iwdev.se\/vatgas\/wp-content\/uploads\/2024\/01\/Skarmavbild-2024-01-23-kl.-15.58.29.png\" alt=\"\" class=\"wp-image-19700\" style=\"width:91px;height:auto\" srcset=\"https:\/\/iwdev.se\/vatgas\/wp-content\/uploads\/2024\/01\/Skarmavbild-2024-01-23-kl.-15.58.29.png 414w, https:\/\/iwdev.se\/vatgas\/wp-content\/uploads\/2024\/01\/Skarmavbild-2024-01-23-kl.-15.58.29-300x194.png 300w\" sizes=\"auto, (max-width: 414px) 100vw, 414px\" \/><\/a><\/figure>\n\n\n\n<h3 class=\"wp-block-heading\" id=\"h-processtekniker\">Processtekniker <\/h3>\n\n\n\n<p>Processtekniker med v\u00e4tgaskompetens.<\/p>\n\n\n\n<p>I utbildningen l\u00e4ser du bland annat&nbsp;processteknik&nbsp;och f\u00e5r kunskaper&nbsp;som&nbsp;industri- och energisektorn efterfr\u00e5gar.&nbsp;F\u00f6rutom detta f\u00e5r du djupg\u00e5ende kunskaper inom&nbsp;v\u00e4tgas, andra explosiva och br\u00e4nnbara gaser samt hur man hanterar dessa p\u00e5 ett s\u00e4kert s\u00e4tt.&nbsp;Efter avslutad utbildning kan du jobba inom industri- och energibranschen som&nbsp;drift- och underh\u00e5llstekniker, processtekniker och processoperat\u00f6r.&nbsp;En stor del av utbildningen g\u00f6r du ute hos f\u00f6retag (LIA) d\u00e4r&nbsp;du rustas f\u00f6r arbetslivet och din kommande yrkesroll och f\u00e5r \u00e4ven m\u00f6jlighet att skapa n\u00e4tverk!&nbsp;&nbsp;<\/p>\n\n\n\n<p><a href=\"https:\/\/lapplands.se\/sv\/larcentra\/upptaeck-vaara-utbildningar\/yrkeshoegskola\/processtekniker-med-vaetgaskompetens\/\">Mer information<\/a><\/p>\n<\/div>\n<\/div>\n\n\n\n<div class=\"wp-block-columns is-layout-flex wp-container-core-columns-is-layout-9d6595d7 wp-block-columns-is-layout-flex\">\n<div class=\"wp-block-column is-layout-flow wp-block-column-is-layout-flow\"><\/div>\n\n\n\n<div class=\"wp-block-column is-layout-flow wp-block-column-is-layout-flow\"><\/div>\n\n\n\n<div class=\"wp-block-column is-layout-flow wp-block-column-is-layout-flow\"><\/div>\n<\/div>\n\n\n\n<hr class=\"wp-block-separator has-alpha-channel-opacity\"\/>\n\n\n\n<div class=\"wp-block-columns is-layout-flex wp-container-core-columns-is-layout-9d6595d7 wp-block-columns-is-layout-flex\">\n<div class=\"wp-block-column is-layout-flow wp-block-column-is-layout-flow\">\n<figure class=\"wp-block-image size-full is-resized\"><a href=\"https:\/\/teknikhogskolan.se\/utbildningar\/drift-och-underhallstekniker-vatgas\/?utm_medium=referral&amp;utm_source=vatgassverige&amp;utm_campaign=drift_och_underhallstekniker_vatgas\"><img decoding=\"async\" src=\"https:\/\/iwdev.se\/vatgas\/wp-content\/uploads\/2024\/05\/th-logga.png\" alt=\"\" class=\"wp-image-20528\" style=\"aspect-ratio:1.0666666666666667;object-fit:cover;width:108px;height:auto\"\/><\/a><\/figure>\n\n\n\n<h3 class=\"wp-block-heading\" id=\"h-drift-och-underhallstekniker-vatgas\"><a>Drift- och underh\u00e5llstekniker v\u00e4tgas<\/a><\/h3>\n\n\n\n<p>F\u00e5 bred kunskap som energibranschen efterfr\u00e5gar med v\u00e5r 2-\u00e5riga YH-utbildning i drift- och underh\u00e5llsteknik f\u00f6r v\u00e4tgas, erbjuden i flera st\u00e4der. I utbildningen ing\u00e5r kurser som ber\u00f6r installation, underh\u00e5llning och reparation av elsystem samt tv\u00e5 l\u00e5nga praktikperioder (LIA \u2013 l\u00e4rande i arbete) ute p\u00e5 f\u00f6retag.<\/p>\n\n\n\n<p>Efter examen kan du arbeta som drift- och underh\u00e5llstekniker, gasf\u00f6rest\u00e5ndare eller processtekniker.<\/p>\n\n\n\n<p><a href=\"https:\/\/teknikhogskolan.se\/utbildningar\/drift-och-underhallstekniker-vatgas\/?utm_medium=referral&amp;utm_source=vatgassverige&amp;utm_campaign=drift_och_underhallstekniker_vatgas\">Mer information <\/a><\/p>\n<\/div>\n\n\n\n<div class=\"wp-block-column is-layout-flow wp-block-column-is-layout-flow\">\n<figure class=\"wp-block-image size-full is-resized\"><a href=\"https:\/\/teknikhogskolan.se\/utbildningar\/anslutning-produktionsanlaggningar-och-lagring-fornybar-energi\/?utm_campaign=Anslutning+av+produktionsanl%C3%A4ggningar+och+lagring+%E2%80%93+f%C3%B6rnybar+energi&amp;utm_medium=referral&amp;utm_source=studentum&amp;tduid=304d555274fe1902e55f3256dbd7aa85\"><img decoding=\"async\" src=\"https:\/\/iwdev.se\/vatgas\/wp-content\/uploads\/2024\/05\/th-logga.png\" alt=\"\" class=\"wp-image-20528\" style=\"aspect-ratio:1.0666666666666667;object-fit:cover;width:108px;height:auto\"\/><\/a><\/figure>\n\n\n\n<h3 class=\"wp-block-heading\" id=\"h-anslutning-av-anlaggningar-och-lagring\">Anslutning av anl\u00e4ggningar och lagring <\/h3>\n\n\n\n<p>Anslutning av anl\u00e4ggningar och lagring \u2013 f\u00f6rnybar energi<\/p>\n\n\n\n<p>Detta \u00e4r en kort YH-utbildning som v\u00e4nder sig till dig med erfarenhet inom el- och energibranschen.<\/p>\n\n\n\n<p>Behovet av el \u00f6kar samtidigt som fossila br\u00e4nslen fasas ut och ers\u00e4tts av h\u00e5llbara energik\u00e4llor som sol, vind och v\u00e4tgas. F\u00f6r att m\u00f6ta den gr\u00f6na omst\u00e4llningens utmaningar kr\u00e4vs \u00f6kad kompetens. Kursen ger dig kunskap f\u00f6r att etablera produktionsanl\u00e4ggningar f\u00f6r fossilfria energik\u00e4llor<\/p>\n\n\n\n<p><a href=\"https:\/\/teknikhogskolan.se\/utbildningar\/anslutning-produktionsanlaggningar-och-lagring-fornybar-energi\/?utm_campaign=Anslutning+av+produktionsanl%C3%A4ggningar+och+lagring+%E2%80%93+f%C3%B6rnybar+energi&amp;utm_medium=referral&amp;utm_source=studentum&amp;tduid=304d555274fe1902e55f3256dbd7aa85\">Mer information <\/a><\/p>\n<\/div>\n\n\n\n<div class=\"wp-block-column is-layout-flow wp-block-column-is-layout-flow\"><\/div>\n<\/div>\n","protected":false},"excerpt":{"rendered":"<p>Intresset f\u00f6r v\u00e4tgas har \u00f6kat. Men det finns fortfarande en allm\u00e4n brist p\u00e5 kunskap och medvetenhet om v\u00e4gas som ett energialternativ. V\u00e4tgas Sverige har ambitionen att ge en \u00f6versikt \u00f6ver utbudet av v\u00e4tgasutbildningar. Om din organisation erbjuder v\u00e4tgasutbildningar och ni \u00e4r intresserade av att synas h\u00e4r, h\u00f6r av dig till: member@vatgas.se. Gr\u00f6n v\u00e4tgas Gr\u00f6n v\u00e4tgas <a class=\"moretag\" href=\"https:\/\/iwdev.se\/vatgas\/yrkeshogskolan\/\">[&#8230;]<\/a><\/p>\n","protected":false},"author":3,"featured_media":0,"parent":0,"menu_order":0,"comment_status":"closed","ping_status":"closed","template":"","meta":{"_acf_changed":false,"footnotes":""},"class_list":["post-18626","page","type-page","status-publish","hentry"],"acf":[],"yoast_head":"<!-- This site is optimized with the Yoast SEO Premium plugin v26.4 (Yoast SEO v27.4) - https:\/\/yoast.com\/product\/yoast-seo-premium-wordpress\/ -->\n<title>Yrkesh\u00f6gskolan - V\u00e4tgas Sverige<\/title>\n<meta name=\"robots\" content=\"noindex, follow, max-snippet:-1, max-image-preview:large, max-video-preview:-1\" \/>\n<meta property=\"og:locale\" content=\"sv_SE\" \/>\n<meta property=\"og:type\" content=\"article\" \/>\n<meta property=\"og:title\" content=\"Yrkesh\u00f6gskolan\" \/>\n<meta property=\"og:description\" content=\"Intresset f\u00f6r v\u00e4tgas har \u00f6kat. Men det finns fortfarande en allm\u00e4n brist p\u00e5 kunskap och medvetenhet om v\u00e4gas som ett energialternativ. V\u00e4tgas Sverige har ambitionen att ge en \u00f6versikt \u00f6ver utbudet av v\u00e4tgasutbildningar. Om din organisation erbjuder v\u00e4tgasutbildningar och ni \u00e4r intresserade av att synas h\u00e4r, h\u00f6r av dig till: member@vatgas.se. Gr\u00f6n v\u00e4tgas Gr\u00f6n v\u00e4tgas [...]\" \/>\n<meta property=\"og:url\" content=\"https:\/\/iwdev.se\/vatgas\/yrkeshogskolan\/\" \/>\n<meta property=\"og:site_name\" content=\"V\u00e4tgas Sverige\" \/>\n<meta property=\"article:modified_time\" content=\"2025-08-29T19:57:21+00:00\" \/>\n<meta property=\"og:image\" content=\"https:\/\/iwdev.se\/vatgas\/wp-content\/uploads\/2025\/08\/image-2.png\" \/>\n\t<meta property=\"og:image:width\" content=\"780\" \/>\n\t<meta property=\"og:image:height\" content=\"156\" \/>\n\t<meta property=\"og:image:type\" content=\"image\/png\" \/>\n<meta name=\"twitter:card\" content=\"summary_large_image\" \/>\n<meta name=\"twitter:label1\" content=\"Ber\u00e4knad l\u00e4stid\" \/>\n\t<meta name=\"twitter:data1\" content=\"3 minuter\" \/>\n<script type=\"application\/ld+json\" class=\"yoast-schema-graph\">{\"@context\":\"https:\\\/\\\/schema.org\",\"@graph\":[{\"@type\":\"WebPage\",\"@id\":\"https:\\\/\\\/iwdev.se\\\/vatgas\\\/yrkeshogskolan\\\/\",\"url\":\"https:\\\/\\\/iwdev.se\\\/vatgas\\\/yrkeshogskolan\\\/\",\"name\":\"Yrkesh\u00f6gskolan - V\u00e4tgas Sverige\",\"isPartOf\":{\"@id\":\"https:\\\/\\\/iwdev.se\\\/vatgas\\\/#website\"},\"primaryImageOfPage\":{\"@id\":\"https:\\\/\\\/iwdev.se\\\/vatgas\\\/yrkeshogskolan\\\/#primaryimage\"},\"image\":{\"@id\":\"https:\\\/\\\/iwdev.se\\\/vatgas\\\/yrkeshogskolan\\\/#primaryimage\"},\"thumbnailUrl\":\"https:\\\/\\\/iwdev.se\\\/vatgas\\\/wp-content\\\/uploads\\\/2025\\\/08\\\/image-2.png\",\"datePublished\":\"2023-07-10T10:54:42+00:00\",\"dateModified\":\"2025-08-29T19:57:21+00:00\",\"breadcrumb\":{\"@id\":\"https:\\\/\\\/iwdev.se\\\/vatgas\\\/yrkeshogskolan\\\/#breadcrumb\"},\"inLanguage\":\"sv-SE\",\"potentialAction\":[{\"@type\":\"ReadAction\",\"target\":[\"https:\\\/\\\/iwdev.se\\\/vatgas\\\/yrkeshogskolan\\\/\"]}]},{\"@type\":\"ImageObject\",\"inLanguage\":\"sv-SE\",\"@id\":\"https:\\\/\\\/iwdev.se\\\/vatgas\\\/yrkeshogskolan\\\/#primaryimage\",\"url\":\"https:\\\/\\\/iwdev.se\\\/vatgas\\\/wp-content\\\/uploads\\\/2025\\\/08\\\/image-2.png\",\"contentUrl\":\"https:\\\/\\\/iwdev.se\\\/vatgas\\\/wp-content\\\/uploads\\\/2025\\\/08\\\/image-2.png\",\"width\":780,\"height\":156},{\"@type\":\"BreadcrumbList\",\"@id\":\"https:\\\/\\\/iwdev.se\\\/vatgas\\\/yrkeshogskolan\\\/#breadcrumb\",\"itemListElement\":[{\"@type\":\"ListItem\",\"position\":1,\"name\":\"Home\",\"item\":\"https:\\\/\\\/iwdev.se\\\/vatgas\\\/\"},{\"@type\":\"ListItem\",\"position\":2,\"name\":\"Yrkesh\u00f6gskolan\"}]},{\"@type\":\"WebSite\",\"@id\":\"https:\\\/\\\/iwdev.se\\\/vatgas\\\/#website\",\"url\":\"https:\\\/\\\/iwdev.se\\\/vatgas\\\/\",\"name\":\"V\u00e4tgas Sverige\",\"description\":\"En ledande plattform f\u00f6r omst\u00e4llningen till fossilfrihet\",\"publisher\":{\"@id\":\"https:\\\/\\\/iwdev.se\\\/vatgas\\\/#organization\"},\"potentialAction\":[{\"@type\":\"SearchAction\",\"target\":{\"@type\":\"EntryPoint\",\"urlTemplate\":\"https:\\\/\\\/iwdev.se\\\/vatgas\\\/?s={search_term_string}\"},\"query-input\":{\"@type\":\"PropertyValueSpecification\",\"valueRequired\":true,\"valueName\":\"search_term_string\"}}],\"inLanguage\":\"sv-SE\"},{\"@type\":\"Organization\",\"@id\":\"https:\\\/\\\/iwdev.se\\\/vatgas\\\/#organization\",\"name\":\"V\u00e4tgas Sverige\",\"url\":\"https:\\\/\\\/iwdev.se\\\/vatgas\\\/\",\"logo\":{\"@type\":\"ImageObject\",\"inLanguage\":\"sv-SE\",\"@id\":\"https:\\\/\\\/iwdev.se\\\/vatgas\\\/#\\\/schema\\\/logo\\\/image\\\/\",\"url\":\"https:\\\/\\\/iwdev.se\\\/vatgas\\\/wp-content\\\/uploads\\\/2022\\\/06\\\/LOGO.png\",\"contentUrl\":\"https:\\\/\\\/iwdev.se\\\/vatgas\\\/wp-content\\\/uploads\\\/2022\\\/06\\\/LOGO.png\",\"width\":240,\"height\":147,\"caption\":\"V\u00e4tgas Sverige\"},\"image\":{\"@id\":\"https:\\\/\\\/iwdev.se\\\/vatgas\\\/#\\\/schema\\\/logo\\\/image\\\/\"}}]}<\/script>\n<!-- \/ Yoast SEO Premium plugin. -->","yoast_head_json":{"title":"Yrkesh\u00f6gskolan - V\u00e4tgas Sverige","robots":{"index":"noindex","follow":"follow","max-snippet":"max-snippet:-1","max-image-preview":"max-image-preview:large","max-video-preview":"max-video-preview:-1"},"og_locale":"sv_SE","og_type":"article","og_title":"Yrkesh\u00f6gskolan","og_description":"Intresset f\u00f6r v\u00e4tgas har \u00f6kat. Men det finns fortfarande en allm\u00e4n brist p\u00e5 kunskap och medvetenhet om v\u00e4gas som ett energialternativ. V\u00e4tgas Sverige har ambitionen att ge en \u00f6versikt \u00f6ver utbudet av v\u00e4tgasutbildningar. Om din organisation erbjuder v\u00e4tgasutbildningar och ni \u00e4r intresserade av att synas h\u00e4r, h\u00f6r av dig till: member@vatgas.se. Gr\u00f6n v\u00e4tgas Gr\u00f6n v\u00e4tgas [...]","og_url":"https:\/\/iwdev.se\/vatgas\/yrkeshogskolan\/","og_site_name":"V\u00e4tgas Sverige","article_modified_time":"2025-08-29T19:57:21+00:00","og_image":[{"width":780,"height":156,"url":"https:\/\/iwdev.se\/vatgas\/wp-content\/uploads\/2025\/08\/image-2.png","type":"image\/png"}],"twitter_card":"summary_large_image","twitter_misc":{"Ber\u00e4knad l\u00e4stid":"3 minuter"},"schema":{"@context":"https:\/\/schema.org","@graph":[{"@type":"WebPage","@id":"https:\/\/iwdev.se\/vatgas\/yrkeshogskolan\/","url":"https:\/\/iwdev.se\/vatgas\/yrkeshogskolan\/","name":"Yrkesh\u00f6gskolan - V\u00e4tgas Sverige","isPartOf":{"@id":"https:\/\/iwdev.se\/vatgas\/#website"},"primaryImageOfPage":{"@id":"https:\/\/iwdev.se\/vatgas\/yrkeshogskolan\/#primaryimage"},"image":{"@id":"https:\/\/iwdev.se\/vatgas\/yrkeshogskolan\/#primaryimage"},"thumbnailUrl":"https:\/\/iwdev.se\/vatgas\/wp-content\/uploads\/2025\/08\/image-2.png","datePublished":"2023-07-10T10:54:42+00:00","dateModified":"2025-08-29T19:57:21+00:00","breadcrumb":{"@id":"https:\/\/iwdev.se\/vatgas\/yrkeshogskolan\/#breadcrumb"},"inLanguage":"sv-SE","potentialAction":[{"@type":"ReadAction","target":["https:\/\/iwdev.se\/vatgas\/yrkeshogskolan\/"]}]},{"@type":"ImageObject","inLanguage":"sv-SE","@id":"https:\/\/iwdev.se\/vatgas\/yrkeshogskolan\/#primaryimage","url":"https:\/\/iwdev.se\/vatgas\/wp-content\/uploads\/2025\/08\/image-2.png","contentUrl":"https:\/\/iwdev.se\/vatgas\/wp-content\/uploads\/2025\/08\/image-2.png","width":780,"height":156},{"@type":"BreadcrumbList","@id":"https:\/\/iwdev.se\/vatgas\/yrkeshogskolan\/#breadcrumb","itemListElement":[{"@type":"ListItem","position":1,"name":"Home","item":"https:\/\/iwdev.se\/vatgas\/"},{"@type":"ListItem","position":2,"name":"Yrkesh\u00f6gskolan"}]},{"@type":"WebSite","@id":"https:\/\/iwdev.se\/vatgas\/#website","url":"https:\/\/iwdev.se\/vatgas\/","name":"V\u00e4tgas Sverige","description":"En ledande plattform f\u00f6r omst\u00e4llningen till fossilfrihet","publisher":{"@id":"https:\/\/iwdev.se\/vatgas\/#organization"},"potentialAction":[{"@type":"SearchAction","target":{"@type":"EntryPoint","urlTemplate":"https:\/\/iwdev.se\/vatgas\/?s={search_term_string}"},"query-input":{"@type":"PropertyValueSpecification","valueRequired":true,"valueName":"search_term_string"}}],"inLanguage":"sv-SE"},{"@type":"Organization","@id":"https:\/\/iwdev.se\/vatgas\/#organization","name":"V\u00e4tgas Sverige","url":"https:\/\/iwdev.se\/vatgas\/","logo":{"@type":"ImageObject","inLanguage":"sv-SE","@id":"https:\/\/iwdev.se\/vatgas\/#\/schema\/logo\/image\/","url":"https:\/\/iwdev.se\/vatgas\/wp-content\/uploads\/2022\/06\/LOGO.png","contentUrl":"https:\/\/iwdev.se\/vatgas\/wp-content\/uploads\/2022\/06\/LOGO.png","width":240,"height":147,"caption":"V\u00e4tgas Sverige"},"image":{"@id":"https:\/\/iwdev.se\/vatgas\/#\/schema\/logo\/image\/"}}]}},"_links":{"self":[{"href":"https:\/\/iwdev.se\/vatgas\/wp-json\/wp\/v2\/pages\/18626","targetHints":{"allow":["GET"]}}],"collection":[{"href":"https:\/\/iwdev.se\/vatgas\/wp-json\/wp\/v2\/pages"}],"about":[{"href":"https:\/\/iwdev.se\/vatgas\/wp-json\/wp\/v2\/types\/page"}],"author":[{"embeddable":true,"href":"https:\/\/iwdev.se\/vatgas\/wp-json\/wp\/v2\/users\/3"}],"replies":[{"embeddable":true,"href":"https:\/\/iwdev.se\/vatgas\/wp-json\/wp\/v2\/comments?post=18626"}],"version-history":[{"count":16,"href":"https:\/\/iwdev.se\/vatgas\/wp-json\/wp\/v2\/pages\/18626\/revisions"}],"predecessor-version":[{"id":23447,"href":"https:\/\/iwdev.se\/vatgas\/wp-json\/wp\/v2\/pages\/18626\/revisions\/23447"}],"wp:attachment":[{"href":"https:\/\/iwdev.se\/vatgas\/wp-json\/wp\/v2\/media?parent=18626"}],"curies":[{"name":"wp","href":"https:\/\/api.w.org\/{rel}","templated":true}]}}