{"id":18637,"date":"2023-07-10T11:13:37","date_gmt":"2023-07-10T11:13:37","guid":{"rendered":"https:\/\/vatgas.hemsida.eu\/?page_id=18637"},"modified":"2025-02-17T10:10:51","modified_gmt":"2025-02-17T10:10:51","slug":"internationella-utbildningar","status":"publish","type":"page","link":"https:\/\/iwdev.se\/vatgas\/internationella-utbildningar\/","title":{"rendered":"Internationella utbildningar"},"content":{"rendered":"\n<p>Intresset f\u00f6r v\u00e4te- och br\u00e4nslecellsteknik \u00f6kar, men det finns fortfarande en allm\u00e4n brist p\u00e5 kunskap och medvetenhet om v\u00e4gas som ett energialternativ. V\u00e4tgas Sverige har ambitionen att ge en \u00f6versikt \u00f6ver internationella v\u00e4tgasutbildningar. Nedan akt\u00f6rer har tackat ja till att synas p\u00e5 v\u00e5r hemsida. Om du vill synas h\u00e4r, h\u00f6r av dig till <a href=\"mailto:member@vatgas.se\" target=\"_blank\" rel=\"noreferrer noopener\">member@vatgas.se<\/a>.<\/p>\n\n\n\n<div class=\"wp-block-columns is-layout-flex wp-container-core-columns-is-layout-9d6595d7 wp-block-columns-is-layout-flex\">\n<div class=\"wp-block-column is-layout-flow wp-block-column-is-layout-flow\">\n<figure class=\"wp-block-image size-full is-resized\"><a href=\"https:\/\/www.infocusinternational.com\/hydrogen\"><img decoding=\"async\" src=\"https:\/\/iwdev.se\/vatgas\/wp-content\/uploads\/2023\/08\/infocus.png\" alt=\"\" class=\"wp-image-18863\" style=\"width:56px;height:71px\"\/><\/a><\/figure>\n\n\n\n<h3 class=\"wp-block-heading\" id=\"h-mastering-clean-hydrogen\">Mastering Clean Hydrogen<\/h3>\n\n\n\n<p>Kursen ger en f\u00f6retagsinriktad syn p\u00e5 v\u00e4tgasanv\u00e4ndning, hj\u00e4lper dig att urskilja marknadstrender och bed\u00f6ma v\u00e4tgasens utmaningar och f\u00f6rdelar i olika marknadsomr\u00e5den.<\/p>\n\n\n\n<p><a href=\"https:\/\/www.infocusinternational.com\/hydrogen\">Mer information <\/a><\/p>\n<\/div>\n\n\n\n<div class=\"wp-block-column is-layout-flow wp-block-column-is-layout-flow\">\n<figure class=\"wp-block-image size-full is-resized\"><a href=\"https:\/\/www.renewableinstitute.org\/training\/developing-hydrogen-energy-projects\/\"><img decoding=\"async\" src=\"https:\/\/iwdev.se\/vatgas\/wp-content\/uploads\/2023\/08\/image-5.png\" alt=\"\" class=\"wp-image-18859\" style=\"width:63px;height:70px\"\/><\/a><\/figure>\n\n\n\n<h3 class=\"wp-block-heading\" id=\"h-developing-hydrogen-energy-projects\">Developing Hydrogen Energy Projects<\/h3>\n\n\n\n<p>Kursen ger dig f\u00f6rdjupad kunskap om att framg\u00e5ngsrikt hantera v\u00e4teenergiprojekt, med fokus p\u00e5 b\u00e5de teknik och ekonomi.<\/p>\n\n\n\n<p><a href=\"https:\/\/www.renewableinstitute.org\/training\/developing-hydrogen-energy-projects\/\">Mer information <\/a><\/p>\n<\/div>\n\n\n\n<div class=\"wp-block-column is-layout-flow wp-block-column-is-layout-flow\">\n<figure class=\"wp-block-image size-full is-resized\"><a href=\"https:\/\/www.renewableinstitute.org\/training\/hydrogen-energy-consultant-expert-certificate\/\"><img decoding=\"async\" src=\"https:\/\/iwdev.se\/vatgas\/wp-content\/uploads\/2023\/08\/image-5.png\" alt=\"\" class=\"wp-image-18859\" style=\"width:63px;height:70px\"\/><\/a><\/figure>\n\n\n\n<h3 class=\"wp-block-heading\" id=\"h-hydrogen-energy-consultant\">Hydrogen Energy Consultant<\/h3>\n\n\n\n<p>Hydrogen Energy Consultant Expert Certificate<\/p>\n\n\n\n<p>Kursen fokuserar huvudsakligen p\u00e5 v\u00e4tgasenergi, projektutveckling inom v\u00e4tgasenergi och f\u00f6rvaltning av f\u00f6rnybar energi och dess ekonomi.<\/p>\n\n\n\n<p><a href=\"https:\/\/www.renewableinstitute.org\/training\/hydrogen-energy-consultant-expert-certificate\/\">Mer information <\/a><\/p>\n\n\n\n<p><\/p>\n<\/div>\n<\/div>\n\n\n\n<hr class=\"wp-block-separator has-alpha-channel-opacity\"\/>\n\n\n\n<div class=\"wp-block-columns is-layout-flex wp-container-core-columns-is-layout-9d6595d7 wp-block-columns-is-layout-flex\">\n<div class=\"wp-block-column is-layout-flow wp-block-column-is-layout-flow\">\n<figure class=\"wp-block-image size-full is-resized\"><a href=\"https:\/\/www.renewableinstitute.org\/training\/hydrogen-energy-course\/\"><img decoding=\"async\" src=\"https:\/\/iwdev.se\/vatgas\/wp-content\/uploads\/2023\/08\/image-5.png\" alt=\"\" class=\"wp-image-18859\" style=\"width:63px;height:70px\"\/><\/a><\/figure>\n\n\n\n<h3 class=\"wp-block-heading\" id=\"h-hydrogen-energy\">Hydrogen Energy <\/h3>\n\n\n\n<p>Kursen erbjuder nyaste kunskapen om v\u00e4teenergiprojekt, f\u00f6rdelar med v\u00e4teteknik och v\u00e4teekonomi. Passar f\u00f6r b\u00e5de nyb\u00f6rjare och experter.<\/p>\n\n\n\n<p>Det rekommenderas att du tar den h\u00e4r kursen innan du g\u00e5r kursen &#8221;Developing Hydrogen Energy Projects&#8221; av REI.<\/p>\n\n\n\n<p><a href=\"https:\/\/www.renewableinstitute.org\/training\/hydrogen-energy-course\/\">Mer information <\/a><\/p>\n<\/div>\n\n\n\n<div class=\"wp-block-column is-layout-flow wp-block-column-is-layout-flow\">\n<figure class=\"wp-block-image size-full is-resized\"><a href=\"https:\/\/www.tuvsud.com\/en-gb\/store\/academy-gb\/training-sectors\/hydrogen\/13-087-22-0001?tracking=searchterm:hydrogen\"><img decoding=\"async\" src=\"https:\/\/iwdev.se\/vatgas\/wp-content\/uploads\/2023\/11\/tuv-sud-768x768-1.png\" alt=\"\" class=\"wp-image-19448\" style=\"object-fit:cover;width:67px;height:70px\"\/><\/a><\/figure>\n\n\n\n<h3 class=\"wp-block-heading\" id=\"h-hydrogen-application-training-course\">Hydrogen Application Training Course <\/h3>\n\n\n\n<p>Hydrogen Application Training Course &#8211; Complete Package<\/p>\n\n\n\n<p>Utbildningen fokuserar p\u00e5 s\u00e4ker och korrekt hantering av v\u00e4tgas, inklusive en omfattande introduktion till v\u00e4te, v\u00e4te-teknologier och relaterade risker, samt skydds\u00e5tg\u00e4rder och arbetsmilj\u00f6 i samband med v\u00e4tgas.<\/p>\n\n\n\n<p><a href=\"https:\/\/www.tuvsud.com\/en-gb\/store\/academy-gb\/training-sectors\/hydrogen\/13-087-22-0001?tracking=searchterm:hydrogen\">Mer information<\/a> <\/p>\n<\/div>\n\n\n\n<div class=\"wp-block-column is-layout-flow wp-block-column-is-layout-flow\">\n<figure class=\"wp-block-image size-full is-resized\"><a href=\"https:\/\/www.tuvsud.com\/en-gb\/store\/academy-gb\/training-sectors\/hydrogen\/07-166-23-1001?tracking=searchterm:hydrogen\"><img decoding=\"async\" src=\"https:\/\/iwdev.se\/vatgas\/wp-content\/uploads\/2023\/11\/tuv-sud-768x768-1.png\" alt=\"\" class=\"wp-image-19448\" style=\"object-fit:cover;width:67px;height:70px\"\/><\/a><\/figure>\n\n\n\n<h3 class=\"wp-block-heading\" id=\"h-basics-on-certification-of-green-hydrogen\">Basics on Certification of Green Hydrogen <\/h3>\n\n\n\n<p>Basics on Certification of Green Hydrogen According to CertifHy\u00ae E-Learning Course<\/p>\n\n\n\n<p>Kursen visar hur gr\u00f6nt v\u00e4te kan bidra till en koldioxidfri och h\u00e5llbar framtid samt hur man kan anv\u00e4nda och certifiera gr\u00f6nt v\u00e4te enligt det europeiska programmet &#8221;CertyHy&#8221;.<\/p>\n\n\n\n<p><a href=\"https:\/\/www.tuvsud.com\/en-gb\/store\/academy-gb\/training-sectors\/hydrogen\/07-166-23-1001?tracking=searchterm:hydrogen\">Mer information<\/a> <\/p>\n<\/div>\n<\/div>\n\n\n\n<hr class=\"wp-block-separator has-alpha-channel-opacity\"\/>\n\n\n\n<div class=\"wp-block-columns is-layout-flex wp-container-core-columns-is-layout-9d6595d7 wp-block-columns-is-layout-flex\">\n<div class=\"wp-block-column is-layout-flow wp-block-column-is-layout-flow\">\n<figure class=\"wp-block-image size-full is-resized\"><a href=\"https:\/\/www.tuvsud.com\/en-gb\/store\/academy-gb\/training-sectors\/hydrogen\/07-027-21-1001?tracking=searchterm:hydrogen\"><img decoding=\"async\" src=\"https:\/\/iwdev.se\/vatgas\/wp-content\/uploads\/2023\/11\/tuv-sud-768x768-1.png\" alt=\"\" class=\"wp-image-19448\" style=\"object-fit:cover;width:67px;height:70px\"\/><\/a><\/figure>\n\n\n\n<h3 class=\"wp-block-heading\" id=\"h-fundamentals-of-hydrogen-technologies\">Fundamentals of Hydrogen Technologies <\/h3>\n\n\n\n<p>Fundamentals of Hydrogen Technologies E-Learning Course<\/p>\n\n\n\n<p>Kursen \u00f6kar medvetenhet om farorna vid hantering av v\u00e4tgas och l\u00e4r hur man utf\u00f6r f\u00f6rsta hj\u00e4lpen vid n\u00f6dsituationer.<\/p>\n\n\n\n<p><a href=\"https:\/\/www.tuvsud.com\/en-gb\/store\/academy-gb\/training-sectors\/hydrogen\/07-027-21-1001?tracking=searchterm:hydrogen\">Mer information <\/a><\/p>\n<\/div>\n\n\n\n<div class=\"wp-block-column is-layout-flow wp-block-column-is-layout-flow\"><\/div>\n\n\n\n<div class=\"wp-block-column is-layout-flow wp-block-column-is-layout-flow\"><\/div>\n<\/div>\n\n\n\n<hr class=\"wp-block-separator has-alpha-channel-opacity\"\/>\n","protected":false},"excerpt":{"rendered":"<p>Intresset f\u00f6r v\u00e4te- och br\u00e4nslecellsteknik \u00f6kar, men det finns fortfarande en allm\u00e4n brist p\u00e5 kunskap och medvetenhet om v\u00e4gas som ett energialternativ. V\u00e4tgas Sverige har ambitionen att ge en \u00f6versikt \u00f6ver internationella v\u00e4tgasutbildningar. Nedan akt\u00f6rer har tackat ja till att synas p\u00e5 v\u00e5r hemsida. Om du vill synas h\u00e4r, h\u00f6r av dig till member@vatgas.se. Mastering <a class=\"moretag\" href=\"https:\/\/iwdev.se\/vatgas\/internationella-utbildningar\/\">[&#8230;]<\/a><\/p>\n","protected":false},"author":3,"featured_media":0,"parent":0,"menu_order":0,"comment_status":"closed","ping_status":"closed","template":"","meta":{"_acf_changed":false,"footnotes":""},"class_list":["post-18637","page","type-page","status-publish","hentry"],"acf":[],"yoast_head":"<!-- This site is optimized with the Yoast SEO Premium plugin v26.4 (Yoast SEO v27.4) - https:\/\/yoast.com\/product\/yoast-seo-premium-wordpress\/ -->\n<title>Internationella utbildningar - V\u00e4tgas Sverige<\/title>\n<meta name=\"robots\" content=\"noindex, follow, max-snippet:-1, max-image-preview:large, max-video-preview:-1\" \/>\n<meta property=\"og:locale\" content=\"sv_SE\" \/>\n<meta property=\"og:type\" content=\"article\" \/>\n<meta property=\"og:title\" content=\"Internationella utbildningar\" \/>\n<meta property=\"og:description\" content=\"Intresset f\u00f6r v\u00e4te- och br\u00e4nslecellsteknik \u00f6kar, men det finns fortfarande en allm\u00e4n brist p\u00e5 kunskap och medvetenhet om v\u00e4gas som ett energialternativ. V\u00e4tgas Sverige har ambitionen att ge en \u00f6versikt \u00f6ver internationella v\u00e4tgasutbildningar. Nedan akt\u00f6rer har tackat ja till att synas p\u00e5 v\u00e5r hemsida. Om du vill synas h\u00e4r, h\u00f6r av dig till member@vatgas.se. Mastering [...]\" \/>\n<meta property=\"og:url\" content=\"https:\/\/iwdev.se\/vatgas\/internationella-utbildningar\/\" \/>\n<meta property=\"og:site_name\" content=\"V\u00e4tgas Sverige\" \/>\n<meta property=\"article:modified_time\" content=\"2025-02-17T10:10:51+00:00\" \/>\n<meta property=\"og:image\" content=\"https:\/\/iwdev.se\/vatgas\/wp-content\/uploads\/2023\/08\/infocus.png\" \/>\n<meta name=\"twitter:card\" content=\"summary_large_image\" \/>\n<meta name=\"twitter:label1\" content=\"Ber\u00e4knad l\u00e4stid\" \/>\n\t<meta name=\"twitter:data1\" content=\"3 minuter\" \/>\n<script type=\"application\/ld+json\" class=\"yoast-schema-graph\">{\"@context\":\"https:\\\/\\\/schema.org\",\"@graph\":[{\"@type\":\"WebPage\",\"@id\":\"https:\\\/\\\/iwdev.se\\\/vatgas\\\/internationella-utbildningar\\\/\",\"url\":\"https:\\\/\\\/iwdev.se\\\/vatgas\\\/internationella-utbildningar\\\/\",\"name\":\"Internationella utbildningar - V\u00e4tgas Sverige\",\"isPartOf\":{\"@id\":\"https:\\\/\\\/iwdev.se\\\/vatgas\\\/#website\"},\"primaryImageOfPage\":{\"@id\":\"https:\\\/\\\/iwdev.se\\\/vatgas\\\/internationella-utbildningar\\\/#primaryimage\"},\"image\":{\"@id\":\"https:\\\/\\\/iwdev.se\\\/vatgas\\\/internationella-utbildningar\\\/#primaryimage\"},\"thumbnailUrl\":\"https:\\\/\\\/iwdev.se\\\/vatgas\\\/wp-content\\\/uploads\\\/2023\\\/08\\\/infocus.png\",\"datePublished\":\"2023-07-10T11:13:37+00:00\",\"dateModified\":\"2025-02-17T10:10:51+00:00\",\"breadcrumb\":{\"@id\":\"https:\\\/\\\/iwdev.se\\\/vatgas\\\/internationella-utbildningar\\\/#breadcrumb\"},\"inLanguage\":\"sv-SE\",\"potentialAction\":[{\"@type\":\"ReadAction\",\"target\":[\"https:\\\/\\\/iwdev.se\\\/vatgas\\\/internationella-utbildningar\\\/\"]}]},{\"@type\":\"ImageObject\",\"inLanguage\":\"sv-SE\",\"@id\":\"https:\\\/\\\/iwdev.se\\\/vatgas\\\/internationella-utbildningar\\\/#primaryimage\",\"url\":\"\",\"contentUrl\":\"\"},{\"@type\":\"BreadcrumbList\",\"@id\":\"https:\\\/\\\/iwdev.se\\\/vatgas\\\/internationella-utbildningar\\\/#breadcrumb\",\"itemListElement\":[{\"@type\":\"ListItem\",\"position\":1,\"name\":\"Home\",\"item\":\"https:\\\/\\\/iwdev.se\\\/vatgas\\\/\"},{\"@type\":\"ListItem\",\"position\":2,\"name\":\"Internationella utbildningar\"}]},{\"@type\":\"WebSite\",\"@id\":\"https:\\\/\\\/iwdev.se\\\/vatgas\\\/#website\",\"url\":\"https:\\\/\\\/iwdev.se\\\/vatgas\\\/\",\"name\":\"V\u00e4tgas Sverige\",\"description\":\"En ledande plattform f\u00f6r omst\u00e4llningen till fossilfrihet\",\"publisher\":{\"@id\":\"https:\\\/\\\/iwdev.se\\\/vatgas\\\/#organization\"},\"potentialAction\":[{\"@type\":\"SearchAction\",\"target\":{\"@type\":\"EntryPoint\",\"urlTemplate\":\"https:\\\/\\\/iwdev.se\\\/vatgas\\\/?s={search_term_string}\"},\"query-input\":{\"@type\":\"PropertyValueSpecification\",\"valueRequired\":true,\"valueName\":\"search_term_string\"}}],\"inLanguage\":\"sv-SE\"},{\"@type\":\"Organization\",\"@id\":\"https:\\\/\\\/iwdev.se\\\/vatgas\\\/#organization\",\"name\":\"V\u00e4tgas Sverige\",\"url\":\"https:\\\/\\\/iwdev.se\\\/vatgas\\\/\",\"logo\":{\"@type\":\"ImageObject\",\"inLanguage\":\"sv-SE\",\"@id\":\"https:\\\/\\\/iwdev.se\\\/vatgas\\\/#\\\/schema\\\/logo\\\/image\\\/\",\"url\":\"https:\\\/\\\/iwdev.se\\\/vatgas\\\/wp-content\\\/uploads\\\/2022\\\/06\\\/LOGO.png\",\"contentUrl\":\"https:\\\/\\\/iwdev.se\\\/vatgas\\\/wp-content\\\/uploads\\\/2022\\\/06\\\/LOGO.png\",\"width\":240,\"height\":147,\"caption\":\"V\u00e4tgas Sverige\"},\"image\":{\"@id\":\"https:\\\/\\\/iwdev.se\\\/vatgas\\\/#\\\/schema\\\/logo\\\/image\\\/\"}}]}<\/script>\n<!-- \/ Yoast SEO Premium plugin. -->","yoast_head_json":{"title":"Internationella utbildningar - V\u00e4tgas Sverige","robots":{"index":"noindex","follow":"follow","max-snippet":"max-snippet:-1","max-image-preview":"max-image-preview:large","max-video-preview":"max-video-preview:-1"},"og_locale":"sv_SE","og_type":"article","og_title":"Internationella utbildningar","og_description":"Intresset f\u00f6r v\u00e4te- och br\u00e4nslecellsteknik \u00f6kar, men det finns fortfarande en allm\u00e4n brist p\u00e5 kunskap och medvetenhet om v\u00e4gas som ett energialternativ. V\u00e4tgas Sverige har ambitionen att ge en \u00f6versikt \u00f6ver internationella v\u00e4tgasutbildningar. Nedan akt\u00f6rer har tackat ja till att synas p\u00e5 v\u00e5r hemsida. Om du vill synas h\u00e4r, h\u00f6r av dig till member@vatgas.se. Mastering [...]","og_url":"https:\/\/iwdev.se\/vatgas\/internationella-utbildningar\/","og_site_name":"V\u00e4tgas Sverige","article_modified_time":"2025-02-17T10:10:51+00:00","og_image":[{"url":"https:\/\/iwdev.se\/vatgas\/wp-content\/uploads\/2023\/08\/infocus.png","type":"","width":"","height":""}],"twitter_card":"summary_large_image","twitter_misc":{"Ber\u00e4knad l\u00e4stid":"3 minuter"},"schema":{"@context":"https:\/\/schema.org","@graph":[{"@type":"WebPage","@id":"https:\/\/iwdev.se\/vatgas\/internationella-utbildningar\/","url":"https:\/\/iwdev.se\/vatgas\/internationella-utbildningar\/","name":"Internationella utbildningar - V\u00e4tgas Sverige","isPartOf":{"@id":"https:\/\/iwdev.se\/vatgas\/#website"},"primaryImageOfPage":{"@id":"https:\/\/iwdev.se\/vatgas\/internationella-utbildningar\/#primaryimage"},"image":{"@id":"https:\/\/iwdev.se\/vatgas\/internationella-utbildningar\/#primaryimage"},"thumbnailUrl":"https:\/\/iwdev.se\/vatgas\/wp-content\/uploads\/2023\/08\/infocus.png","datePublished":"2023-07-10T11:13:37+00:00","dateModified":"2025-02-17T10:10:51+00:00","breadcrumb":{"@id":"https:\/\/iwdev.se\/vatgas\/internationella-utbildningar\/#breadcrumb"},"inLanguage":"sv-SE","potentialAction":[{"@type":"ReadAction","target":["https:\/\/iwdev.se\/vatgas\/internationella-utbildningar\/"]}]},{"@type":"ImageObject","inLanguage":"sv-SE","@id":"https:\/\/iwdev.se\/vatgas\/internationella-utbildningar\/#primaryimage","url":"","contentUrl":""},{"@type":"BreadcrumbList","@id":"https:\/\/iwdev.se\/vatgas\/internationella-utbildningar\/#breadcrumb","itemListElement":[{"@type":"ListItem","position":1,"name":"Home","item":"https:\/\/iwdev.se\/vatgas\/"},{"@type":"ListItem","position":2,"name":"Internationella utbildningar"}]},{"@type":"WebSite","@id":"https:\/\/iwdev.se\/vatgas\/#website","url":"https:\/\/iwdev.se\/vatgas\/","name":"V\u00e4tgas Sverige","description":"En ledande plattform f\u00f6r omst\u00e4llningen till fossilfrihet","publisher":{"@id":"https:\/\/iwdev.se\/vatgas\/#organization"},"potentialAction":[{"@type":"SearchAction","target":{"@type":"EntryPoint","urlTemplate":"https:\/\/iwdev.se\/vatgas\/?s={search_term_string}"},"query-input":{"@type":"PropertyValueSpecification","valueRequired":true,"valueName":"search_term_string"}}],"inLanguage":"sv-SE"},{"@type":"Organization","@id":"https:\/\/iwdev.se\/vatgas\/#organization","name":"V\u00e4tgas Sverige","url":"https:\/\/iwdev.se\/vatgas\/","logo":{"@type":"ImageObject","inLanguage":"sv-SE","@id":"https:\/\/iwdev.se\/vatgas\/#\/schema\/logo\/image\/","url":"https:\/\/iwdev.se\/vatgas\/wp-content\/uploads\/2022\/06\/LOGO.png","contentUrl":"https:\/\/iwdev.se\/vatgas\/wp-content\/uploads\/2022\/06\/LOGO.png","width":240,"height":147,"caption":"V\u00e4tgas Sverige"},"image":{"@id":"https:\/\/iwdev.se\/vatgas\/#\/schema\/logo\/image\/"}}]}},"_links":{"self":[{"href":"https:\/\/iwdev.se\/vatgas\/wp-json\/wp\/v2\/pages\/18637","targetHints":{"allow":["GET"]}}],"collection":[{"href":"https:\/\/iwdev.se\/vatgas\/wp-json\/wp\/v2\/pages"}],"about":[{"href":"https:\/\/iwdev.se\/vatgas\/wp-json\/wp\/v2\/types\/page"}],"author":[{"embeddable":true,"href":"https:\/\/iwdev.se\/vatgas\/wp-json\/wp\/v2\/users\/3"}],"replies":[{"embeddable":true,"href":"https:\/\/iwdev.se\/vatgas\/wp-json\/wp\/v2\/comments?post=18637"}],"version-history":[{"count":4,"href":"https:\/\/iwdev.se\/vatgas\/wp-json\/wp\/v2\/pages\/18637\/revisions"}],"predecessor-version":[{"id":22436,"href":"https:\/\/iwdev.se\/vatgas\/wp-json\/wp\/v2\/pages\/18637\/revisions\/22436"}],"wp:attachment":[{"href":"https:\/\/iwdev.se\/vatgas\/wp-json\/wp\/v2\/media?parent=18637"}],"curies":[{"name":"wp","href":"https:\/\/api.w.org\/{rel}","templated":true}]}}