{"id":18689,"date":"2023-07-21T12:16:45","date_gmt":"2023-07-21T12:16:45","guid":{"rendered":"https:\/\/vatgas.hemsida.eu\/?page_id=18689"},"modified":"2023-07-21T12:48:02","modified_gmt":"2023-07-21T12:48:02","slug":"vatgas-i-stalindustrin","status":"publish","type":"page","link":"https:\/\/iwdev.se\/vatgas\/vatgas-i-stalindustrin\/","title":{"rendered":"V\u00e4tgas i industrin \u2013 st\u00e5lindustrin"},"content":{"rendered":"\n<p>St\u00e5lindustrin har som ambition att bli klimatneutral 2045. 2019 stod branschen f\u00f6r 12 procent av Sveriges utsl\u00e4pp och j\u00e4rn- och st\u00e5lindustrin st\u00e5r f\u00f6r 8 procent av v\u00e4rldens utsl\u00e4pp. V\u00e4tgas ses som en v\u00e4sentlig del av l\u00f6sningen f\u00f6r att minska utsl\u00e4pp inom st\u00e5lindustrin, d\u00e4r kol och koks ska fasas ut, och ist\u00e4llet anv\u00e4nda fossilfri el f\u00f6r att producera v\u00e4tgas genom elektrolys.(Fossilfritt Sverige).<\/p>\n\n\n\n<p>F\u00f6r att tillverka st\u00e5l m\u00e5ste syre tas bort fr\u00e5n j\u00e4rnmalm. Traditionellt anv\u00e4nds kol eller koks f\u00f6r att ta bort (reducera) syret fr\u00e5n malmen i masugnar. Processen sl\u00e4pper ut enorma m\u00e4ngder CO<sub>2<\/sub>. Genom att ist\u00e4llet anv\u00e4nda fossilfri v\u00e4tgas f\u00f6r att reducera j\u00e4rnmalmen, blir resultatet s\u00e5 kallad j\u00e4rnsvamp. D\u00e4refter sm\u00e4lts j\u00e4rnsvampen i en ljusb\u00e5gsugn som drivs med el. Att anv\u00e4nda v\u00e4tgas f\u00f6r att tillverka st\u00e5l ist\u00e4llet f\u00f6r kol, inneb\u00e4r att koldioxidutsl\u00e4pp ers\u00e4tts med enbart vatten.<\/p>\n\n\n\n<p>Processen direkt till j\u00e4rnsvamp minskar inte bara utsl\u00e4ppen vid j\u00e4rntillverkningen, utan \u00e4ven hos kunderna med m\u00e5ngdubbla niv\u00e5er, vilket ger en stor potentiell  koldioxidreducering \u00e4ven utanf\u00f6r Sveriges gr\u00e4nser. Trots en h\u00f6gre produktionskostnad f\u00f6r fossilfritt st\u00e5l, s\u00e5 p\u00e5verkar det bara slutprodukten, exempelvis en personbil med mindre \u00e4n 1 procent. &nbsp;\u00c4ven andra metallurgiska processer anv\u00e4nder stora m\u00e4ngder v\u00e4tgas, bland annat vid zink\u00e5tervinning eller f\u00f6r att v\u00e4rma st\u00e5l.<\/p>\n\n\n\n<ul class=\"wp-block-list\">\n<li><a href=\"https:\/\/group.vattenfall.com\/se\/var-verksamhet\/vagen-mot-ett-fossilfritt-liv\/minska-industrins-koldioxidutslapp\/hybrit?gclid=CjwKCAjwiuuRBhBvEiwAFXKaNCnGQim2MBCLboo9U262XifA4cX_tMj8f9MEcS8IEqYmzEPd23sazxoCMw0QAvD_BwE\">HYBRIT<\/a> (Hydrogen Breakthrough Ironmaking Technology) som \u00e4r ett s\u00e5 kallat joint venture-f\u00f6retag sam\u00e4gt av SSAB, LKAB och Vattenfall. HYBRIT syftar till att utveckla en fossilfri st\u00e5lv\u00e4rdekedja. Satsningen handlar om att helt fasa ut LKAB:s produktion av j\u00e4rnmalmspellets f\u00f6r produktion av fossilfri j\u00e4rnsvamp.. Det finns liknande projekt i Tyskland.<\/li>\n\n\n\n<li>LKAB har presenterat en l\u00e5ngsiktig strategisk plan med m\u00e5let att tillverka j\u00e4rnsvamp genom v\u00e4tgasreduktion och exportera den mer vidaref\u00f6r\u00e4dlade j\u00e4rnprodukten ist\u00e4llet f\u00f6r j\u00e4rnmalmspellets. Skillnaden mellan LKAB:s satsning och HYBRIT:s satsning \u00e4r att HYBRIT innefattar det st\u00e5l som SSAB producerar, medan LKAB:s satsning innefattar all j\u00e4rnmalm som LKAB s\u00e4ljer.<\/li>\n\n\n\n<li>H\u00f6gan\u00e4s unders\u00f6ker m\u00f6jligheterna f\u00f6r att ers\u00e4tta sin nuvarande v\u00e4tgasproduktion fr\u00e5n naturgas (som anv\u00e4nds i metallpulverproduktion) med v\u00e4tgasproduktion genom biogasreformering, f\u00f6rgasning av biomassa samt elektrolys. Arbetet planeras i tv\u00e5 steg: \u00e5r 2024 v\u00e4tgas motsvarande 6 MWel om elektrolys och 2030 motsvarande 13 MWel f\u00f6r elektrolys. Unders\u00f6kningen sker i samarbete med Cortus Energy och RISE. P\u00e5 sikt uppges v\u00e4tgasanv\u00e4ndningen kunna bli 50 MW el om v\u00e4tgasproduktion genom elektrolys blir tillr\u00e4ckligt billig. (Energimyndigheten 2021)<\/li>\n\n\n\n<li>St\u00e5lf\u00f6retaget Ovako har investerat i en v\u00e4tgasanl\u00e4ggning f\u00f6r st\u00e5lv\u00e4rmning i Hofors (Ovako, 2021).  Ovako har inlett ett samarbete med Volvokoncernen, Hitachi ABB Powergrids Sverige, H2 Green Steel och Nel Hydrogen. Projektet f\u00f6rv\u00e4ntas kosta ca 180 miljoner kronor och i juni 2021 beviljades Ovako 71 miljoner kronor i st\u00f6d fr\u00e5n Energimyndigheten inom ramen f\u00f6r Industriklivet (Energimyndigheten, 2021). V\u00e4tgasanl\u00e4ggningen planeras ha en effekt p\u00e5 17 MW och kommer att generera 3 500 kubikmeter fossilfri v\u00e4tgas i timmen. Ovako har ambitionen att anv\u00e4nda samma v\u00e4tgasteknik p\u00e5 sina tre andra anl\u00e4ggningar i Sverige under f\u00f6ruts\u00e4ttning att fossilfri el finns tillg\u00e4nglig.<\/li>\n\n\n\n<li>H2 Green Steel har under v\u00e5ren 2021 lanserat en plan f\u00f6r att bygga en anl\u00e4ggning f\u00f6r produktion av fossilfritt st\u00e5l i Svartbyn utanf\u00f6r Boden. Anl\u00e4ggningen ska byggas i flera steg och n\u00e4r anl\u00e4ggningen \u00e4r fullt utbyggd runt 2030 f\u00f6rv\u00e4ntas elektrolys\u00f6rkapaciteten vara \u00f6ver 1 800 MW. 2030 f\u00f6rv\u00e4ntas anl\u00e4ggningen anv\u00e4nda 13\u201314 TWh el (Montel Kraft Aff\u00e4rer, 2021).<\/li>\n<\/ul>\n","protected":false},"excerpt":{"rendered":"<p>St\u00e5lindustrin har som ambition att bli klimatneutral 2045. 2019 stod branschen f\u00f6r 12 procent av Sveriges utsl\u00e4pp och j\u00e4rn- och st\u00e5lindustrin st\u00e5r f\u00f6r 8 procent av v\u00e4rldens utsl\u00e4pp. V\u00e4tgas ses som en v\u00e4sentlig del av l\u00f6sningen f\u00f6r att minska utsl\u00e4pp inom st\u00e5lindustrin, d\u00e4r kol och koks ska fasas ut, och ist\u00e4llet anv\u00e4nda fossilfri el f\u00f6r <a class=\"moretag\" href=\"https:\/\/iwdev.se\/vatgas\/vatgas-i-stalindustrin\/\">[&#8230;]<\/a><\/p>\n","protected":false},"author":3,"featured_media":0,"parent":0,"menu_order":0,"comment_status":"closed","ping_status":"closed","template":"","meta":{"_acf_changed":false,"footnotes":""},"class_list":["post-18689","page","type-page","status-publish","hentry"],"acf":[],"yoast_head":"<!-- This site is optimized with the Yoast SEO Premium plugin v26.4 (Yoast SEO v27.4) - https:\/\/yoast.com\/product\/yoast-seo-premium-wordpress\/ -->\n<title>V\u00e4tgas i industrin \u2013 st\u00e5lindustrin - V\u00e4tgas Sverige<\/title>\n<meta name=\"robots\" content=\"noindex, follow, max-snippet:-1, max-image-preview:large, max-video-preview:-1\" \/>\n<meta property=\"og:locale\" content=\"sv_SE\" \/>\n<meta property=\"og:type\" content=\"article\" \/>\n<meta property=\"og:title\" content=\"V\u00e4tgas i industrin \u2013 st\u00e5lindustrin\" \/>\n<meta property=\"og:description\" content=\"St\u00e5lindustrin har som ambition att bli klimatneutral 2045. 2019 stod branschen f\u00f6r 12 procent av Sveriges utsl\u00e4pp och j\u00e4rn- och st\u00e5lindustrin st\u00e5r f\u00f6r 8 procent av v\u00e4rldens utsl\u00e4pp. V\u00e4tgas ses som en v\u00e4sentlig del av l\u00f6sningen f\u00f6r att minska utsl\u00e4pp inom st\u00e5lindustrin, d\u00e4r kol och koks ska fasas ut, och ist\u00e4llet anv\u00e4nda fossilfri el f\u00f6r [...]\" \/>\n<meta property=\"og:url\" content=\"https:\/\/iwdev.se\/vatgas\/vatgas-i-stalindustrin\/\" \/>\n<meta property=\"og:site_name\" content=\"V\u00e4tgas Sverige\" \/>\n<meta property=\"article:modified_time\" content=\"2023-07-21T12:48:02+00:00\" \/>\n<meta name=\"twitter:card\" content=\"summary_large_image\" \/>\n<meta name=\"twitter:label1\" content=\"Ber\u00e4knad l\u00e4stid\" \/>\n\t<meta name=\"twitter:data1\" content=\"3 minuter\" \/>\n<script type=\"application\/ld+json\" class=\"yoast-schema-graph\">{\"@context\":\"https:\\\/\\\/schema.org\",\"@graph\":[{\"@type\":\"WebPage\",\"@id\":\"https:\\\/\\\/iwdev.se\\\/vatgas\\\/vatgas-i-stalindustrin\\\/\",\"url\":\"https:\\\/\\\/iwdev.se\\\/vatgas\\\/vatgas-i-stalindustrin\\\/\",\"name\":\"V\u00e4tgas i industrin \u2013 st\u00e5lindustrin - V\u00e4tgas Sverige\",\"isPartOf\":{\"@id\":\"https:\\\/\\\/iwdev.se\\\/vatgas\\\/#website\"},\"datePublished\":\"2023-07-21T12:16:45+00:00\",\"dateModified\":\"2023-07-21T12:48:02+00:00\",\"breadcrumb\":{\"@id\":\"https:\\\/\\\/iwdev.se\\\/vatgas\\\/vatgas-i-stalindustrin\\\/#breadcrumb\"},\"inLanguage\":\"sv-SE\",\"potentialAction\":[{\"@type\":\"ReadAction\",\"target\":[\"https:\\\/\\\/iwdev.se\\\/vatgas\\\/vatgas-i-stalindustrin\\\/\"]}]},{\"@type\":\"BreadcrumbList\",\"@id\":\"https:\\\/\\\/iwdev.se\\\/vatgas\\\/vatgas-i-stalindustrin\\\/#breadcrumb\",\"itemListElement\":[{\"@type\":\"ListItem\",\"position\":1,\"name\":\"Home\",\"item\":\"https:\\\/\\\/iwdev.se\\\/vatgas\\\/\"},{\"@type\":\"ListItem\",\"position\":2,\"name\":\"V\u00e4tgas i industrin \u2013 st\u00e5lindustrin\"}]},{\"@type\":\"WebSite\",\"@id\":\"https:\\\/\\\/iwdev.se\\\/vatgas\\\/#website\",\"url\":\"https:\\\/\\\/iwdev.se\\\/vatgas\\\/\",\"name\":\"V\u00e4tgas Sverige\",\"description\":\"En ledande plattform f\u00f6r omst\u00e4llningen till fossilfrihet\",\"publisher\":{\"@id\":\"https:\\\/\\\/iwdev.se\\\/vatgas\\\/#organization\"},\"potentialAction\":[{\"@type\":\"SearchAction\",\"target\":{\"@type\":\"EntryPoint\",\"urlTemplate\":\"https:\\\/\\\/iwdev.se\\\/vatgas\\\/?s={search_term_string}\"},\"query-input\":{\"@type\":\"PropertyValueSpecification\",\"valueRequired\":true,\"valueName\":\"search_term_string\"}}],\"inLanguage\":\"sv-SE\"},{\"@type\":\"Organization\",\"@id\":\"https:\\\/\\\/iwdev.se\\\/vatgas\\\/#organization\",\"name\":\"V\u00e4tgas Sverige\",\"url\":\"https:\\\/\\\/iwdev.se\\\/vatgas\\\/\",\"logo\":{\"@type\":\"ImageObject\",\"inLanguage\":\"sv-SE\",\"@id\":\"https:\\\/\\\/iwdev.se\\\/vatgas\\\/#\\\/schema\\\/logo\\\/image\\\/\",\"url\":\"https:\\\/\\\/iwdev.se\\\/vatgas\\\/wp-content\\\/uploads\\\/2022\\\/06\\\/LOGO.png\",\"contentUrl\":\"https:\\\/\\\/iwdev.se\\\/vatgas\\\/wp-content\\\/uploads\\\/2022\\\/06\\\/LOGO.png\",\"width\":240,\"height\":147,\"caption\":\"V\u00e4tgas Sverige\"},\"image\":{\"@id\":\"https:\\\/\\\/iwdev.se\\\/vatgas\\\/#\\\/schema\\\/logo\\\/image\\\/\"}}]}<\/script>\n<!-- \/ Yoast SEO Premium plugin. -->","yoast_head_json":{"title":"V\u00e4tgas i industrin \u2013 st\u00e5lindustrin - V\u00e4tgas Sverige","robots":{"index":"noindex","follow":"follow","max-snippet":"max-snippet:-1","max-image-preview":"max-image-preview:large","max-video-preview":"max-video-preview:-1"},"og_locale":"sv_SE","og_type":"article","og_title":"V\u00e4tgas i industrin \u2013 st\u00e5lindustrin","og_description":"St\u00e5lindustrin har som ambition att bli klimatneutral 2045. 2019 stod branschen f\u00f6r 12 procent av Sveriges utsl\u00e4pp och j\u00e4rn- och st\u00e5lindustrin st\u00e5r f\u00f6r 8 procent av v\u00e4rldens utsl\u00e4pp. V\u00e4tgas ses som en v\u00e4sentlig del av l\u00f6sningen f\u00f6r att minska utsl\u00e4pp inom st\u00e5lindustrin, d\u00e4r kol och koks ska fasas ut, och ist\u00e4llet anv\u00e4nda fossilfri el f\u00f6r [...]","og_url":"https:\/\/iwdev.se\/vatgas\/vatgas-i-stalindustrin\/","og_site_name":"V\u00e4tgas Sverige","article_modified_time":"2023-07-21T12:48:02+00:00","twitter_card":"summary_large_image","twitter_misc":{"Ber\u00e4knad l\u00e4stid":"3 minuter"},"schema":{"@context":"https:\/\/schema.org","@graph":[{"@type":"WebPage","@id":"https:\/\/iwdev.se\/vatgas\/vatgas-i-stalindustrin\/","url":"https:\/\/iwdev.se\/vatgas\/vatgas-i-stalindustrin\/","name":"V\u00e4tgas i industrin \u2013 st\u00e5lindustrin - V\u00e4tgas Sverige","isPartOf":{"@id":"https:\/\/iwdev.se\/vatgas\/#website"},"datePublished":"2023-07-21T12:16:45+00:00","dateModified":"2023-07-21T12:48:02+00:00","breadcrumb":{"@id":"https:\/\/iwdev.se\/vatgas\/vatgas-i-stalindustrin\/#breadcrumb"},"inLanguage":"sv-SE","potentialAction":[{"@type":"ReadAction","target":["https:\/\/iwdev.se\/vatgas\/vatgas-i-stalindustrin\/"]}]},{"@type":"BreadcrumbList","@id":"https:\/\/iwdev.se\/vatgas\/vatgas-i-stalindustrin\/#breadcrumb","itemListElement":[{"@type":"ListItem","position":1,"name":"Home","item":"https:\/\/iwdev.se\/vatgas\/"},{"@type":"ListItem","position":2,"name":"V\u00e4tgas i industrin \u2013 st\u00e5lindustrin"}]},{"@type":"WebSite","@id":"https:\/\/iwdev.se\/vatgas\/#website","url":"https:\/\/iwdev.se\/vatgas\/","name":"V\u00e4tgas Sverige","description":"En ledande plattform f\u00f6r omst\u00e4llningen till fossilfrihet","publisher":{"@id":"https:\/\/iwdev.se\/vatgas\/#organization"},"potentialAction":[{"@type":"SearchAction","target":{"@type":"EntryPoint","urlTemplate":"https:\/\/iwdev.se\/vatgas\/?s={search_term_string}"},"query-input":{"@type":"PropertyValueSpecification","valueRequired":true,"valueName":"search_term_string"}}],"inLanguage":"sv-SE"},{"@type":"Organization","@id":"https:\/\/iwdev.se\/vatgas\/#organization","name":"V\u00e4tgas Sverige","url":"https:\/\/iwdev.se\/vatgas\/","logo":{"@type":"ImageObject","inLanguage":"sv-SE","@id":"https:\/\/iwdev.se\/vatgas\/#\/schema\/logo\/image\/","url":"https:\/\/iwdev.se\/vatgas\/wp-content\/uploads\/2022\/06\/LOGO.png","contentUrl":"https:\/\/iwdev.se\/vatgas\/wp-content\/uploads\/2022\/06\/LOGO.png","width":240,"height":147,"caption":"V\u00e4tgas Sverige"},"image":{"@id":"https:\/\/iwdev.se\/vatgas\/#\/schema\/logo\/image\/"}}]}},"_links":{"self":[{"href":"https:\/\/iwdev.se\/vatgas\/wp-json\/wp\/v2\/pages\/18689","targetHints":{"allow":["GET"]}}],"collection":[{"href":"https:\/\/iwdev.se\/vatgas\/wp-json\/wp\/v2\/pages"}],"about":[{"href":"https:\/\/iwdev.se\/vatgas\/wp-json\/wp\/v2\/types\/page"}],"author":[{"embeddable":true,"href":"https:\/\/iwdev.se\/vatgas\/wp-json\/wp\/v2\/users\/3"}],"replies":[{"embeddable":true,"href":"https:\/\/iwdev.se\/vatgas\/wp-json\/wp\/v2\/comments?post=18689"}],"version-history":[{"count":2,"href":"https:\/\/iwdev.se\/vatgas\/wp-json\/wp\/v2\/pages\/18689\/revisions"}],"predecessor-version":[{"id":18702,"href":"https:\/\/iwdev.se\/vatgas\/wp-json\/wp\/v2\/pages\/18689\/revisions\/18702"}],"wp:attachment":[{"href":"https:\/\/iwdev.se\/vatgas\/wp-json\/wp\/v2\/media?parent=18689"}],"curies":[{"name":"wp","href":"https:\/\/api.w.org\/{rel}","templated":true}]}}