{"id":18692,"date":"2023-07-21T12:31:36","date_gmt":"2023-07-21T12:31:36","guid":{"rendered":"https:\/\/vatgas.hemsida.eu\/?page_id=18692"},"modified":"2023-07-21T12:46:35","modified_gmt":"2023-07-21T12:46:35","slug":"vatgas-i-kemiindustrin","status":"publish","type":"page","link":"https:\/\/iwdev.se\/vatgas\/vatgas-i-kemiindustrin\/","title":{"rendered":"V\u00e4tgas i industrin \u2013 kemiindustrin"},"content":{"rendered":"\n<p>Idag anv\u00e4nds v\u00e4tgasen fr\u00e4mst som r\u00e5vara vid produktion av fr\u00e4mst ammoniak och metanol inom den kemiska industrin. Men tack vare \u00f6kade krav p\u00e5 att f\u00e5 bort fossila br\u00e4nslen, kan v\u00e4tgasen bli central i flera nya v\u00e4rdekedjor f\u00f6r att ers\u00e4tta fossil energi.<\/p>\n\n\n\n<h2 class=\"wp-block-heading\">Metanol<\/h2>\n\n\n\n<p>Metanol \u00e4r en viktig insatsr\u00e5vara f\u00f6r v\u00e4rldens kemiindustri. Kemikalien kan omvandlas till tiotusentals olika produkter exempelvis plaster, f\u00e4rg, elektronik, l\u00e4kemedel och br\u00e4nslen.&nbsp; Idag tillverkas metanol av fossil naturgas. Men i takt med att industrin m\u00e5ste st\u00e4lla om och bli klimatneutral, initieras projekt f\u00f6r att tillverka metanol p\u00e5 ett h\u00e5llbart s\u00e4tt.<\/p>\n\n\n\n<p>Metanolen har \u00e4ven lyfts fram som ett m\u00f6jligt br\u00e4nsle i sj\u00f6farten, precis som ammoniak. Detta d\u00e5 det kan g\u00e5 att konvertera befintliga f\u00f6rbr\u00e4nningsmotorer till att anv\u00e4nda dessa br\u00e4nslen. Det finns br\u00e4nsleceller som anv\u00e4nder metanol direkt utan att det reformeras externt, men dessa \u00e4r dyrare och har l\u00e4gre effektt\u00e4thet \u00e4n v\u00e4tgasbr\u00e4nsleceller.<\/p>\n\n\n\n<h2 class=\"wp-block-heading\">Ammoniak<\/h2>\n\n\n\n<p>Ammoniak anv\u00e4nds idag stort s\u00e4tt f\u00f6r produktion av konstg\u00f6dsel och inom vissa industriella applikationer. Konstg\u00f6dsel \u00e4r ett av de tre viktigaste g\u00f6dningsmedlen, och det som beh\u00f6vs i st\u00f6rst m\u00e4ngd j\u00e4mf\u00f6rt med fosfor och kalium som \u00e4r de andra tv\u00e5.<\/p>\n\n\n\n<p>Idag finns ingen produktion av ammoniak i sverige. Menpanska Grupo Fertiberia bygger en anl\u00e4ggning f\u00f6r att producera konstg\u00f6dsel i Lule\u00e5 i norra Sverige. F\u00f6rnybar v\u00e4tgas anv\u00e4nds ist\u00e4llet f\u00f6r fossila br\u00e4nslen.<\/p>\n\n\n\n<h2 class=\"wp-block-heading\">Klor<\/h2>\n\n\n\n<p>V\u00e4tgas produceras som biprodukt i kemiindustrin vid klorframst\u00e4llning. Klor i sin tur anv\u00e4nds vid bland annat framst\u00e4llning av plast. Processen g\u00e5r f\u00f6renklat ut p\u00e5 att med hj\u00e4lp av elektrolys dela saltvatten, d\u00e5 salt best\u00e5r av natrium och klor. Eftersom \u00e4ven vattnet delas upp bildas v\u00e4te som biprodukt.<\/p>\n\n\n\n<h2 class=\"wp-block-heading\">Andra anv\u00e4ndningsomr\u00e5den i industrin<\/h2>\n\n\n\n<p>F\u00f6rnybar v\u00e4tgas kan anv\u00e4ndas vid framst\u00e4llning av metallpulver. Idag framst\u00e4lls det med naturgas. Metallpulver anv\u00e4nds i samband med olika tillverkningsprocesser, exempelvis gjutning. F\u00f6r metallpulver d\u00e4r v\u00e4tgas redan anv\u00e4nds \u00e4r processen att byta ut v\u00e4tgask\u00e4llan relativt enkel, om f\u00f6ruts\u00e4ttningarna i eln\u00e4tet \u00e4r tillr\u00e4ckliga f\u00f6r att kunna f\u00f6rse elektrolys\u00f6rer tillr\u00e4ckligt med str\u00f6m.&nbsp;<\/p>\n\n\n\n<p>Produktion av flytglas s.k. floatglas, som \u00e4r samlingsnamnet f\u00f6r vad vi kallar \u201dvanligt glas\u201d, g\u00f6rs idag av naturgas. Men framg\u00e5ngsrika demonstrationer har gjorts med v\u00e4tgaseldade glasugnar.<\/p>\n\n\n\n<p>Vid cementproduktion skulle v\u00e4tgas kunna anv\u00e4ndas f\u00f6r att tillf\u00f6ra v\u00e4rme, men det \u00e4r sv\u00e5rt att ers\u00e4tta fossila br\u00e4nslen vid cementtillverkning med enbart v\u00e4tgas. I st\u00e4llet forskas det p\u00e5 att anv\u00e4nda en blandning av biomassa och v\u00e4tgas. Den st\u00f6rsta m\u00e4ngden koldioxid fr\u00e5n cementframst\u00e4llning sker genom att kalkstenen hettas upp som avger koldioxid. Att byta ut br\u00e4nslet leder allts\u00e5 inte till att cement blir koldioxidfritt, men det finns goda f\u00f6ruts\u00e4ttningar f\u00f6r att kunna lagra koldioxiden. Detta kallas CCS teknik som st\u00e5r f\u00f6r Carbon Capture and Storage och avser olika tekniker f\u00f6r att f\u00e5nga in och lagra koldioxid. En anl\u00e4ggning f\u00f6r CCS vid cementproduktion planeras i Slite p\u00e5 Gotland.<\/p>\n\n\n\n<p>Det finns flera planerade eller p\u00e5g\u00e5ende v\u00e4tgasprojekt inom kemiindustrin (Energimyndigheten 2021):<\/p>\n\n\n\n<ul class=\"wp-block-list\">\n<li>Perstorps planerar ett projekt i Stenungsund kallat \u201dProject Air\u201d (Project Air, 2021) som omfattar metanoltillverkning genom anv\u00e4ndning av biogas, olika industriella reststr\u00f6mmar som inneh\u00e5ller kolv\u00e4ten och koldioxid samt v\u00e4tgas fr\u00e5n elektrolys. Avsikten \u00e4r att ers\u00e4tta de 200 000 ton fossil metanol som Perstorp idag importerar. Projektet \u00e4r ett samarbete med Fortum, Uniper och den danska biogasleverant\u00f6ren Nature Energy. Anl\u00e4ggningen innefattar bland annat en 25 MW elektrolys\u00f6r den planeras att vara i drift 2025.<\/li>\n\n\n\n<li>Borealis i Stenungsund har ambitioner att minska sina v\u00e4xthusgasutsl\u00e4pp och unders\u00f6ker olika m\u00f6jligheter att anv\u00e4nda v\u00e4tgas i kombination med andra l\u00f6sningar. Ett alternativ som unders\u00f6kts i samarbete med Vattenfall, \u00e4r att anv\u00e4nda v\u00e4tgas fr\u00e5n elektrolys som krackerbr\u00e4nsle. Det skulle \u00f6ka anl\u00e4ggningens effektbehov med 300\u2013500 MW (Jannasch, Opportunities and barriers for implementation of Power-to-X (P2X) technologies in the West Sweden Chemicals and Materials Cluster\u00b4s process industries, 2020).<\/li>\n\n\n\n<li>Kemif\u00f6retaget Nouryon unders\u00f6ker f\u00f6ruts\u00e4ttningar f\u00f6r \u00f6verg\u00e5ng fr\u00e5n fossil v\u00e4tgas till v\u00e4tgas fr\u00e5n elektrolys f\u00f6r sina produktionsanl\u00e4ggningar f\u00f6r v\u00e4teperoxid i \u00c5nge och Bohus.<\/li>\n<\/ul>\n","protected":false},"excerpt":{"rendered":"<p>Idag anv\u00e4nds v\u00e4tgasen fr\u00e4mst som r\u00e5vara vid produktion av fr\u00e4mst ammoniak och metanol inom den kemiska industrin. Men tack vare \u00f6kade krav p\u00e5 att f\u00e5 bort fossila br\u00e4nslen, kan v\u00e4tgasen bli central i flera nya v\u00e4rdekedjor f\u00f6r att ers\u00e4tta fossil energi. Metanol Metanol \u00e4r en viktig insatsr\u00e5vara f\u00f6r v\u00e4rldens kemiindustri. Kemikalien kan omvandlas till tiotusentals <a class=\"moretag\" href=\"https:\/\/iwdev.se\/vatgas\/vatgas-i-kemiindustrin\/\">[&#8230;]<\/a><\/p>\n","protected":false},"author":3,"featured_media":0,"parent":0,"menu_order":0,"comment_status":"closed","ping_status":"closed","template":"","meta":{"_acf_changed":false,"footnotes":""},"class_list":["post-18692","page","type-page","status-publish","hentry"],"acf":[],"yoast_head":"<!-- This site is optimized with the Yoast SEO Premium plugin v26.4 (Yoast SEO v27.4) - https:\/\/yoast.com\/product\/yoast-seo-premium-wordpress\/ -->\n<title>V\u00e4tgas i industrin \u2013 kemiindustrin - V\u00e4tgas Sverige<\/title>\n<meta name=\"robots\" content=\"noindex, follow, max-snippet:-1, max-image-preview:large, max-video-preview:-1\" \/>\n<meta property=\"og:locale\" content=\"sv_SE\" \/>\n<meta property=\"og:type\" content=\"article\" \/>\n<meta property=\"og:title\" content=\"V\u00e4tgas i industrin \u2013 kemiindustrin\" \/>\n<meta property=\"og:description\" content=\"Idag anv\u00e4nds v\u00e4tgasen fr\u00e4mst som r\u00e5vara vid produktion av fr\u00e4mst ammoniak och metanol inom den kemiska industrin. Men tack vare \u00f6kade krav p\u00e5 att f\u00e5 bort fossila br\u00e4nslen, kan v\u00e4tgasen bli central i flera nya v\u00e4rdekedjor f\u00f6r att ers\u00e4tta fossil energi. Metanol Metanol \u00e4r en viktig insatsr\u00e5vara f\u00f6r v\u00e4rldens kemiindustri. Kemikalien kan omvandlas till tiotusentals [...]\" \/>\n<meta property=\"og:url\" content=\"https:\/\/iwdev.se\/vatgas\/vatgas-i-kemiindustrin\/\" \/>\n<meta property=\"og:site_name\" content=\"V\u00e4tgas Sverige\" \/>\n<meta property=\"article:modified_time\" content=\"2023-07-21T12:46:35+00:00\" \/>\n<meta name=\"twitter:card\" content=\"summary_large_image\" \/>\n<meta name=\"twitter:label1\" content=\"Ber\u00e4knad l\u00e4stid\" \/>\n\t<meta name=\"twitter:data1\" content=\"4 minuter\" \/>\n<script type=\"application\/ld+json\" class=\"yoast-schema-graph\">{\"@context\":\"https:\\\/\\\/schema.org\",\"@graph\":[{\"@type\":\"WebPage\",\"@id\":\"https:\\\/\\\/iwdev.se\\\/vatgas\\\/vatgas-i-kemiindustrin\\\/\",\"url\":\"https:\\\/\\\/iwdev.se\\\/vatgas\\\/vatgas-i-kemiindustrin\\\/\",\"name\":\"V\u00e4tgas i industrin \u2013 kemiindustrin - V\u00e4tgas Sverige\",\"isPartOf\":{\"@id\":\"https:\\\/\\\/iwdev.se\\\/vatgas\\\/#website\"},\"datePublished\":\"2023-07-21T12:31:36+00:00\",\"dateModified\":\"2023-07-21T12:46:35+00:00\",\"breadcrumb\":{\"@id\":\"https:\\\/\\\/iwdev.se\\\/vatgas\\\/vatgas-i-kemiindustrin\\\/#breadcrumb\"},\"inLanguage\":\"sv-SE\",\"potentialAction\":[{\"@type\":\"ReadAction\",\"target\":[\"https:\\\/\\\/iwdev.se\\\/vatgas\\\/vatgas-i-kemiindustrin\\\/\"]}]},{\"@type\":\"BreadcrumbList\",\"@id\":\"https:\\\/\\\/iwdev.se\\\/vatgas\\\/vatgas-i-kemiindustrin\\\/#breadcrumb\",\"itemListElement\":[{\"@type\":\"ListItem\",\"position\":1,\"name\":\"Home\",\"item\":\"https:\\\/\\\/iwdev.se\\\/vatgas\\\/\"},{\"@type\":\"ListItem\",\"position\":2,\"name\":\"V\u00e4tgas i industrin \u2013 kemiindustrin\"}]},{\"@type\":\"WebSite\",\"@id\":\"https:\\\/\\\/iwdev.se\\\/vatgas\\\/#website\",\"url\":\"https:\\\/\\\/iwdev.se\\\/vatgas\\\/\",\"name\":\"V\u00e4tgas Sverige\",\"description\":\"En ledande plattform f\u00f6r omst\u00e4llningen till fossilfrihet\",\"publisher\":{\"@id\":\"https:\\\/\\\/iwdev.se\\\/vatgas\\\/#organization\"},\"potentialAction\":[{\"@type\":\"SearchAction\",\"target\":{\"@type\":\"EntryPoint\",\"urlTemplate\":\"https:\\\/\\\/iwdev.se\\\/vatgas\\\/?s={search_term_string}\"},\"query-input\":{\"@type\":\"PropertyValueSpecification\",\"valueRequired\":true,\"valueName\":\"search_term_string\"}}],\"inLanguage\":\"sv-SE\"},{\"@type\":\"Organization\",\"@id\":\"https:\\\/\\\/iwdev.se\\\/vatgas\\\/#organization\",\"name\":\"V\u00e4tgas Sverige\",\"url\":\"https:\\\/\\\/iwdev.se\\\/vatgas\\\/\",\"logo\":{\"@type\":\"ImageObject\",\"inLanguage\":\"sv-SE\",\"@id\":\"https:\\\/\\\/iwdev.se\\\/vatgas\\\/#\\\/schema\\\/logo\\\/image\\\/\",\"url\":\"https:\\\/\\\/iwdev.se\\\/vatgas\\\/wp-content\\\/uploads\\\/2022\\\/06\\\/LOGO.png\",\"contentUrl\":\"https:\\\/\\\/iwdev.se\\\/vatgas\\\/wp-content\\\/uploads\\\/2022\\\/06\\\/LOGO.png\",\"width\":240,\"height\":147,\"caption\":\"V\u00e4tgas Sverige\"},\"image\":{\"@id\":\"https:\\\/\\\/iwdev.se\\\/vatgas\\\/#\\\/schema\\\/logo\\\/image\\\/\"}}]}<\/script>\n<!-- \/ Yoast SEO Premium plugin. -->","yoast_head_json":{"title":"V\u00e4tgas i industrin \u2013 kemiindustrin - V\u00e4tgas Sverige","robots":{"index":"noindex","follow":"follow","max-snippet":"max-snippet:-1","max-image-preview":"max-image-preview:large","max-video-preview":"max-video-preview:-1"},"og_locale":"sv_SE","og_type":"article","og_title":"V\u00e4tgas i industrin \u2013 kemiindustrin","og_description":"Idag anv\u00e4nds v\u00e4tgasen fr\u00e4mst som r\u00e5vara vid produktion av fr\u00e4mst ammoniak och metanol inom den kemiska industrin. Men tack vare \u00f6kade krav p\u00e5 att f\u00e5 bort fossila br\u00e4nslen, kan v\u00e4tgasen bli central i flera nya v\u00e4rdekedjor f\u00f6r att ers\u00e4tta fossil energi. Metanol Metanol \u00e4r en viktig insatsr\u00e5vara f\u00f6r v\u00e4rldens kemiindustri. Kemikalien kan omvandlas till tiotusentals [...]","og_url":"https:\/\/iwdev.se\/vatgas\/vatgas-i-kemiindustrin\/","og_site_name":"V\u00e4tgas Sverige","article_modified_time":"2023-07-21T12:46:35+00:00","twitter_card":"summary_large_image","twitter_misc":{"Ber\u00e4knad l\u00e4stid":"4 minuter"},"schema":{"@context":"https:\/\/schema.org","@graph":[{"@type":"WebPage","@id":"https:\/\/iwdev.se\/vatgas\/vatgas-i-kemiindustrin\/","url":"https:\/\/iwdev.se\/vatgas\/vatgas-i-kemiindustrin\/","name":"V\u00e4tgas i industrin \u2013 kemiindustrin - V\u00e4tgas Sverige","isPartOf":{"@id":"https:\/\/iwdev.se\/vatgas\/#website"},"datePublished":"2023-07-21T12:31:36+00:00","dateModified":"2023-07-21T12:46:35+00:00","breadcrumb":{"@id":"https:\/\/iwdev.se\/vatgas\/vatgas-i-kemiindustrin\/#breadcrumb"},"inLanguage":"sv-SE","potentialAction":[{"@type":"ReadAction","target":["https:\/\/iwdev.se\/vatgas\/vatgas-i-kemiindustrin\/"]}]},{"@type":"BreadcrumbList","@id":"https:\/\/iwdev.se\/vatgas\/vatgas-i-kemiindustrin\/#breadcrumb","itemListElement":[{"@type":"ListItem","position":1,"name":"Home","item":"https:\/\/iwdev.se\/vatgas\/"},{"@type":"ListItem","position":2,"name":"V\u00e4tgas i industrin \u2013 kemiindustrin"}]},{"@type":"WebSite","@id":"https:\/\/iwdev.se\/vatgas\/#website","url":"https:\/\/iwdev.se\/vatgas\/","name":"V\u00e4tgas Sverige","description":"En ledande plattform f\u00f6r omst\u00e4llningen till fossilfrihet","publisher":{"@id":"https:\/\/iwdev.se\/vatgas\/#organization"},"potentialAction":[{"@type":"SearchAction","target":{"@type":"EntryPoint","urlTemplate":"https:\/\/iwdev.se\/vatgas\/?s={search_term_string}"},"query-input":{"@type":"PropertyValueSpecification","valueRequired":true,"valueName":"search_term_string"}}],"inLanguage":"sv-SE"},{"@type":"Organization","@id":"https:\/\/iwdev.se\/vatgas\/#organization","name":"V\u00e4tgas Sverige","url":"https:\/\/iwdev.se\/vatgas\/","logo":{"@type":"ImageObject","inLanguage":"sv-SE","@id":"https:\/\/iwdev.se\/vatgas\/#\/schema\/logo\/image\/","url":"https:\/\/iwdev.se\/vatgas\/wp-content\/uploads\/2022\/06\/LOGO.png","contentUrl":"https:\/\/iwdev.se\/vatgas\/wp-content\/uploads\/2022\/06\/LOGO.png","width":240,"height":147,"caption":"V\u00e4tgas Sverige"},"image":{"@id":"https:\/\/iwdev.se\/vatgas\/#\/schema\/logo\/image\/"}}]}},"_links":{"self":[{"href":"https:\/\/iwdev.se\/vatgas\/wp-json\/wp\/v2\/pages\/18692","targetHints":{"allow":["GET"]}}],"collection":[{"href":"https:\/\/iwdev.se\/vatgas\/wp-json\/wp\/v2\/pages"}],"about":[{"href":"https:\/\/iwdev.se\/vatgas\/wp-json\/wp\/v2\/types\/page"}],"author":[{"embeddable":true,"href":"https:\/\/iwdev.se\/vatgas\/wp-json\/wp\/v2\/users\/3"}],"replies":[{"embeddable":true,"href":"https:\/\/iwdev.se\/vatgas\/wp-json\/wp\/v2\/comments?post=18692"}],"version-history":[{"count":3,"href":"https:\/\/iwdev.se\/vatgas\/wp-json\/wp\/v2\/pages\/18692\/revisions"}],"predecessor-version":[{"id":18700,"href":"https:\/\/iwdev.se\/vatgas\/wp-json\/wp\/v2\/pages\/18692\/revisions\/18700"}],"wp:attachment":[{"href":"https:\/\/iwdev.se\/vatgas\/wp-json\/wp\/v2\/media?parent=18692"}],"curies":[{"name":"wp","href":"https:\/\/api.w.org\/{rel}","templated":true}]}}