{"id":21622,"date":"2025-09-17T17:23:14","date_gmt":"2025-09-17T17:23:14","guid":{"rendered":"https:\/\/vatgas.hemsida.eu\/?page_id=21622"},"modified":"2025-10-13T06:52:04","modified_gmt":"2025-10-13T06:52:04","slug":"hydrogenaward","status":"publish","type":"page","link":"https:\/\/iwdev.se\/vatgas\/hydrogenaward\/","title":{"rendered":"Nominering Hydrogen Award 2025"},"content":{"rendered":"\n<figure class=\"wp-block-image size-large is-resized\"><img loading=\"lazy\" decoding=\"async\" width=\"1024\" height=\"512\" src=\"https:\/\/iwdev.se\/vatgas\/wp-content\/uploads\/2024\/11\/Hydrogen-Award-lets-think-1024x512.png\" alt=\"\" class=\"wp-image-21623\" style=\"width:838px;height:auto\" srcset=\"https:\/\/iwdev.se\/vatgas\/wp-content\/uploads\/2024\/11\/Hydrogen-Award-lets-think-1024x512.png 1024w, https:\/\/iwdev.se\/vatgas\/wp-content\/uploads\/2024\/11\/Hydrogen-Award-lets-think-300x150.png 300w, https:\/\/iwdev.se\/vatgas\/wp-content\/uploads\/2024\/11\/Hydrogen-Award-lets-think-768x384.png 768w, https:\/\/iwdev.se\/vatgas\/wp-content\/uploads\/2024\/11\/Hydrogen-Award-lets-think-530x265.png 530w, https:\/\/iwdev.se\/vatgas\/wp-content\/uploads\/2024\/11\/Hydrogen-Award-lets-think.png 1200w\" sizes=\"auto, (max-width: 1024px) 100vw, 1024px\" \/><\/figure>\n\n\n\n<h2 class=\"wp-block-heading\" id=\"h-nominera-en-person-eller-verksamhet-till-hydrogen-award\">Nominera en person eller verksamhet till Hydrogen Award! <\/h2>\n\n\n\n<p>Nu \u00e4r det dags att hylla de som driver anv\u00e4ndningen av f\u00f6rnybar v\u00e4tgas fram\u00e5t! Vem tycker du f\u00f6rtj\u00e4nar att st\u00e5 p\u00e5 scenen och ta emot Hydrogen Award p\u00e5 <a href=\"https:\/\/energiforsk.se\/evenemang\/kommande\/vatgaskonferensen-2025\/\">V\u00e4tgaskonferensen i Stockholm<\/a> den 10 december?<\/p>\n\n\n\n<p>Du kan nominera en person eller en verksamhet som ett f\u00f6retag, en kommun, ett universitet eller en h\u00f6gskola \u2013 n\u00e5gon som verkligen g\u00f6r skillnad inom v\u00e4tgassektorn och inspirerar andra.<\/p>\n\n\n\n<p><a href=\"https:\/\/iwdev.se\/vatgas\/wp-admin\/post.php?post=21804&amp;action=edit&amp;lang=sv\">F\u00f6rra \u00e5ret kammade \u00c5nge kommun hem Hydrogen Award. L\u00e4s mer om deras v\u00e4tgasprojekt.<\/a><\/p>\n\n\n\n<h2 class=\"wp-block-heading\" id=\"h-vi-soker-nomineringar-som-visar-pa\">Vi s\u00f6ker nomineringar som visar p\u00e5:<\/h2>\n\n\n\n<p><\/p>\n\n\n\n<p><strong>Innovation och teknisk utveckling<\/strong> \u2014 Banbrytande l\u00f6sningar f\u00f6r v\u00e4tgas, fr\u00e5n nya applikationer inom elektrolys till lagring och br\u00e4nsleceller.<\/p>\n\n\n\n<p><strong>Samarbete och partnerskap<\/strong> \u2014 De som bygger n\u00e4tverk och skapar dynamik genom samarbete mellan sektorer och akt\u00f6rer d\u00e4r industrin m\u00f6ter akademin och offentliga akt\u00f6rer.<\/p>\n\n\n\n<p><strong>P\u00e5verkan p\u00e5 samh\u00e4llet<\/strong> \u2014 Projekt som skapar jobb, st\u00e4rker samh\u00e4llen och bygger h\u00e5llbar infrastruktur f\u00f6r v\u00e4tgas.<\/p>\n\n\n\n<p><strong>Ledarskap<\/strong> \u2014 Vision\u00e4rer som genom sitt ledarskap inspirerar andra att se m\u00f6jligheterna i en fossilfri framtid och v\u00e5gar g\u00e5 f\u00f6rst.<\/p>\n\n\n\n<p>K\u00e4nner du n\u00e5gon, en person eller en verksamhet, som uppfyller dessa kriterier och g\u00f6r en verklig skillnad inom v\u00e4tgasomr\u00e5det? Nominera din favorit till Hydrogen Award och hj\u00e4lp oss sprida framg\u00e5ng!<\/p>\n\n\n\n<p><a href=\"https:\/\/iwdev.se\/vatgas\/medlemmar-och-finansiarer\/\">Du kan se en \u00f6versikt \u00f6ver ledande akt\u00f6rer inom v\u00e4tgasbranschen h\u00e4r.<\/a><\/p>\n\n\n\n<p><strong>Let\u2019s think outside the box  och forma framtidens energi, tillsammans!<\/strong><\/p>\n\n\n\n<p><strong>Deadline f\u00f6r nomineringar \u00e4r 10:e Oktober.<\/strong> <strong>Nomineringen \u00e4r nu st\u00e4ngd, tack alla som deltagit.<\/strong><\/p>\n\n\n\n<p>\u26a0\ufe0f&nbsp;<strong>Obs!<\/strong><br>Vi har den senaste tiden f\u00e5tt in en stor m\u00e4ngd oseri\u00f6sa nomineringar via formul\u00e4ret. Dessa \u00e4r kopplade till spamf\u00f6rs\u00f6k och f\u00f6rs\u00f6k att lyfta fram enskilda f\u00f6retag p\u00e5 ett icke-relevant s\u00e4tt.<\/p>\n\n\n\n<p>F\u00f6r att s\u00e4kerst\u00e4lla en r\u00e4ttvis och seri\u00f6s process ber vi dig d\u00e4rf\u00f6r:<\/p>\n\n\n\n<ul class=\"wp-block-list\">\n<li>Att endast skicka in v\u00e4lgrundade nomineringar.<\/li>\n\n\n\n<li>Att fylla i formul\u00e4ret en g\u00e5ng per nominerad akt\u00f6r.<\/li>\n\n\n\n<li>Att anv\u00e4nda en giltig e-postadress kopplad till dig eller din organisation.<\/li>\n<\/ul>\n\n\n\n<p><\/p>\n\n\n\n<hr class=\"wp-block-separator has-alpha-channel-opacity\"\/>\n","protected":false},"excerpt":{"rendered":"<p>Nominera en person eller verksamhet till Hydrogen Award! Nu \u00e4r det dags att hylla de som driver anv\u00e4ndningen av f\u00f6rnybar v\u00e4tgas fram\u00e5t! Vem tycker du f\u00f6rtj\u00e4nar att st\u00e5 p\u00e5 scenen och ta emot Hydrogen Award p\u00e5 V\u00e4tgaskonferensen i Stockholm den 10 december? Du kan nominera en person eller en verksamhet som ett f\u00f6retag, en kommun, <a class=\"moretag\" href=\"https:\/\/iwdev.se\/vatgas\/hydrogenaward\/\">[&#8230;]<\/a><\/p>\n","protected":false},"author":3,"featured_media":0,"parent":0,"menu_order":0,"comment_status":"closed","ping_status":"closed","template":"","meta":{"_acf_changed":false,"footnotes":""},"class_list":["post-21622","page","type-page","status-publish","hentry"],"acf":[],"yoast_head":"<!-- This site is optimized with the Yoast SEO Premium plugin v26.4 (Yoast SEO v27.4) - https:\/\/yoast.com\/product\/yoast-seo-premium-wordpress\/ -->\n<title>Nominering Hydrogen Award 2025 - V\u00e4tgas Sverige<\/title>\n<meta name=\"description\" content=\"Nominering Hydrogen Award 2025\" \/>\n<meta name=\"robots\" content=\"noindex, follow, max-snippet:-1, max-image-preview:large, max-video-preview:-1\" \/>\n<meta property=\"og:locale\" content=\"sv_SE\" \/>\n<meta property=\"og:type\" content=\"article\" \/>\n<meta property=\"og:title\" content=\"Nominering Hydrogen Award 2025\" \/>\n<meta property=\"og:description\" content=\"Nominering Hydrogen Award 2025\" \/>\n<meta property=\"og:url\" content=\"https:\/\/iwdev.se\/vatgas\/hydrogenaward\/\" \/>\n<meta property=\"og:site_name\" content=\"V\u00e4tgas Sverige\" \/>\n<meta property=\"article:modified_time\" content=\"2025-10-13T06:52:04+00:00\" \/>\n<meta property=\"og:image\" content=\"https:\/\/iwdev.se\/vatgas\/wp-content\/uploads\/2024\/11\/Hydrogen-Award-lets-think.png\" \/>\n\t<meta property=\"og:image:width\" content=\"1200\" \/>\n\t<meta property=\"og:image:height\" content=\"600\" \/>\n\t<meta property=\"og:image:type\" content=\"image\/png\" \/>\n<meta name=\"twitter:card\" content=\"summary_large_image\" \/>\n<meta name=\"twitter:label1\" content=\"Ber\u00e4knad l\u00e4stid\" \/>\n\t<meta name=\"twitter:data1\" content=\"2 minuter\" \/>\n<script type=\"application\/ld+json\" class=\"yoast-schema-graph\">{\"@context\":\"https:\\\/\\\/schema.org\",\"@graph\":[{\"@type\":\"WebPage\",\"@id\":\"https:\\\/\\\/iwdev.se\\\/vatgas\\\/hydrogenaward\\\/\",\"url\":\"https:\\\/\\\/iwdev.se\\\/vatgas\\\/hydrogenaward\\\/\",\"name\":\"Nominering Hydrogen Award 2025 - V\u00e4tgas Sverige\",\"isPartOf\":{\"@id\":\"https:\\\/\\\/iwdev.se\\\/vatgas\\\/#website\"},\"primaryImageOfPage\":{\"@id\":\"https:\\\/\\\/iwdev.se\\\/vatgas\\\/hydrogenaward\\\/#primaryimage\"},\"image\":{\"@id\":\"https:\\\/\\\/iwdev.se\\\/vatgas\\\/hydrogenaward\\\/#primaryimage\"},\"thumbnailUrl\":\"https:\\\/\\\/iwdev.se\\\/vatgas\\\/wp-content\\\/uploads\\\/2024\\\/11\\\/Hydrogen-Award-lets-think-1024x512.png\",\"datePublished\":\"2025-09-17T17:23:14+00:00\",\"dateModified\":\"2025-10-13T06:52:04+00:00\",\"description\":\"Nominering Hydrogen Award 2025\",\"breadcrumb\":{\"@id\":\"https:\\\/\\\/iwdev.se\\\/vatgas\\\/hydrogenaward\\\/#breadcrumb\"},\"inLanguage\":\"sv-SE\",\"potentialAction\":[{\"@type\":\"ReadAction\",\"target\":[\"https:\\\/\\\/iwdev.se\\\/vatgas\\\/hydrogenaward\\\/\"]}]},{\"@type\":\"ImageObject\",\"inLanguage\":\"sv-SE\",\"@id\":\"https:\\\/\\\/iwdev.se\\\/vatgas\\\/hydrogenaward\\\/#primaryimage\",\"url\":\"https:\\\/\\\/iwdev.se\\\/vatgas\\\/wp-content\\\/uploads\\\/2024\\\/11\\\/Hydrogen-Award-lets-think.png\",\"contentUrl\":\"https:\\\/\\\/iwdev.se\\\/vatgas\\\/wp-content\\\/uploads\\\/2024\\\/11\\\/Hydrogen-Award-lets-think.png\",\"width\":1200,\"height\":600},{\"@type\":\"BreadcrumbList\",\"@id\":\"https:\\\/\\\/iwdev.se\\\/vatgas\\\/hydrogenaward\\\/#breadcrumb\",\"itemListElement\":[{\"@type\":\"ListItem\",\"position\":1,\"name\":\"Home\",\"item\":\"https:\\\/\\\/iwdev.se\\\/vatgas\\\/\"},{\"@type\":\"ListItem\",\"position\":2,\"name\":\"Nominering Hydrogen Award 2025\"}]},{\"@type\":\"WebSite\",\"@id\":\"https:\\\/\\\/iwdev.se\\\/vatgas\\\/#website\",\"url\":\"https:\\\/\\\/iwdev.se\\\/vatgas\\\/\",\"name\":\"V\u00e4tgas Sverige\",\"description\":\"En ledande plattform f\u00f6r omst\u00e4llningen till fossilfrihet\",\"publisher\":{\"@id\":\"https:\\\/\\\/iwdev.se\\\/vatgas\\\/#organization\"},\"potentialAction\":[{\"@type\":\"SearchAction\",\"target\":{\"@type\":\"EntryPoint\",\"urlTemplate\":\"https:\\\/\\\/iwdev.se\\\/vatgas\\\/?s={search_term_string}\"},\"query-input\":{\"@type\":\"PropertyValueSpecification\",\"valueRequired\":true,\"valueName\":\"search_term_string\"}}],\"inLanguage\":\"sv-SE\"},{\"@type\":\"Organization\",\"@id\":\"https:\\\/\\\/iwdev.se\\\/vatgas\\\/#organization\",\"name\":\"V\u00e4tgas Sverige\",\"url\":\"https:\\\/\\\/iwdev.se\\\/vatgas\\\/\",\"logo\":{\"@type\":\"ImageObject\",\"inLanguage\":\"sv-SE\",\"@id\":\"https:\\\/\\\/iwdev.se\\\/vatgas\\\/#\\\/schema\\\/logo\\\/image\\\/\",\"url\":\"https:\\\/\\\/iwdev.se\\\/vatgas\\\/wp-content\\\/uploads\\\/2022\\\/06\\\/LOGO.png\",\"contentUrl\":\"https:\\\/\\\/iwdev.se\\\/vatgas\\\/wp-content\\\/uploads\\\/2022\\\/06\\\/LOGO.png\",\"width\":240,\"height\":147,\"caption\":\"V\u00e4tgas Sverige\"},\"image\":{\"@id\":\"https:\\\/\\\/iwdev.se\\\/vatgas\\\/#\\\/schema\\\/logo\\\/image\\\/\"}}]}<\/script>\n<!-- \/ Yoast SEO Premium plugin. -->","yoast_head_json":{"title":"Nominering Hydrogen Award 2025 - V\u00e4tgas Sverige","description":"Nominering Hydrogen Award 2025","robots":{"index":"noindex","follow":"follow","max-snippet":"max-snippet:-1","max-image-preview":"max-image-preview:large","max-video-preview":"max-video-preview:-1"},"og_locale":"sv_SE","og_type":"article","og_title":"Nominering Hydrogen Award 2025","og_description":"Nominering Hydrogen Award 2025","og_url":"https:\/\/iwdev.se\/vatgas\/hydrogenaward\/","og_site_name":"V\u00e4tgas Sverige","article_modified_time":"2025-10-13T06:52:04+00:00","og_image":[{"width":1200,"height":600,"url":"https:\/\/iwdev.se\/vatgas\/wp-content\/uploads\/2024\/11\/Hydrogen-Award-lets-think.png","type":"image\/png"}],"twitter_card":"summary_large_image","twitter_misc":{"Ber\u00e4knad l\u00e4stid":"2 minuter"},"schema":{"@context":"https:\/\/schema.org","@graph":[{"@type":"WebPage","@id":"https:\/\/iwdev.se\/vatgas\/hydrogenaward\/","url":"https:\/\/iwdev.se\/vatgas\/hydrogenaward\/","name":"Nominering Hydrogen Award 2025 - V\u00e4tgas Sverige","isPartOf":{"@id":"https:\/\/iwdev.se\/vatgas\/#website"},"primaryImageOfPage":{"@id":"https:\/\/iwdev.se\/vatgas\/hydrogenaward\/#primaryimage"},"image":{"@id":"https:\/\/iwdev.se\/vatgas\/hydrogenaward\/#primaryimage"},"thumbnailUrl":"https:\/\/iwdev.se\/vatgas\/wp-content\/uploads\/2024\/11\/Hydrogen-Award-lets-think-1024x512.png","datePublished":"2025-09-17T17:23:14+00:00","dateModified":"2025-10-13T06:52:04+00:00","description":"Nominering Hydrogen Award 2025","breadcrumb":{"@id":"https:\/\/iwdev.se\/vatgas\/hydrogenaward\/#breadcrumb"},"inLanguage":"sv-SE","potentialAction":[{"@type":"ReadAction","target":["https:\/\/iwdev.se\/vatgas\/hydrogenaward\/"]}]},{"@type":"ImageObject","inLanguage":"sv-SE","@id":"https:\/\/iwdev.se\/vatgas\/hydrogenaward\/#primaryimage","url":"https:\/\/iwdev.se\/vatgas\/wp-content\/uploads\/2024\/11\/Hydrogen-Award-lets-think.png","contentUrl":"https:\/\/iwdev.se\/vatgas\/wp-content\/uploads\/2024\/11\/Hydrogen-Award-lets-think.png","width":1200,"height":600},{"@type":"BreadcrumbList","@id":"https:\/\/iwdev.se\/vatgas\/hydrogenaward\/#breadcrumb","itemListElement":[{"@type":"ListItem","position":1,"name":"Home","item":"https:\/\/iwdev.se\/vatgas\/"},{"@type":"ListItem","position":2,"name":"Nominering Hydrogen Award 2025"}]},{"@type":"WebSite","@id":"https:\/\/iwdev.se\/vatgas\/#website","url":"https:\/\/iwdev.se\/vatgas\/","name":"V\u00e4tgas Sverige","description":"En ledande plattform f\u00f6r omst\u00e4llningen till fossilfrihet","publisher":{"@id":"https:\/\/iwdev.se\/vatgas\/#organization"},"potentialAction":[{"@type":"SearchAction","target":{"@type":"EntryPoint","urlTemplate":"https:\/\/iwdev.se\/vatgas\/?s={search_term_string}"},"query-input":{"@type":"PropertyValueSpecification","valueRequired":true,"valueName":"search_term_string"}}],"inLanguage":"sv-SE"},{"@type":"Organization","@id":"https:\/\/iwdev.se\/vatgas\/#organization","name":"V\u00e4tgas Sverige","url":"https:\/\/iwdev.se\/vatgas\/","logo":{"@type":"ImageObject","inLanguage":"sv-SE","@id":"https:\/\/iwdev.se\/vatgas\/#\/schema\/logo\/image\/","url":"https:\/\/iwdev.se\/vatgas\/wp-content\/uploads\/2022\/06\/LOGO.png","contentUrl":"https:\/\/iwdev.se\/vatgas\/wp-content\/uploads\/2022\/06\/LOGO.png","width":240,"height":147,"caption":"V\u00e4tgas Sverige"},"image":{"@id":"https:\/\/iwdev.se\/vatgas\/#\/schema\/logo\/image\/"}}]}},"_links":{"self":[{"href":"https:\/\/iwdev.se\/vatgas\/wp-json\/wp\/v2\/pages\/21622","targetHints":{"allow":["GET"]}}],"collection":[{"href":"https:\/\/iwdev.se\/vatgas\/wp-json\/wp\/v2\/pages"}],"about":[{"href":"https:\/\/iwdev.se\/vatgas\/wp-json\/wp\/v2\/types\/page"}],"author":[{"embeddable":true,"href":"https:\/\/iwdev.se\/vatgas\/wp-json\/wp\/v2\/users\/3"}],"replies":[{"embeddable":true,"href":"https:\/\/iwdev.se\/vatgas\/wp-json\/wp\/v2\/comments?post=21622"}],"version-history":[{"count":15,"href":"https:\/\/iwdev.se\/vatgas\/wp-json\/wp\/v2\/pages\/21622\/revisions"}],"predecessor-version":[{"id":23645,"href":"https:\/\/iwdev.se\/vatgas\/wp-json\/wp\/v2\/pages\/21622\/revisions\/23645"}],"wp:attachment":[{"href":"https:\/\/iwdev.se\/vatgas\/wp-json\/wp\/v2\/media?parent=21622"}],"curies":[{"name":"wp","href":"https:\/\/api.w.org\/{rel}","templated":true}]}}