{"id":21653,"date":"2024-11-19T16:23:16","date_gmt":"2024-11-19T16:23:16","guid":{"rendered":"https:\/\/vatgas.hemsida.eu\/?page_id=21653"},"modified":"2025-09-04T11:15:52","modified_gmt":"2025-09-04T11:15:52","slug":"styrelselista-kvinnor-inom-vatgas","status":"publish","type":"page","link":"https:\/\/iwdev.se\/vatgas\/styrelselista-kvinnor-inom-vatgas\/","title":{"rendered":"Styrelselista &#8211; kvinnor inom v\u00e4tgas"},"content":{"rendered":"<div class=\"wp-block-image is-style-default\">\n<figure class=\"alignleft size-large\"><img loading=\"lazy\" decoding=\"async\" width=\"1024\" height=\"700\" src=\"https:\/\/iwdev.se\/vatgas\/wp-content\/uploads\/2024\/11\/woman-9187743_1920-1-1024x700.jpg\" alt=\"\" class=\"wp-image-21666\" style=\"aspect-ratio:16\/9;object-fit:cover\" srcset=\"https:\/\/iwdev.se\/vatgas\/wp-content\/uploads\/2024\/11\/woman-9187743_1920-1-1024x700.jpg 1024w, https:\/\/iwdev.se\/vatgas\/wp-content\/uploads\/2024\/11\/woman-9187743_1920-1-300x205.jpg 300w, https:\/\/iwdev.se\/vatgas\/wp-content\/uploads\/2024\/11\/woman-9187743_1920-1-768x525.jpg 768w, https:\/\/iwdev.se\/vatgas\/wp-content\/uploads\/2024\/11\/woman-9187743_1920-1-1536x1050.jpg 1536w, https:\/\/iwdev.se\/vatgas\/wp-content\/uploads\/2024\/11\/woman-9187743_1920-1-530x362.jpg 530w, https:\/\/iwdev.se\/vatgas\/wp-content\/uploads\/2024\/11\/woman-9187743_1920-1.jpg 1920w\" sizes=\"auto, (max-width: 1024px) 100vw, 1024px\" \/><\/figure>\n<\/div>\n\n\n<h2 class=\"wp-block-heading\" id=\"h-intresserad-av-att-bli-styrelse-eller-valberedningsledamot\">Intresserad av att bli styrelse- eller valberedningsledamot?<\/h2>\n\n\n\n<h4 class=\"wp-block-heading\" id=\"h-registrera-dig-pa-var-styrelselista-och-bli-en-del-av-forandringen\"><strong>Registrera dig p\u00e5 v\u00e5r styrelselista och bli en del av f\u00f6r\u00e4ndringen!<\/strong><\/h4>\n\n\n\n<p>J\u00e4mst\u00e4lld representation i styrelser \u00e4r en avg\u00f6rande faktor f\u00f6r att skapa starkare, mer innovativa och h\u00e5llbara f\u00f6retag. Den h\u00e4r listan \u00e4r till f\u00f6r kvinnor och icke-bin\u00e4ra som vill ta plats i styrelser eller valberedningar inom v\u00e4tgasindustrin i Sverige. Det \u00e4r en m\u00f6jlighet att inte bara p\u00e5verka, utan ocks\u00e5 skapa ett mer inkluderande och framg\u00e5ngsrikt n\u00e4ringsliv.<\/p>\n\n\n\n<p>Listan \u00e4r ett initiativ av V\u00e4tgas Sverige i samarbete med <a href=\"https:\/\/women-in-green-hydrogen.net\/\">Women in Green Hydrogen<\/a>-Sweden och med st\u00f6d fr\u00e5n <a href=\"https:\/\/jamstalldhetsmyndigheten.se\/\">J\u00e4mst\u00e4lldhetsmyndigheten.<\/a><\/p>\n\n\n\n<h4 class=\"wp-block-heading\" id=\"h-ar-ditt-foretag-intresserat-av-att-ta-del-av-var-styrelselista\">\u00c4r ditt f\u00f6retag intresserat av att ta del av v\u00e5r styrelselista? <\/h4>\n\n\n\n<p>Kontakta oss p\u00e5 <a>info@vatgas.se<\/a> f\u00f6r mer information.<\/p>\n\n\n\n<figure class=\"wp-block-image size-medium\"><a href=\"https:\/\/women-in-green-hydrogen.net\/\" target=\"_blank\" rel=\"noreferrer noopener\"><img loading=\"lazy\" decoding=\"async\" width=\"300\" height=\"138\" src=\"https:\/\/iwdev.se\/vatgas\/wp-content\/uploads\/2024\/12\/WiGHLogoIcon3-300x138.jpg\" alt=\"\" class=\"wp-image-21793\" srcset=\"https:\/\/iwdev.se\/vatgas\/wp-content\/uploads\/2024\/12\/WiGHLogoIcon3-300x138.jpg 300w, https:\/\/iwdev.se\/vatgas\/wp-content\/uploads\/2024\/12\/WiGHLogoIcon3.jpg 497w\" sizes=\"auto, (max-width: 300px) 100vw, 300px\" \/><\/a><\/figure>\n\n\n\n<h2 class=\"wp-block-heading\" id=\"h-registrera-dig-idag-och-bidra-till-en-fossilfri-och-mer-jamstalld-framtid\">Registrera dig idag och bidra till en fossilfri och mer j\u00e4mst\u00e4lld framtid!<\/h2>\n\n\n\n<div class=\"responsive-embed widescreen\"><iframe loading=\"lazy\" width=\"640px\" height=\"480px\" src=\"https:\/\/forms.office.com\/Pages\/ResponsePage.aspx?id=AIZAd28LXEeJbGTG535XbAOo68peI-BJqc0lyDf-qBxUMUNJQzNCREVHVFQwR1ZTUFU5RktEVVdDQy4u&#038;embed=true\" frameborder=\"0\" marginwidth=\"0\" marginheight=\"0\" style=\"border: none; max-width:100%; max-height:100vh\" allowfullscreen webkitallowfullscreen mozallowfullscreen msallowfullscreen> <\/iframe><\/div>\n\n\n\n<h3 class=\"wp-block-heading\" id=\"h-personuppgifter-gdpr\">Personuppgifter \u2013 GDPR<\/h3>\n\n\n\n<p>Genom att skicka in formul\u00e4ret godk\u00e4nner du att V\u00e4tgas Sverige delar dina personuppgifter med de f\u00f6retag eller organisationer som ska rekrytera till en styrelsepost. Detta f\u00f6retag eller organisation ansvarar f\u00f6r vidare kontakt med dig i rekryteringsprocessen. <\/p>\n\n\n\n<p><strong>Svensk bolagsstyrning<\/strong><\/p>\n\n\n\n<p>L\u00e4s mer p\u00e5 Kollegiet f\u00f6r svensk bolagsstyrning: <a href=\"https:\/\/bolagsstyrning.se\/\" target=\"_blank\" rel=\"noreferrer noopener\">https:\/\/bolagsstyrning.se\/current-code.<\/a> <\/p>\n\n\n\n<p><strong>Information eller \u00e4ndring av dina uppgifter<\/strong><\/p>\n\n\n\n<p>Listan \u00e4r ett samarbete mellan V\u00e4tgas Sverige och Women in Green Hydrogen.<\/p>\n\n\n\n<p>Om du vill veta vilka uppgifter som finns registrerat om dig eller om du vill ta bort dig fr\u00e5n listan, kontakta V\u00e4tgas Sverige <a href=\"mailto:info@vatgas.se\" target=\"_blank\" rel=\"noreferrer noopener\">info@vatgas.se<\/a><\/p>\n\n\n\n<p><\/p>\n","protected":false},"excerpt":{"rendered":"<p>Intresserad av att bli styrelse- eller valberedningsledamot? Registrera dig p\u00e5 v\u00e5r styrelselista och bli en del av f\u00f6r\u00e4ndringen! J\u00e4mst\u00e4lld representation i styrelser \u00e4r en avg\u00f6rande faktor f\u00f6r att skapa starkare, mer innovativa och h\u00e5llbara f\u00f6retag. Den h\u00e4r listan \u00e4r till f\u00f6r kvinnor och icke-bin\u00e4ra som vill ta plats i styrelser eller valberedningar inom v\u00e4tgasindustrin i <a class=\"moretag\" href=\"https:\/\/iwdev.se\/vatgas\/styrelselista-kvinnor-inom-vatgas\/\">[&#8230;]<\/a><\/p>\n","protected":false},"author":344,"featured_media":21662,"parent":0,"menu_order":0,"comment_status":"closed","ping_status":"closed","template":"","meta":{"_acf_changed":false,"footnotes":""},"class_list":["post-21653","page","type-page","status-publish","has-post-thumbnail","hentry"],"acf":[],"yoast_head":"<!-- This site is optimized with the Yoast SEO Premium plugin v26.4 (Yoast SEO v27.4) - https:\/\/yoast.com\/product\/yoast-seo-premium-wordpress\/ -->\n<title>Styrelselista - kvinnor inom v\u00e4tgas - V\u00e4tgas Sverige<\/title>\n<meta name=\"robots\" content=\"noindex, follow, max-snippet:-1, max-image-preview:large, max-video-preview:-1\" \/>\n<meta property=\"og:locale\" content=\"sv_SE\" \/>\n<meta property=\"og:type\" content=\"article\" \/>\n<meta property=\"og:title\" content=\"Styrelselista - kvinnor inom v\u00e4tgas\" \/>\n<meta property=\"og:description\" content=\"Intresserad av att bli styrelse- eller valberedningsledamot? Registrera dig p\u00e5 v\u00e5r styrelselista och bli en del av f\u00f6r\u00e4ndringen! J\u00e4mst\u00e4lld representation i styrelser \u00e4r en avg\u00f6rande faktor f\u00f6r att skapa starkare, mer innovativa och h\u00e5llbara f\u00f6retag. Den h\u00e4r listan \u00e4r till f\u00f6r kvinnor och icke-bin\u00e4ra som vill ta plats i styrelser eller valberedningar inom v\u00e4tgasindustrin i [...]\" \/>\n<meta property=\"og:url\" content=\"https:\/\/iwdev.se\/vatgas\/styrelselista-kvinnor-inom-vatgas\/\" \/>\n<meta property=\"og:site_name\" content=\"V\u00e4tgas Sverige\" \/>\n<meta property=\"article:modified_time\" content=\"2025-09-04T11:15:52+00:00\" \/>\n<meta property=\"og:image\" content=\"https:\/\/iwdev.se\/vatgas\/wp-content\/uploads\/2024\/11\/woman-9187743_1920.jpg\" \/>\n\t<meta property=\"og:image:width\" content=\"1920\" \/>\n\t<meta property=\"og:image:height\" content=\"1313\" \/>\n\t<meta property=\"og:image:type\" content=\"image\/jpeg\" \/>\n<meta name=\"twitter:card\" content=\"summary_large_image\" \/>\n<meta name=\"twitter:label1\" content=\"Ber\u00e4knad l\u00e4stid\" \/>\n\t<meta name=\"twitter:data1\" content=\"2 minuter\" \/>\n<script type=\"application\/ld+json\" class=\"yoast-schema-graph\">{\"@context\":\"https:\\\/\\\/schema.org\",\"@graph\":[{\"@type\":\"WebPage\",\"@id\":\"https:\\\/\\\/iwdev.se\\\/vatgas\\\/styrelselista-kvinnor-inom-vatgas\\\/\",\"url\":\"https:\\\/\\\/iwdev.se\\\/vatgas\\\/styrelselista-kvinnor-inom-vatgas\\\/\",\"name\":\"Styrelselista - kvinnor inom v\u00e4tgas - V\u00e4tgas Sverige\",\"isPartOf\":{\"@id\":\"https:\\\/\\\/iwdev.se\\\/vatgas\\\/#website\"},\"primaryImageOfPage\":{\"@id\":\"https:\\\/\\\/iwdev.se\\\/vatgas\\\/styrelselista-kvinnor-inom-vatgas\\\/#primaryimage\"},\"image\":{\"@id\":\"https:\\\/\\\/iwdev.se\\\/vatgas\\\/styrelselista-kvinnor-inom-vatgas\\\/#primaryimage\"},\"thumbnailUrl\":\"https:\\\/\\\/iwdev.se\\\/vatgas\\\/wp-content\\\/uploads\\\/2024\\\/11\\\/woman-9187743_1920.jpg\",\"datePublished\":\"2024-11-19T16:23:16+00:00\",\"dateModified\":\"2025-09-04T11:15:52+00:00\",\"breadcrumb\":{\"@id\":\"https:\\\/\\\/iwdev.se\\\/vatgas\\\/styrelselista-kvinnor-inom-vatgas\\\/#breadcrumb\"},\"inLanguage\":\"sv-SE\",\"potentialAction\":[{\"@type\":\"ReadAction\",\"target\":[\"https:\\\/\\\/iwdev.se\\\/vatgas\\\/styrelselista-kvinnor-inom-vatgas\\\/\"]}]},{\"@type\":\"ImageObject\",\"inLanguage\":\"sv-SE\",\"@id\":\"https:\\\/\\\/iwdev.se\\\/vatgas\\\/styrelselista-kvinnor-inom-vatgas\\\/#primaryimage\",\"url\":\"https:\\\/\\\/iwdev.se\\\/vatgas\\\/wp-content\\\/uploads\\\/2024\\\/11\\\/woman-9187743_1920.jpg\",\"contentUrl\":\"https:\\\/\\\/iwdev.se\\\/vatgas\\\/wp-content\\\/uploads\\\/2024\\\/11\\\/woman-9187743_1920.jpg\",\"width\":1920,\"height\":1313},{\"@type\":\"BreadcrumbList\",\"@id\":\"https:\\\/\\\/iwdev.se\\\/vatgas\\\/styrelselista-kvinnor-inom-vatgas\\\/#breadcrumb\",\"itemListElement\":[{\"@type\":\"ListItem\",\"position\":1,\"name\":\"Home\",\"item\":\"https:\\\/\\\/iwdev.se\\\/vatgas\\\/\"},{\"@type\":\"ListItem\",\"position\":2,\"name\":\"Styrelselista &#8211; kvinnor inom v\u00e4tgas\"}]},{\"@type\":\"WebSite\",\"@id\":\"https:\\\/\\\/iwdev.se\\\/vatgas\\\/#website\",\"url\":\"https:\\\/\\\/iwdev.se\\\/vatgas\\\/\",\"name\":\"V\u00e4tgas Sverige\",\"description\":\"En ledande plattform f\u00f6r omst\u00e4llningen till fossilfrihet\",\"publisher\":{\"@id\":\"https:\\\/\\\/iwdev.se\\\/vatgas\\\/#organization\"},\"potentialAction\":[{\"@type\":\"SearchAction\",\"target\":{\"@type\":\"EntryPoint\",\"urlTemplate\":\"https:\\\/\\\/iwdev.se\\\/vatgas\\\/?s={search_term_string}\"},\"query-input\":{\"@type\":\"PropertyValueSpecification\",\"valueRequired\":true,\"valueName\":\"search_term_string\"}}],\"inLanguage\":\"sv-SE\"},{\"@type\":\"Organization\",\"@id\":\"https:\\\/\\\/iwdev.se\\\/vatgas\\\/#organization\",\"name\":\"V\u00e4tgas Sverige\",\"url\":\"https:\\\/\\\/iwdev.se\\\/vatgas\\\/\",\"logo\":{\"@type\":\"ImageObject\",\"inLanguage\":\"sv-SE\",\"@id\":\"https:\\\/\\\/iwdev.se\\\/vatgas\\\/#\\\/schema\\\/logo\\\/image\\\/\",\"url\":\"https:\\\/\\\/iwdev.se\\\/vatgas\\\/wp-content\\\/uploads\\\/2022\\\/06\\\/LOGO.png\",\"contentUrl\":\"https:\\\/\\\/iwdev.se\\\/vatgas\\\/wp-content\\\/uploads\\\/2022\\\/06\\\/LOGO.png\",\"width\":240,\"height\":147,\"caption\":\"V\u00e4tgas Sverige\"},\"image\":{\"@id\":\"https:\\\/\\\/iwdev.se\\\/vatgas\\\/#\\\/schema\\\/logo\\\/image\\\/\"}}]}<\/script>\n<!-- \/ Yoast SEO Premium plugin. -->","yoast_head_json":{"title":"Styrelselista - kvinnor inom v\u00e4tgas - V\u00e4tgas Sverige","robots":{"index":"noindex","follow":"follow","max-snippet":"max-snippet:-1","max-image-preview":"max-image-preview:large","max-video-preview":"max-video-preview:-1"},"og_locale":"sv_SE","og_type":"article","og_title":"Styrelselista - kvinnor inom v\u00e4tgas","og_description":"Intresserad av att bli styrelse- eller valberedningsledamot? Registrera dig p\u00e5 v\u00e5r styrelselista och bli en del av f\u00f6r\u00e4ndringen! J\u00e4mst\u00e4lld representation i styrelser \u00e4r en avg\u00f6rande faktor f\u00f6r att skapa starkare, mer innovativa och h\u00e5llbara f\u00f6retag. Den h\u00e4r listan \u00e4r till f\u00f6r kvinnor och icke-bin\u00e4ra som vill ta plats i styrelser eller valberedningar inom v\u00e4tgasindustrin i [...]","og_url":"https:\/\/iwdev.se\/vatgas\/styrelselista-kvinnor-inom-vatgas\/","og_site_name":"V\u00e4tgas Sverige","article_modified_time":"2025-09-04T11:15:52+00:00","og_image":[{"width":1920,"height":1313,"url":"https:\/\/iwdev.se\/vatgas\/wp-content\/uploads\/2024\/11\/woman-9187743_1920.jpg","type":"image\/jpeg"}],"twitter_card":"summary_large_image","twitter_misc":{"Ber\u00e4knad l\u00e4stid":"2 minuter"},"schema":{"@context":"https:\/\/schema.org","@graph":[{"@type":"WebPage","@id":"https:\/\/iwdev.se\/vatgas\/styrelselista-kvinnor-inom-vatgas\/","url":"https:\/\/iwdev.se\/vatgas\/styrelselista-kvinnor-inom-vatgas\/","name":"Styrelselista - kvinnor inom v\u00e4tgas - V\u00e4tgas Sverige","isPartOf":{"@id":"https:\/\/iwdev.se\/vatgas\/#website"},"primaryImageOfPage":{"@id":"https:\/\/iwdev.se\/vatgas\/styrelselista-kvinnor-inom-vatgas\/#primaryimage"},"image":{"@id":"https:\/\/iwdev.se\/vatgas\/styrelselista-kvinnor-inom-vatgas\/#primaryimage"},"thumbnailUrl":"https:\/\/iwdev.se\/vatgas\/wp-content\/uploads\/2024\/11\/woman-9187743_1920.jpg","datePublished":"2024-11-19T16:23:16+00:00","dateModified":"2025-09-04T11:15:52+00:00","breadcrumb":{"@id":"https:\/\/iwdev.se\/vatgas\/styrelselista-kvinnor-inom-vatgas\/#breadcrumb"},"inLanguage":"sv-SE","potentialAction":[{"@type":"ReadAction","target":["https:\/\/iwdev.se\/vatgas\/styrelselista-kvinnor-inom-vatgas\/"]}]},{"@type":"ImageObject","inLanguage":"sv-SE","@id":"https:\/\/iwdev.se\/vatgas\/styrelselista-kvinnor-inom-vatgas\/#primaryimage","url":"https:\/\/iwdev.se\/vatgas\/wp-content\/uploads\/2024\/11\/woman-9187743_1920.jpg","contentUrl":"https:\/\/iwdev.se\/vatgas\/wp-content\/uploads\/2024\/11\/woman-9187743_1920.jpg","width":1920,"height":1313},{"@type":"BreadcrumbList","@id":"https:\/\/iwdev.se\/vatgas\/styrelselista-kvinnor-inom-vatgas\/#breadcrumb","itemListElement":[{"@type":"ListItem","position":1,"name":"Home","item":"https:\/\/iwdev.se\/vatgas\/"},{"@type":"ListItem","position":2,"name":"Styrelselista &#8211; kvinnor inom v\u00e4tgas"}]},{"@type":"WebSite","@id":"https:\/\/iwdev.se\/vatgas\/#website","url":"https:\/\/iwdev.se\/vatgas\/","name":"V\u00e4tgas Sverige","description":"En ledande plattform f\u00f6r omst\u00e4llningen till fossilfrihet","publisher":{"@id":"https:\/\/iwdev.se\/vatgas\/#organization"},"potentialAction":[{"@type":"SearchAction","target":{"@type":"EntryPoint","urlTemplate":"https:\/\/iwdev.se\/vatgas\/?s={search_term_string}"},"query-input":{"@type":"PropertyValueSpecification","valueRequired":true,"valueName":"search_term_string"}}],"inLanguage":"sv-SE"},{"@type":"Organization","@id":"https:\/\/iwdev.se\/vatgas\/#organization","name":"V\u00e4tgas Sverige","url":"https:\/\/iwdev.se\/vatgas\/","logo":{"@type":"ImageObject","inLanguage":"sv-SE","@id":"https:\/\/iwdev.se\/vatgas\/#\/schema\/logo\/image\/","url":"https:\/\/iwdev.se\/vatgas\/wp-content\/uploads\/2022\/06\/LOGO.png","contentUrl":"https:\/\/iwdev.se\/vatgas\/wp-content\/uploads\/2022\/06\/LOGO.png","width":240,"height":147,"caption":"V\u00e4tgas Sverige"},"image":{"@id":"https:\/\/iwdev.se\/vatgas\/#\/schema\/logo\/image\/"}}]}},"_links":{"self":[{"href":"https:\/\/iwdev.se\/vatgas\/wp-json\/wp\/v2\/pages\/21653","targetHints":{"allow":["GET"]}}],"collection":[{"href":"https:\/\/iwdev.se\/vatgas\/wp-json\/wp\/v2\/pages"}],"about":[{"href":"https:\/\/iwdev.se\/vatgas\/wp-json\/wp\/v2\/types\/page"}],"author":[{"embeddable":true,"href":"https:\/\/iwdev.se\/vatgas\/wp-json\/wp\/v2\/users\/344"}],"replies":[{"embeddable":true,"href":"https:\/\/iwdev.se\/vatgas\/wp-json\/wp\/v2\/comments?post=21653"}],"version-history":[{"count":27,"href":"https:\/\/iwdev.se\/vatgas\/wp-json\/wp\/v2\/pages\/21653\/revisions"}],"predecessor-version":[{"id":23453,"href":"https:\/\/iwdev.se\/vatgas\/wp-json\/wp\/v2\/pages\/21653\/revisions\/23453"}],"wp:featuredmedia":[{"embeddable":true,"href":"https:\/\/iwdev.se\/vatgas\/wp-json\/wp\/v2\/media\/21662"}],"wp:attachment":[{"href":"https:\/\/iwdev.se\/vatgas\/wp-json\/wp\/v2\/media?parent=21653"}],"curies":[{"name":"wp","href":"https:\/\/api.w.org\/{rel}","templated":true}]}}