{"id":22393,"date":"2025-02-13T11:42:49","date_gmt":"2025-02-13T11:42:49","guid":{"rendered":"https:\/\/vatgas.hemsida.eu\/?page_id=22393"},"modified":"2025-11-05T09:12:45","modified_gmt":"2025-11-05T09:12:45","slug":"jamstalld_energibransch","status":"publish","type":"page","link":"https:\/\/iwdev.se\/vatgas\/jamstalld_energibransch\/","title":{"rendered":"J\u00e4mst\u00e4lld Energibransch"},"content":{"rendered":"\n<p>V\u00e4tgas Sverige driver ett j\u00e4mst\u00e4lldhetsprojekt f\u00f6r att skapa en mer inkluderande energisektor. Med st\u00f6d av J\u00e4mst\u00e4lldhetsmyndigheten har vi f\u00e5tt 1,2 miljoner kronor f\u00f6r att fr\u00e4mja j\u00e4mst\u00e4lldhet och m\u00e5ngfald i en bransch som \u00e4r avg\u00f6rande f\u00f6r <strong>framtidens gr\u00f6na energiomst\u00e4llning<\/strong>. PowerCell Group, Siemens Energy, Vattenfall AB samt Lhyfe Sweden \u00e4r samarbetspartners i projektet.<\/p>\n\n\n\n<h6 class=\"wp-block-heading\" id=\"h-det-har-initiativet-syftar-till-att\">Det h\u00e4r initiativet syftar till att:<\/h6>\n\n\n\n    <section class=\"checkpoints-section\">\n                    <div class=\"checkpoint\">\n                <svg width=\"70\" height=\"70\" viewBox=\"0 0 70 70\" fill=\"none\" xmlns=\"http:\/\/www.w3.org\/2000\/svg\">\n                    <path d=\"M37.3917 52.5C36.6214 53.4577 35.658 54.2423 34.5642 54.8028C33.4705 55.3634 32.271 55.6872 31.0437 55.7532C29.8165 55.8193 28.5891 55.626 27.4415 55.1861C26.294 54.7462 25.2519 54.0695 24.3833 53.2L14.1167 43.05C12.4522 41.4611 11.4561 39.2973 11.3315 36.9996C11.2068 34.7018 11.963 32.443 13.4458 30.6834C14.2403 29.7817 15.212 29.0534 16.3004 28.5438C17.3888 28.0342 18.5704 27.7542 19.7717 27.7214C20.973 27.6885 22.1682 27.9035 23.2828 28.3529C24.3974 28.8023 25.4074 29.4764 26.25 30.3333L29.1667 33.4833C29.2372 33.5548 29.3212 33.6115 29.4138 33.6502C29.5065 33.6889 29.6059 33.7088 29.7063 33.7088C29.8066 33.7088 29.906 33.6889 29.9987 33.6502C30.0913 33.6115 30.1753 33.5548 30.2458 33.4833L46.8125 13.0667C46.9981 13.0087 47.1532 12.8793 47.2434 12.707C47.3337 12.5347 47.3518 12.3336 47.2938 12.1479C47.2357 11.9623 47.1063 11.8073 46.934 11.717C46.7617 11.6268 46.5606 11.6087 46.375 11.6667H4.4625C3.88065 11.655 3.30232 11.7596 2.76138 11.9743C2.22044 12.1889 1.72776 12.5093 1.31219 12.9167C0.896618 13.3242 0.566511 13.8104 0.341195 14.347C0.115879 14.8836 -0.000116318 15.4597 8.75263e-08 16.0417V65.625C-0.000116318 66.207 0.115879 66.7831 0.341195 67.3197C0.566511 67.8563 0.896618 68.3425 1.31219 68.75C1.72776 69.1574 2.22044 69.4778 2.76138 69.6924C3.30232 69.9071 3.88065 70.0117 4.4625 70H54.0458C55.1909 69.9771 56.2814 69.5061 57.083 68.6881C57.8847 67.8701 58.3336 66.7703 58.3333 65.625V28.5542C58.3319 28.4057 58.2851 28.2613 58.1994 28.1401C58.1136 28.0189 57.9929 27.9268 57.8534 27.8761C57.7139 27.8254 57.5622 27.8184 57.4186 27.8562C57.2751 27.894 57.1465 27.9747 57.05 28.0875L37.3917 52.5Z\" fill=\"white\"\/>\n                    <path d=\"M68.2791 0.962499C67.8311 0.602153 67.3165 0.333645 66.7646 0.172326C66.2128 0.0110076 65.6345 -0.0399575 65.063 0.0223449C64.4914 0.0846473 63.9378 0.258995 63.4336 0.53542C62.9295 0.811846 62.4848 1.18493 62.125 1.63333L30.2166 40.6L23.0416 33.425C22.6411 32.9952 22.1581 32.6504 21.6214 32.4113C21.0848 32.1722 20.5054 32.0436 19.918 32.0332C19.3306 32.0229 18.7471 32.1309 18.2023 32.351C17.6575 32.571 17.1627 32.8985 16.7472 33.3139C16.3318 33.7294 16.0043 34.2243 15.7842 34.769C15.5642 35.3138 15.4561 35.8973 15.4665 36.4847C15.4769 37.0721 15.6054 37.6515 15.8446 38.1881C16.0837 38.7248 16.4284 39.2078 16.8583 39.6083L27.475 50.225C27.9136 50.6515 28.4358 50.9826 29.0087 51.1974C29.5816 51.4123 30.1927 51.5062 30.8036 51.4733C31.4146 51.4404 32.0121 51.2815 32.5586 51.0064C33.1051 50.7313 33.5888 50.3461 33.9791 49.875L68.9791 7.11667C69.6961 6.2053 70.0248 5.04792 69.8937 3.89574C69.7627 2.74356 69.1825 1.68956 68.2791 0.962499Z\" fill=\"white\"\/>\n                <\/svg>\n                <div class=\"chekpoint-content\">\n                    <p>\u00d6ka makt och inflytande f\u00f6r kvinnor i energibranschen.<\/p>\n                <\/div>\n            <\/div>\n                    <div class=\"checkpoint\">\n                <svg width=\"70\" height=\"70\" viewBox=\"0 0 70 70\" fill=\"none\" xmlns=\"http:\/\/www.w3.org\/2000\/svg\">\n                    <path d=\"M37.3917 52.5C36.6214 53.4577 35.658 54.2423 34.5642 54.8028C33.4705 55.3634 32.271 55.6872 31.0437 55.7532C29.8165 55.8193 28.5891 55.626 27.4415 55.1861C26.294 54.7462 25.2519 54.0695 24.3833 53.2L14.1167 43.05C12.4522 41.4611 11.4561 39.2973 11.3315 36.9996C11.2068 34.7018 11.963 32.443 13.4458 30.6834C14.2403 29.7817 15.212 29.0534 16.3004 28.5438C17.3888 28.0342 18.5704 27.7542 19.7717 27.7214C20.973 27.6885 22.1682 27.9035 23.2828 28.3529C24.3974 28.8023 25.4074 29.4764 26.25 30.3333L29.1667 33.4833C29.2372 33.5548 29.3212 33.6115 29.4138 33.6502C29.5065 33.6889 29.6059 33.7088 29.7063 33.7088C29.8066 33.7088 29.906 33.6889 29.9987 33.6502C30.0913 33.6115 30.1753 33.5548 30.2458 33.4833L46.8125 13.0667C46.9981 13.0087 47.1532 12.8793 47.2434 12.707C47.3337 12.5347 47.3518 12.3336 47.2938 12.1479C47.2357 11.9623 47.1063 11.8073 46.934 11.717C46.7617 11.6268 46.5606 11.6087 46.375 11.6667H4.4625C3.88065 11.655 3.30232 11.7596 2.76138 11.9743C2.22044 12.1889 1.72776 12.5093 1.31219 12.9167C0.896618 13.3242 0.566511 13.8104 0.341195 14.347C0.115879 14.8836 -0.000116318 15.4597 8.75263e-08 16.0417V65.625C-0.000116318 66.207 0.115879 66.7831 0.341195 67.3197C0.566511 67.8563 0.896618 68.3425 1.31219 68.75C1.72776 69.1574 2.22044 69.4778 2.76138 69.6924C3.30232 69.9071 3.88065 70.0117 4.4625 70H54.0458C55.1909 69.9771 56.2814 69.5061 57.083 68.6881C57.8847 67.8701 58.3336 66.7703 58.3333 65.625V28.5542C58.3319 28.4057 58.2851 28.2613 58.1994 28.1401C58.1136 28.0189 57.9929 27.9268 57.8534 27.8761C57.7139 27.8254 57.5622 27.8184 57.4186 27.8562C57.2751 27.894 57.1465 27.9747 57.05 28.0875L37.3917 52.5Z\" fill=\"white\"\/>\n                    <path d=\"M68.2791 0.962499C67.8311 0.602153 67.3165 0.333645 66.7646 0.172326C66.2128 0.0110076 65.6345 -0.0399575 65.063 0.0223449C64.4914 0.0846473 63.9378 0.258995 63.4336 0.53542C62.9295 0.811846 62.4848 1.18493 62.125 1.63333L30.2166 40.6L23.0416 33.425C22.6411 32.9952 22.1581 32.6504 21.6214 32.4113C21.0848 32.1722 20.5054 32.0436 19.918 32.0332C19.3306 32.0229 18.7471 32.1309 18.2023 32.351C17.6575 32.571 17.1627 32.8985 16.7472 33.3139C16.3318 33.7294 16.0043 34.2243 15.7842 34.769C15.5642 35.3138 15.4561 35.8973 15.4665 36.4847C15.4769 37.0721 15.6054 37.6515 15.8446 38.1881C16.0837 38.7248 16.4284 39.2078 16.8583 39.6083L27.475 50.225C27.9136 50.6515 28.4358 50.9826 29.0087 51.1974C29.5816 51.4123 30.1927 51.5062 30.8036 51.4733C31.4146 51.4404 32.0121 51.2815 32.5586 51.0064C33.1051 50.7313 33.5888 50.3461 33.9791 49.875L68.9791 7.11667C69.6961 6.2053 70.0248 5.04792 69.8937 3.89574C69.7627 2.74356 69.1825 1.68956 68.2791 0.962499Z\" fill=\"white\"\/>\n                <\/svg>\n                <div class=\"chekpoint-content\">\n                    <p>Utveckla verktyg och resurser f\u00f6r f\u00f6retag och organisationer som vill arbeta aktivt med j\u00e4mst\u00e4lldhet.<\/p>\n                <\/div>\n            <\/div>\n                    <div class=\"checkpoint\">\n                <svg width=\"70\" height=\"70\" viewBox=\"0 0 70 70\" fill=\"none\" xmlns=\"http:\/\/www.w3.org\/2000\/svg\">\n                    <path d=\"M37.3917 52.5C36.6214 53.4577 35.658 54.2423 34.5642 54.8028C33.4705 55.3634 32.271 55.6872 31.0437 55.7532C29.8165 55.8193 28.5891 55.626 27.4415 55.1861C26.294 54.7462 25.2519 54.0695 24.3833 53.2L14.1167 43.05C12.4522 41.4611 11.4561 39.2973 11.3315 36.9996C11.2068 34.7018 11.963 32.443 13.4458 30.6834C14.2403 29.7817 15.212 29.0534 16.3004 28.5438C17.3888 28.0342 18.5704 27.7542 19.7717 27.7214C20.973 27.6885 22.1682 27.9035 23.2828 28.3529C24.3974 28.8023 25.4074 29.4764 26.25 30.3333L29.1667 33.4833C29.2372 33.5548 29.3212 33.6115 29.4138 33.6502C29.5065 33.6889 29.6059 33.7088 29.7063 33.7088C29.8066 33.7088 29.906 33.6889 29.9987 33.6502C30.0913 33.6115 30.1753 33.5548 30.2458 33.4833L46.8125 13.0667C46.9981 13.0087 47.1532 12.8793 47.2434 12.707C47.3337 12.5347 47.3518 12.3336 47.2938 12.1479C47.2357 11.9623 47.1063 11.8073 46.934 11.717C46.7617 11.6268 46.5606 11.6087 46.375 11.6667H4.4625C3.88065 11.655 3.30232 11.7596 2.76138 11.9743C2.22044 12.1889 1.72776 12.5093 1.31219 12.9167C0.896618 13.3242 0.566511 13.8104 0.341195 14.347C0.115879 14.8836 -0.000116318 15.4597 8.75263e-08 16.0417V65.625C-0.000116318 66.207 0.115879 66.7831 0.341195 67.3197C0.566511 67.8563 0.896618 68.3425 1.31219 68.75C1.72776 69.1574 2.22044 69.4778 2.76138 69.6924C3.30232 69.9071 3.88065 70.0117 4.4625 70H54.0458C55.1909 69.9771 56.2814 69.5061 57.083 68.6881C57.8847 67.8701 58.3336 66.7703 58.3333 65.625V28.5542C58.3319 28.4057 58.2851 28.2613 58.1994 28.1401C58.1136 28.0189 57.9929 27.9268 57.8534 27.8761C57.7139 27.8254 57.5622 27.8184 57.4186 27.8562C57.2751 27.894 57.1465 27.9747 57.05 28.0875L37.3917 52.5Z\" fill=\"white\"\/>\n                    <path d=\"M68.2791 0.962499C67.8311 0.602153 67.3165 0.333645 66.7646 0.172326C66.2128 0.0110076 65.6345 -0.0399575 65.063 0.0223449C64.4914 0.0846473 63.9378 0.258995 63.4336 0.53542C62.9295 0.811846 62.4848 1.18493 62.125 1.63333L30.2166 40.6L23.0416 33.425C22.6411 32.9952 22.1581 32.6504 21.6214 32.4113C21.0848 32.1722 20.5054 32.0436 19.918 32.0332C19.3306 32.0229 18.7471 32.1309 18.2023 32.351C17.6575 32.571 17.1627 32.8985 16.7472 33.3139C16.3318 33.7294 16.0043 34.2243 15.7842 34.769C15.5642 35.3138 15.4561 35.8973 15.4665 36.4847C15.4769 37.0721 15.6054 37.6515 15.8446 38.1881C16.0837 38.7248 16.4284 39.2078 16.8583 39.6083L27.475 50.225C27.9136 50.6515 28.4358 50.9826 29.0087 51.1974C29.5816 51.4123 30.1927 51.5062 30.8036 51.4733C31.4146 51.4404 32.0121 51.2815 32.5586 51.0064C33.1051 50.7313 33.5888 50.3461 33.9791 49.875L68.9791 7.11667C69.6961 6.2053 70.0248 5.04792 69.8937 3.89574C69.7627 2.74356 69.1825 1.68956 68.2791 0.962499Z\" fill=\"white\"\/>\n                <\/svg>\n                <div class=\"chekpoint-content\">\n                    <p>Lyfta fram framg\u00e5ngshistorier och inspirera fler att g\u00f6ra skillnad.<\/p>\n                <\/div>\n            <\/div>\n            <\/section>\n\n\n\n\n<p><strong>Vi tror att j\u00e4mst\u00e4lldhet inte bara handlar om r\u00e4ttvisa \u2013 det \u00e4r ocks\u00e5 en strategisk f\u00f6rdel. Genom att inkludera fler perspektiv kan vi bygga en starkare, mer innovativ och h\u00e5llbar energisektor.<\/strong><\/p>\n\n\n\n<p><\/p>\n","protected":false},"excerpt":{"rendered":"<p>V\u00e4tgas Sverige driver ett j\u00e4mst\u00e4lldhetsprojekt f\u00f6r att skapa en mer inkluderande energisektor. Med st\u00f6d av J\u00e4mst\u00e4lldhetsmyndigheten har vi f\u00e5tt 1,2 miljoner kronor f\u00f6r att fr\u00e4mja j\u00e4mst\u00e4lldhet och m\u00e5ngfald i en bransch som \u00e4r avg\u00f6rande f\u00f6r framtidens gr\u00f6na energiomst\u00e4llning. PowerCell Group, Siemens Energy, Vattenfall AB samt Lhyfe Sweden \u00e4r samarbetspartners i projektet. Det h\u00e4r initiativet syftar <a class=\"moretag\" href=\"https:\/\/iwdev.se\/vatgas\/jamstalld_energibransch\/\">[&#8230;]<\/a><\/p>\n","protected":false},"author":1,"featured_media":0,"parent":0,"menu_order":0,"comment_status":"closed","ping_status":"closed","template":"templates\/template-subpage.php","meta":{"_acf_changed":false,"footnotes":""},"class_list":["post-22393","page","type-page","status-publish","hentry"],"acf":[],"yoast_head":"<!-- This site is optimized with the Yoast SEO Premium plugin v26.4 (Yoast SEO v27.4) - https:\/\/yoast.com\/product\/yoast-seo-premium-wordpress\/ -->\n<title>J\u00e4mst\u00e4lld Energibransch - V\u00e4tgas Sverige<\/title>\n<meta name=\"robots\" content=\"noindex, follow, max-snippet:-1, max-image-preview:large, max-video-preview:-1\" \/>\n<meta property=\"og:locale\" content=\"sv_SE\" \/>\n<meta property=\"og:type\" content=\"article\" \/>\n<meta property=\"og:title\" content=\"J\u00e4mst\u00e4lld Energibransch\" \/>\n<meta property=\"og:description\" content=\"V\u00e4tgas Sverige driver ett j\u00e4mst\u00e4lldhetsprojekt f\u00f6r att skapa en mer inkluderande energisektor. Med st\u00f6d av J\u00e4mst\u00e4lldhetsmyndigheten har vi f\u00e5tt 1,2 miljoner kronor f\u00f6r att fr\u00e4mja j\u00e4mst\u00e4lldhet och m\u00e5ngfald i en bransch som \u00e4r avg\u00f6rande f\u00f6r framtidens gr\u00f6na energiomst\u00e4llning. PowerCell Group, Siemens Energy, Vattenfall AB samt Lhyfe Sweden \u00e4r samarbetspartners i projektet. Det h\u00e4r initiativet syftar [...]\" \/>\n<meta property=\"og:url\" content=\"https:\/\/iwdev.se\/vatgas\/jamstalld_energibransch\/\" \/>\n<meta property=\"og:site_name\" content=\"V\u00e4tgas Sverige\" \/>\n<meta property=\"article:modified_time\" content=\"2025-11-05T09:12:45+00:00\" \/>\n<meta name=\"twitter:card\" content=\"summary_large_image\" \/>\n<meta name=\"twitter:label1\" content=\"Ber\u00e4knad l\u00e4stid\" \/>\n\t<meta name=\"twitter:data1\" content=\"1 minut\" \/>\n<script type=\"application\/ld+json\" class=\"yoast-schema-graph\">{\"@context\":\"https:\\\/\\\/schema.org\",\"@graph\":[{\"@type\":\"WebPage\",\"@id\":\"https:\\\/\\\/iwdev.se\\\/vatgas\\\/jamstalld_energibransch\\\/\",\"url\":\"https:\\\/\\\/iwdev.se\\\/vatgas\\\/jamstalld_energibransch\\\/\",\"name\":\"J\u00e4mst\u00e4lld Energibransch - V\u00e4tgas Sverige\",\"isPartOf\":{\"@id\":\"https:\\\/\\\/iwdev.se\\\/vatgas\\\/#website\"},\"datePublished\":\"2025-02-13T11:42:49+00:00\",\"dateModified\":\"2025-11-05T09:12:45+00:00\",\"breadcrumb\":{\"@id\":\"https:\\\/\\\/iwdev.se\\\/vatgas\\\/jamstalld_energibransch\\\/#breadcrumb\"},\"inLanguage\":\"sv-SE\",\"potentialAction\":[{\"@type\":\"ReadAction\",\"target\":[\"https:\\\/\\\/iwdev.se\\\/vatgas\\\/jamstalld_energibransch\\\/\"]}]},{\"@type\":\"BreadcrumbList\",\"@id\":\"https:\\\/\\\/iwdev.se\\\/vatgas\\\/jamstalld_energibransch\\\/#breadcrumb\",\"itemListElement\":[{\"@type\":\"ListItem\",\"position\":1,\"name\":\"Home\",\"item\":\"https:\\\/\\\/iwdev.se\\\/vatgas\\\/\"},{\"@type\":\"ListItem\",\"position\":2,\"name\":\"J\u00e4mst\u00e4lld Energibransch\"}]},{\"@type\":\"WebSite\",\"@id\":\"https:\\\/\\\/iwdev.se\\\/vatgas\\\/#website\",\"url\":\"https:\\\/\\\/iwdev.se\\\/vatgas\\\/\",\"name\":\"V\u00e4tgas Sverige\",\"description\":\"En ledande plattform f\u00f6r omst\u00e4llningen till fossilfrihet\",\"publisher\":{\"@id\":\"https:\\\/\\\/iwdev.se\\\/vatgas\\\/#organization\"},\"potentialAction\":[{\"@type\":\"SearchAction\",\"target\":{\"@type\":\"EntryPoint\",\"urlTemplate\":\"https:\\\/\\\/iwdev.se\\\/vatgas\\\/?s={search_term_string}\"},\"query-input\":{\"@type\":\"PropertyValueSpecification\",\"valueRequired\":true,\"valueName\":\"search_term_string\"}}],\"inLanguage\":\"sv-SE\"},{\"@type\":\"Organization\",\"@id\":\"https:\\\/\\\/iwdev.se\\\/vatgas\\\/#organization\",\"name\":\"V\u00e4tgas Sverige\",\"url\":\"https:\\\/\\\/iwdev.se\\\/vatgas\\\/\",\"logo\":{\"@type\":\"ImageObject\",\"inLanguage\":\"sv-SE\",\"@id\":\"https:\\\/\\\/iwdev.se\\\/vatgas\\\/#\\\/schema\\\/logo\\\/image\\\/\",\"url\":\"https:\\\/\\\/iwdev.se\\\/vatgas\\\/wp-content\\\/uploads\\\/2022\\\/06\\\/LOGO.png\",\"contentUrl\":\"https:\\\/\\\/iwdev.se\\\/vatgas\\\/wp-content\\\/uploads\\\/2022\\\/06\\\/LOGO.png\",\"width\":240,\"height\":147,\"caption\":\"V\u00e4tgas Sverige\"},\"image\":{\"@id\":\"https:\\\/\\\/iwdev.se\\\/vatgas\\\/#\\\/schema\\\/logo\\\/image\\\/\"}}]}<\/script>\n<!-- \/ Yoast SEO Premium plugin. -->","yoast_head_json":{"title":"J\u00e4mst\u00e4lld Energibransch - V\u00e4tgas Sverige","robots":{"index":"noindex","follow":"follow","max-snippet":"max-snippet:-1","max-image-preview":"max-image-preview:large","max-video-preview":"max-video-preview:-1"},"og_locale":"sv_SE","og_type":"article","og_title":"J\u00e4mst\u00e4lld Energibransch","og_description":"V\u00e4tgas Sverige driver ett j\u00e4mst\u00e4lldhetsprojekt f\u00f6r att skapa en mer inkluderande energisektor. Med st\u00f6d av J\u00e4mst\u00e4lldhetsmyndigheten har vi f\u00e5tt 1,2 miljoner kronor f\u00f6r att fr\u00e4mja j\u00e4mst\u00e4lldhet och m\u00e5ngfald i en bransch som \u00e4r avg\u00f6rande f\u00f6r framtidens gr\u00f6na energiomst\u00e4llning. PowerCell Group, Siemens Energy, Vattenfall AB samt Lhyfe Sweden \u00e4r samarbetspartners i projektet. Det h\u00e4r initiativet syftar [...]","og_url":"https:\/\/iwdev.se\/vatgas\/jamstalld_energibransch\/","og_site_name":"V\u00e4tgas Sverige","article_modified_time":"2025-11-05T09:12:45+00:00","twitter_card":"summary_large_image","twitter_misc":{"Ber\u00e4knad l\u00e4stid":"1 minut"},"schema":{"@context":"https:\/\/schema.org","@graph":[{"@type":"WebPage","@id":"https:\/\/iwdev.se\/vatgas\/jamstalld_energibransch\/","url":"https:\/\/iwdev.se\/vatgas\/jamstalld_energibransch\/","name":"J\u00e4mst\u00e4lld Energibransch - V\u00e4tgas Sverige","isPartOf":{"@id":"https:\/\/iwdev.se\/vatgas\/#website"},"datePublished":"2025-02-13T11:42:49+00:00","dateModified":"2025-11-05T09:12:45+00:00","breadcrumb":{"@id":"https:\/\/iwdev.se\/vatgas\/jamstalld_energibransch\/#breadcrumb"},"inLanguage":"sv-SE","potentialAction":[{"@type":"ReadAction","target":["https:\/\/iwdev.se\/vatgas\/jamstalld_energibransch\/"]}]},{"@type":"BreadcrumbList","@id":"https:\/\/iwdev.se\/vatgas\/jamstalld_energibransch\/#breadcrumb","itemListElement":[{"@type":"ListItem","position":1,"name":"Home","item":"https:\/\/iwdev.se\/vatgas\/"},{"@type":"ListItem","position":2,"name":"J\u00e4mst\u00e4lld Energibransch"}]},{"@type":"WebSite","@id":"https:\/\/iwdev.se\/vatgas\/#website","url":"https:\/\/iwdev.se\/vatgas\/","name":"V\u00e4tgas Sverige","description":"En ledande plattform f\u00f6r omst\u00e4llningen till fossilfrihet","publisher":{"@id":"https:\/\/iwdev.se\/vatgas\/#organization"},"potentialAction":[{"@type":"SearchAction","target":{"@type":"EntryPoint","urlTemplate":"https:\/\/iwdev.se\/vatgas\/?s={search_term_string}"},"query-input":{"@type":"PropertyValueSpecification","valueRequired":true,"valueName":"search_term_string"}}],"inLanguage":"sv-SE"},{"@type":"Organization","@id":"https:\/\/iwdev.se\/vatgas\/#organization","name":"V\u00e4tgas Sverige","url":"https:\/\/iwdev.se\/vatgas\/","logo":{"@type":"ImageObject","inLanguage":"sv-SE","@id":"https:\/\/iwdev.se\/vatgas\/#\/schema\/logo\/image\/","url":"https:\/\/iwdev.se\/vatgas\/wp-content\/uploads\/2022\/06\/LOGO.png","contentUrl":"https:\/\/iwdev.se\/vatgas\/wp-content\/uploads\/2022\/06\/LOGO.png","width":240,"height":147,"caption":"V\u00e4tgas Sverige"},"image":{"@id":"https:\/\/iwdev.se\/vatgas\/#\/schema\/logo\/image\/"}}]}},"_links":{"self":[{"href":"https:\/\/iwdev.se\/vatgas\/wp-json\/wp\/v2\/pages\/22393","targetHints":{"allow":["GET"]}}],"collection":[{"href":"https:\/\/iwdev.se\/vatgas\/wp-json\/wp\/v2\/pages"}],"about":[{"href":"https:\/\/iwdev.se\/vatgas\/wp-json\/wp\/v2\/types\/page"}],"author":[{"embeddable":true,"href":"https:\/\/iwdev.se\/vatgas\/wp-json\/wp\/v2\/users\/1"}],"replies":[{"embeddable":true,"href":"https:\/\/iwdev.se\/vatgas\/wp-json\/wp\/v2\/comments?post=22393"}],"version-history":[{"count":12,"href":"https:\/\/iwdev.se\/vatgas\/wp-json\/wp\/v2\/pages\/22393\/revisions"}],"predecessor-version":[{"id":23912,"href":"https:\/\/iwdev.se\/vatgas\/wp-json\/wp\/v2\/pages\/22393\/revisions\/23912"}],"wp:attachment":[{"href":"https:\/\/iwdev.se\/vatgas\/wp-json\/wp\/v2\/media?parent=22393"}],"curies":[{"name":"wp","href":"https:\/\/api.w.org\/{rel}","templated":true}]}}